{"id":32336,"date":"2022-01-27T14:20:16","date_gmt":"2022-01-27T12:20:16","guid":{"rendered":"https:\/\/ddt.lv\/lv\/product\/galda-gaisa-filtrs-360-5m2-4-pakapju-filtracija-230v-42m3-h-platinet\/"},"modified":"2026-04-27T08:41:40","modified_gmt":"2026-04-27T05:41:40","slug":"galda-gaisa-filtrs-360-5m2-4-pakapju-filtracija-230v-42m3-h-platinet","status":"publish","type":"product","link":"https:\/\/ddt.lv\/lv\/product\/galda-gaisa-filtrs-360-5m2-4-pakapju-filtracija-230v-42m3-h-platinet\/","title":{"rendered":"Galda gaisa filtrs 360\u00b0 5m2 4 pakapju filtr\u0101cija 230V 42m3\/h Platinet"},"content":{"rendered":"<p>PLATINET PURE ir kompakts gaisa att\u012br\u012bt\u0101js, kas lieliski ieder\u0113sies telp\u0101 vai neliel\u0101 biroj\u0101.<br \/>\nAtt\u012br\u012bt\u0101ja darb\u012bbas laik\u0101 gaiss tiek pak\u013cauts 4 pak\u0101pju filtr\u0101cijai, kas ietver \u0161\u0101dus elementus:<br \/>\n1. Priek\u0161filtrs.<br \/>\n2. HEPA filtrs.<br \/>\n3. Aktiv\u0113t\u0101s ogles filtrs.<br \/>\n4. Gaisa jonizators.<\/p>\n<p>PLATINET PURE att\u012br\u012bt\u0101js ir apr\u012bkots ar diviem darb\u012bbas \u0101trumiem \u2013 atkar\u012bb\u0101 no gaisa att\u012br\u012b\u0161anas \u0101truma.<br \/>\n360 gr\u0101du dizains nodro\u0161ina pietiekamu gaisa cirkul\u0101ciju, kas nodro\u0161ina efekt\u012bv\u0101ku gaisa filtr\u0113\u0161anu.<br \/>\nGaisa joniz\u0101cijas pamat\u0101 ir negat\u012bvo jonu veido\u0161an\u0101s, kuras uzdevums ir neitraliz\u0113t pozit\u012bvo jonu darb\u012bbu, kurus, cita starp\u0101, rada ar elektronisk\u0101m ier\u012bc\u0113m. Pozit\u012bvie joni piesaista putek\u013cus, bakt\u0113rijas, v\u012brusus, putek\u013cu \u0113rc\u012btes, k\u0101 ar\u012b pel\u0113juma un s\u0113n\u012b\u0161u sporas. Pateicoties gaisa joniz\u0101cijai, m\u0113s pasarg\u0101jamies no \u0161o pies\u0101r\u0146ot\u0101ju iek\u013c\u016b\u0161anas m\u016bsu \u0137ermen\u012b un nov\u0113r\u0161am putek\u013cu un \u0113r\u010du aler\u0123iju.<\/p>","protected":false},"excerpt":{"rendered":"<p>PLATINET PURE ir kompakts gaisa att\u012br\u012bt\u0101js, kas lieliski ieder\u0113sies telp\u0101 vai neliel\u0101 biroj\u0101. Att\u012br\u012bt\u0101ja darb\u012bbas laik\u0101 gaiss tiek pak\u013cauts 4 pak\u0101pju filtr\u0101cijai, kas ietver \u0161\u0101dus elementus: 1. Priek\u0161filtrs. 2. HEPA filtrs. 3. Aktiv\u0113t\u0101s ogles filtrs. 4. Gaisa jonizators. PLATINET PURE att\u012br\u012bt\u0101js ir apr\u012bkots ar diviem darb\u012bbas \u0101trumiem \u2013 atkar\u012bb\u0101 no gaisa att\u012br\u012b\u0161anas \u0101truma. 360 gr\u0101du [&hellip;]<\/p>\n","protected":false},"featured_media":32469,"comment_status":"closed","ping_status":"closed","template":"","meta":{"inline_featured_image":false},"product_cat":[1500],"product_tag":[],"yst_prominent_words":[],"class_list":{"0":"post-32336","1":"product","2":"type-product","3":"status-publish","4":"has-post-thumbnail","6":"product_cat-mitrinataji-jonizetaji","8":"first","9":"outofstock","10":"taxable","11":"shipping-taxable","12":"purchasable","13":"product-type-simple"},"jetpack_sharing_enabled":true,"_links":{"self":[{"href":"https:\/\/ddt.lv\/lv\/wp-json\/wp\/v2\/product\/32336"}],"collection":[{"href":"https:\/\/ddt.lv\/lv\/wp-json\/wp\/v2\/product"}],"about":[{"href":"https:\/\/ddt.lv\/lv\/wp-json\/wp\/v2\/types\/product"}],"replies":[{"embeddable":true,"href":"https:\/\/ddt.lv\/lv\/wp-json\/wp\/v2\/comments?post=32336"}],"wp:featuredmedia":[{"embeddable":true,"href":"https:\/\/ddt.lv\/lv\/wp-json\/wp\/v2\/media\/32469"}],"wp:attachment":[{"href":"https:\/\/ddt.lv\/lv\/wp-json\/wp\/v2\/media?parent=32336"}],"wp:term":[{"taxonomy":"product_cat","embeddable":true,"href":"https:\/\/ddt.lv\/lv\/wp-json\/wp\/v2\/product_cat?post=32336"},{"taxonomy":"product_tag","embeddable":true,"href":"https:\/\/ddt.lv\/lv\/wp-json\/wp\/v2\/product_tag?post=32336"},{"taxonomy":"yst_prominent_words","embeddable":true,"href":"https:\/\/ddt.lv\/lv\/wp-json\/wp\/v2\/yst_prominent_words?post=32336"}],"curies":[{"name":"wp","href":"https:\/\/api.w.org\/{rel}","templated":true}]}}