{"id":32335,"date":"2022-01-27T14:20:16","date_gmt":"2022-01-27T12:20:16","guid":{"rendered":"https:\/\/ddt.lv\/lv\/product\/gaisa-mitrinatajs-led-rgb-500ml-230v-30ml-h-koka-imitacija-platinet\/"},"modified":"2026-04-08T14:41:33","modified_gmt":"2026-04-08T11:41:33","slug":"gaisa-mitrinatajs-led-rgb-500ml-230v-30ml-h-koka-imitacija-platinet","status":"publish","type":"product","link":"https:\/\/ddt.lv\/lv\/product\/gaisa-mitrinatajs-led-rgb-500ml-230v-30ml-h-koka-imitacija-platinet\/","title":{"rendered":"Gaisa mitrin\u0101t\u0101js LED RGB 500ml 230V 30ml\/h koka imit\u0101cija Platinet"},"content":{"rendered":"<p>Mitrin\u0101t\u0101js un gaisa jonizators p\u0101rv\u0113r\u0161 \u016bdeni smalk\u0101 migl\u0101, kas tiek izsmidzin\u0101ta telp\u0101, veicinot m\u0101jsaimniec\u012bbas locek\u013cu lab\u0101ku pa\u0161saj\u016btu.<br \/>\nPADYM025 modelis var darboties ar\u012b k\u0101 smar\u017eu mitrin\u0101t\u0101js, pateicoties iesp\u0113jai izmantot smar\u017eu e\u013c\u013cu, k\u0101 ar\u012b smalku LED fona apgaismojumu.<br \/>\nMitrin\u0101t\u0101js un gaisa jonizators ir ide\u0101li piem\u0113rots aler\u0123ijas slimniekiem un cilv\u0113kiem, kas dz\u012bvo liel\u0101s, pies\u0101r\u0146ot\u0101s pils\u0113t\u0101s.<br \/>\nPareizam mitrumam telp\u0101 j\u0101b\u016bt no 40 l\u012bdz 60%.<br \/>\nTas ir stil\u012bgs apr\u012bkojums, kas bez pamatfunkcijas ir ar\u012b lieliska interjera dekor\u0101cija.<\/p>\n<p>Specifik\u0101cija;<br \/>\n&#8211; svars: 395 g.<br \/>\n&#8211; 30 ml\/h jauda.<br \/>\n&#8211; 500 ml tilpums.<br \/>\n&#8211; kr\u0101sains LED apgaismojums 7 kr\u0101s\u0101s.<br \/>\n&#8211; darb\u012bbas re\u017e\u012bma iestat\u012bjumi: nep\u0101rtraukts vai periodisks.<br \/>\n&#8211; lieto\u0161anai ar smar\u017eu e\u013c\u013c\u0101m un dab\u012bg\u0101m \u0113teriskaj\u0101m e\u013c\u013c\u0101m.<br \/>\n&#8211; zems ener\u0123ijas pat\u0113ri\u0146\u0161.<br \/>\n&#8211; aizsardz\u012bba pret \u016bdens tr\u016bkumu.<\/p>\n<p><\/p>","protected":false},"excerpt":{"rendered":"<p>Mitrin\u0101t\u0101js un gaisa jonizators p\u0101rv\u0113r\u0161 \u016bdeni smalk\u0101 migl\u0101, kas tiek izsmidzin\u0101ta telp\u0101, veicinot m\u0101jsaimniec\u012bbas locek\u013cu lab\u0101ku pa\u0161saj\u016btu. PADYM025 modelis var darboties ar\u012b k\u0101 smar\u017eu mitrin\u0101t\u0101js, pateicoties iesp\u0113jai izmantot smar\u017eu e\u013c\u013cu, k\u0101 ar\u012b smalku LED fona apgaismojumu. Mitrin\u0101t\u0101js un gaisa jonizators ir ide\u0101li piem\u0113rots aler\u0123ijas slimniekiem un cilv\u0113kiem, kas dz\u012bvo liel\u0101s, pies\u0101r\u0146ot\u0101s pils\u0113t\u0101s. Pareizam mitrumam telp\u0101 [&hellip;]<\/p>\n","protected":false},"featured_media":32465,"comment_status":"closed","ping_status":"closed","template":"","meta":{"inline_featured_image":false},"product_cat":[1500],"product_tag":[],"yst_prominent_words":[],"class_list":{"0":"post-32335","1":"product","2":"type-product","3":"status-publish","4":"has-post-thumbnail","6":"product_cat-mitrinataji-jonizetaji","8":"first","9":"instock","10":"taxable","11":"shipping-taxable","12":"purchasable","13":"product-type-simple"},"jetpack_sharing_enabled":true,"_links":{"self":[{"href":"https:\/\/ddt.lv\/lv\/wp-json\/wp\/v2\/product\/32335"}],"collection":[{"href":"https:\/\/ddt.lv\/lv\/wp-json\/wp\/v2\/product"}],"about":[{"href":"https:\/\/ddt.lv\/lv\/wp-json\/wp\/v2\/types\/product"}],"replies":[{"embeddable":true,"href":"https:\/\/ddt.lv\/lv\/wp-json\/wp\/v2\/comments?post=32335"}],"wp:featuredmedia":[{"embeddable":true,"href":"https:\/\/ddt.lv\/lv\/wp-json\/wp\/v2\/media\/32465"}],"wp:attachment":[{"href":"https:\/\/ddt.lv\/lv\/wp-json\/wp\/v2\/media?parent=32335"}],"wp:term":[{"taxonomy":"product_cat","embeddable":true,"href":"https:\/\/ddt.lv\/lv\/wp-json\/wp\/v2\/product_cat?post=32335"},{"taxonomy":"product_tag","embeddable":true,"href":"https:\/\/ddt.lv\/lv\/wp-json\/wp\/v2\/product_tag?post=32335"},{"taxonomy":"yst_prominent_words","embeddable":true,"href":"https:\/\/ddt.lv\/lv\/wp-json\/wp\/v2\/yst_prominent_words?post=32335"}],"curies":[{"name":"wp","href":"https:\/\/api.w.org\/{rel}","templated":true}]}}