{"id":32334,"date":"2022-01-27T14:20:15","date_gmt":"2022-01-27T12:20:15","guid":{"rendered":"https:\/\/ddt.lv\/lv\/product\/tastatura-melna-1-5m-eng-ru-usb-2-0-omega\/"},"modified":"2026-04-08T14:41:33","modified_gmt":"2026-04-08T11:41:33","slug":"tastatura-melna-1-5m-eng-ru-usb-2-0-omega","status":"publish","type":"product","link":"https:\/\/ddt.lv\/lv\/product\/tastatura-melna-1-5m-eng-ru-usb-2-0-omega\/","title":{"rendered":"Tastat\u016bra melna 1.5m ENG+ RU  USB 2.0 OMEGA"},"content":{"rendered":"<p>Klusu pogu un pl\u0101na ergonomiska dizaina USB Vada piesl\u0113guma klaviat\u016bra- Pilna pogu izk\u0101rtojuma ar ENG \/ RUS tausti\u0146iem.<\/p>","protected":false},"excerpt":{"rendered":"<p>Klusu pogu un pl\u0101na ergonomiska dizaina USB Vada piesl\u0113guma klaviat\u016bra- Pilna pogu izk\u0101rtojuma ar ENG \/ RUS tausti\u0146iem.<\/p>\n","protected":false},"featured_media":32473,"comment_status":"closed","ping_status":"closed","template":"","meta":{"inline_featured_image":false},"product_cat":[1118],"product_tag":[],"yst_prominent_words":[],"class_list":{"0":"post-32334","1":"product","2":"type-product","3":"status-publish","4":"has-post-thumbnail","6":"product_cat-datoru-piederumi","8":"first","9":"outofstock","10":"taxable","11":"shipping-taxable","12":"purchasable","13":"product-type-simple"},"jetpack_sharing_enabled":true,"_links":{"self":[{"href":"https:\/\/ddt.lv\/lv\/wp-json\/wp\/v2\/product\/32334"}],"collection":[{"href":"https:\/\/ddt.lv\/lv\/wp-json\/wp\/v2\/product"}],"about":[{"href":"https:\/\/ddt.lv\/lv\/wp-json\/wp\/v2\/types\/product"}],"replies":[{"embeddable":true,"href":"https:\/\/ddt.lv\/lv\/wp-json\/wp\/v2\/comments?post=32334"}],"wp:featuredmedia":[{"embeddable":true,"href":"https:\/\/ddt.lv\/lv\/wp-json\/wp\/v2\/media\/32473"}],"wp:attachment":[{"href":"https:\/\/ddt.lv\/lv\/wp-json\/wp\/v2\/media?parent=32334"}],"wp:term":[{"taxonomy":"product_cat","embeddable":true,"href":"https:\/\/ddt.lv\/lv\/wp-json\/wp\/v2\/product_cat?post=32334"},{"taxonomy":"product_tag","embeddable":true,"href":"https:\/\/ddt.lv\/lv\/wp-json\/wp\/v2\/product_tag?post=32334"},{"taxonomy":"yst_prominent_words","embeddable":true,"href":"https:\/\/ddt.lv\/lv\/wp-json\/wp\/v2\/yst_prominent_words?post=32334"}],"curies":[{"name":"wp","href":"https:\/\/api.w.org\/{rel}","templated":true}]}}