{"id":32333,"date":"2022-01-27T14:10:20","date_gmt":"2022-01-27T12:10:20","guid":{"rendered":"https:\/\/ddt.lv\/lv\/product\/bezvadu-tastatura-datorpele-optiska-melna-usb-2-0-omega\/"},"modified":"2026-04-08T14:41:33","modified_gmt":"2026-04-08T11:41:33","slug":"bezvadu-tastatura-datorpele-optiska-melna-usb-2-0-omega","status":"publish","type":"product","link":"https:\/\/ddt.lv\/lv\/product\/bezvadu-tastatura-datorpele-optiska-melna-usb-2-0-omega\/","title":{"rendered":"Bezvadu Tastat\u016bra+ datorpele (optisk\u0101)  melna USB 2.0 OMEGA"},"content":{"rendered":"<p>Ja j\u016bs aizraujaties ar IT un elektronika, sekojat l\u012bdzi tehnolo\u0123ij\u0101m un nepalai\u017eat gar\u0101m pat viss\u012bk\u0101k\u0101s deta\u013cas, tad p\u0113rciet Tastat\u016bra un bezvadu pele Omega OKM071BES 1200 dpi Melna . Kr\u0101sa: melna\u00b0.<br \/>\n        Bezvadu.<br \/>\n        Sp\u0101\u0146u Qwerty tastat\u016bra.<br \/>\n    Iz\u0161\u0137irtsp\u0113ja: 1200 DPI.<br \/>\n    Diapazons: 10 m.<br \/>\n    Bezvadu adapteris: USB.<br \/>\n    Darbojas ar baterij\u0101m:<br \/>\n        AA x 1.<br \/>\n        AAA x 2.<br \/>\n        Nav iek\u013cautas.<\/p>","protected":false},"excerpt":{"rendered":"<p>Ja j\u016bs aizraujaties ar IT un elektronika, sekojat l\u012bdzi tehnolo\u0123ij\u0101m un nepalai\u017eat gar\u0101m pat viss\u012bk\u0101k\u0101s deta\u013cas, tad p\u0113rciet Tastat\u016bra un bezvadu pele Omega OKM071BES 1200 dpi Melna . Kr\u0101sa: melna\u00b0. Bezvadu. Sp\u0101\u0146u Qwerty tastat\u016bra. Iz\u0161\u0137irtsp\u0113ja: 1200 DPI. Diapazons: 10 m. Bezvadu adapteris: USB. Darbojas ar baterij\u0101m: AA x 1. AAA x 2. Nav iek\u013cautas.<\/p>\n","protected":false},"featured_media":32475,"comment_status":"closed","ping_status":"closed","template":"","meta":{"inline_featured_image":false},"product_cat":[1118],"product_tag":[],"yst_prominent_words":[],"class_list":{"0":"post-32333","1":"product","2":"type-product","3":"status-publish","4":"has-post-thumbnail","6":"product_cat-datoru-piederumi","8":"first","9":"outofstock","10":"taxable","11":"shipping-taxable","12":"purchasable","13":"product-type-simple"},"jetpack_sharing_enabled":true,"_links":{"self":[{"href":"https:\/\/ddt.lv\/lv\/wp-json\/wp\/v2\/product\/32333"}],"collection":[{"href":"https:\/\/ddt.lv\/lv\/wp-json\/wp\/v2\/product"}],"about":[{"href":"https:\/\/ddt.lv\/lv\/wp-json\/wp\/v2\/types\/product"}],"replies":[{"embeddable":true,"href":"https:\/\/ddt.lv\/lv\/wp-json\/wp\/v2\/comments?post=32333"}],"wp:featuredmedia":[{"embeddable":true,"href":"https:\/\/ddt.lv\/lv\/wp-json\/wp\/v2\/media\/32475"}],"wp:attachment":[{"href":"https:\/\/ddt.lv\/lv\/wp-json\/wp\/v2\/media?parent=32333"}],"wp:term":[{"taxonomy":"product_cat","embeddable":true,"href":"https:\/\/ddt.lv\/lv\/wp-json\/wp\/v2\/product_cat?post=32333"},{"taxonomy":"product_tag","embeddable":true,"href":"https:\/\/ddt.lv\/lv\/wp-json\/wp\/v2\/product_tag?post=32333"},{"taxonomy":"yst_prominent_words","embeddable":true,"href":"https:\/\/ddt.lv\/lv\/wp-json\/wp\/v2\/yst_prominent_words?post=32333"}],"curies":[{"name":"wp","href":"https:\/\/api.w.org\/{rel}","templated":true}]}}