{"id":32332,"date":"2022-01-27T14:10:19","date_gmt":"2022-01-27T12:10:19","guid":{"rendered":"https:\/\/ddt.lv\/lv\/product\/usb-2-0-universals-karsu-lasitajs-sdhc-sdxc-microsd-omega\/"},"modified":"2026-04-06T11:01:49","modified_gmt":"2026-04-06T08:01:49","slug":"usb-2-0-universals-karsu-lasitajs-sdhc-sdxc-microsd-omega","status":"publish","type":"product","link":"https:\/\/ddt.lv\/lv\/product\/usb-2-0-universals-karsu-lasitajs-sdhc-sdxc-microsd-omega\/","title":{"rendered":"USB 2.0 Univers\u0101ls kar\u0161u las\u012bt\u0101js SDHC\/SDXC\/microSD OMEGA"},"content":{"rendered":"<p>Atmi\u0146as kar\u0161u las\u012bt\u0101js iev\u0113rojami atvieglo datu kop\u0113\u0161anu no atmi\u0146as kartes uz datoru vai person\u0101lo datoru atmi\u0146as kart\u0113. Nav nepiecie\u0161ams mekl\u0113t piem\u0113rotu kameras vai t\u0101lru\u0146a datu kabeli \u2013 vienk\u0101r\u0161i iz\u0146emiet atmi\u0146as karti no ier\u012bces un ievietojiet to atmi\u0146as kar\u0161u las\u012bt\u0101j\u0101 un pievienojiet kar\u0161u las\u012bt\u0101ju datoram.Atbalst\u012bt\u0101s atmi\u0146as kartes;<br \/>\nSD.<br \/>\nSDHC.<br \/>\nmicroSD.<br \/>\nminiSD.<br \/>\nUltra SD.<br \/>\nMultiMediaCard.<br \/>\nMMC.<br \/>\nMMC II.<br \/>\nRS MMC.<br \/>\nHS MMC.<br \/>\nMS Pro.<br \/>\nMS MG Pro.<br \/>\nMS Duo.<br \/>\nMS MG Duo.<br \/>\nMS Pro Duo.<br \/>\nMS MG Pro Duo.<br \/>\nCompact Flash.<br \/>\nminiUSB ports.<br \/>\nUSB 2.0.<br \/>\nPiem\u0113rotas oper\u0113t\u0101jsist\u0113mas;<br \/>\nWindows 2000 vai jaun\u0101ka versija.<br \/>\nMac OS 10.1 vai jaun\u0101ka versija.<br \/>\nLinux 2.4.0 vai jaun\u0101ka versija.<br \/>\nEner\u0123ijas avots<br \/>\ncaur USB portu.<\/p>\n<p><\/p>","protected":false},"excerpt":{"rendered":"<p>Atmi\u0146as kar\u0161u las\u012bt\u0101js iev\u0113rojami atvieglo datu kop\u0113\u0161anu no atmi\u0146as kartes uz datoru vai person\u0101lo datoru atmi\u0146as kart\u0113. Nav nepiecie\u0161ams mekl\u0113t piem\u0113rotu kameras vai t\u0101lru\u0146a datu kabeli \u2013 vienk\u0101r\u0161i iz\u0146emiet atmi\u0146as karti no ier\u012bces un ievietojiet to atmi\u0146as kar\u0161u las\u012bt\u0101j\u0101 un pievienojiet kar\u0161u las\u012bt\u0101ju datoram.Atbalst\u012bt\u0101s atmi\u0146as kartes; SD. SDHC. microSD. miniSD. Ultra SD. MultiMediaCard. MMC. MMC [&hellip;]<\/p>\n","protected":false},"featured_media":32477,"comment_status":"closed","ping_status":"closed","template":"","meta":{"inline_featured_image":false},"product_cat":[1431],"product_tag":[],"yst_prominent_words":[],"class_list":{"0":"post-32332","1":"product","2":"type-product","3":"status-publish","4":"has-post-thumbnail","6":"product_cat-karsu-lasitajiadapterizibatm","8":"first","9":"outofstock","10":"taxable","11":"shipping-taxable","12":"purchasable","13":"product-type-simple"},"jetpack_sharing_enabled":true,"_links":{"self":[{"href":"https:\/\/ddt.lv\/lv\/wp-json\/wp\/v2\/product\/32332"}],"collection":[{"href":"https:\/\/ddt.lv\/lv\/wp-json\/wp\/v2\/product"}],"about":[{"href":"https:\/\/ddt.lv\/lv\/wp-json\/wp\/v2\/types\/product"}],"replies":[{"embeddable":true,"href":"https:\/\/ddt.lv\/lv\/wp-json\/wp\/v2\/comments?post=32332"}],"wp:featuredmedia":[{"embeddable":true,"href":"https:\/\/ddt.lv\/lv\/wp-json\/wp\/v2\/media\/32477"}],"wp:attachment":[{"href":"https:\/\/ddt.lv\/lv\/wp-json\/wp\/v2\/media?parent=32332"}],"wp:term":[{"taxonomy":"product_cat","embeddable":true,"href":"https:\/\/ddt.lv\/lv\/wp-json\/wp\/v2\/product_cat?post=32332"},{"taxonomy":"product_tag","embeddable":true,"href":"https:\/\/ddt.lv\/lv\/wp-json\/wp\/v2\/product_tag?post=32332"},{"taxonomy":"yst_prominent_words","embeddable":true,"href":"https:\/\/ddt.lv\/lv\/wp-json\/wp\/v2\/yst_prominent_words?post=32332"}],"curies":[{"name":"wp","href":"https:\/\/api.w.org\/{rel}","templated":true}]}}