{"id":32330,"date":"2022-01-27T14:10:19","date_gmt":"2022-01-27T12:10:19","guid":{"rendered":"https:\/\/ddt.lv\/lv\/product\/tastatura-spelu-3-rez-rgb-apgais-melna-1-5m-eng-usb-2-0-varr\/"},"modified":"2026-04-08T14:41:33","modified_gmt":"2026-04-08T11:41:33","slug":"tastatura-spelu-3-rez-rgb-apgais-melna-1-5m-eng-usb-2-0-varr","status":"publish","type":"product","link":"https:\/\/ddt.lv\/lv\/product\/tastatura-spelu-3-rez-rgb-apgais-melna-1-5m-eng-usb-2-0-varr\/","title":{"rendered":"Tastat\u016bra sp\u0113\u013cu 3 re\u017e.RGB apgais melna 1.5m ENG USB 2.0 VARR"},"content":{"rendered":"<p>Vadu sp\u0113\u013cu tastat\u016bra ar RGB apgaismojumu. &#8211; 3 RGB apgaismojuma re\u017e\u012bmi.- 104 augstas kvalit\u0101tes membr\u0101nas tausti\u0146i-. pastiprin\u0101ts 2,8 m gar\u0161 USB kabelis .VARR REBEL tastat\u016bra ir izstr\u0101d\u0101ta sp\u0113l\u0113t\u0101jiem un pras\u012bgiem lietot\u0101jiem. Iztur\u012bgi un \u0113rti tausti\u0146i nodro\u0161ina komfortu visaugst\u0101kaj\u0101 l\u012bmen\u012b, un sist\u0113ma, kas nov\u0113r\u0161 to blo\u0137\u0113\u0161anu, \u013cauj izmantot jebkuru \u012bsce\u013cu kombin\u0101ciju. Tastat\u016brai ir daudzkr\u0101sains apgaismojums, kas darbojas tr\u012bs da\u017e\u0101dos re\u017e\u012bmos. Tas izskat\u0101s iespaid\u012bgi, pie\u0161\u0137ir sp\u0113l\u0113m dinamiku un, pats galvenais, \u013cauj lietot tastat\u016bru ar\u012b tums\u0101. Lietot\u0101jam ir ar\u012b iesp\u0113ja piln\u012bb\u0101 izsl\u0113gt apgaismojumu. Tastat\u016bra ir izgatavota no augstas kvalit\u0101tes plastmasas, kas ir iztur\u012bga pret slodzi .<\/p>","protected":false},"excerpt":{"rendered":"<p>Vadu sp\u0113\u013cu tastat\u016bra ar RGB apgaismojumu. &#8211; 3 RGB apgaismojuma re\u017e\u012bmi.- 104 augstas kvalit\u0101tes membr\u0101nas tausti\u0146i-. pastiprin\u0101ts 2,8 m gar\u0161 USB kabelis .VARR REBEL tastat\u016bra ir izstr\u0101d\u0101ta sp\u0113l\u0113t\u0101jiem un pras\u012bgiem lietot\u0101jiem. Iztur\u012bgi un \u0113rti tausti\u0146i nodro\u0161ina komfortu visaugst\u0101kaj\u0101 l\u012bmen\u012b, un sist\u0113ma, kas nov\u0113r\u0161 to blo\u0137\u0113\u0161anu, \u013cauj izmantot jebkuru \u012bsce\u013cu kombin\u0101ciju. Tastat\u016brai ir daudzkr\u0101sains apgaismojums, kas [&hellip;]<\/p>\n","protected":false},"featured_media":32479,"comment_status":"closed","ping_status":"closed","template":"","meta":{"inline_featured_image":false},"product_cat":[1118],"product_tag":[],"yst_prominent_words":[],"class_list":{"0":"post-32330","1":"product","2":"type-product","3":"status-publish","4":"has-post-thumbnail","6":"product_cat-datoru-piederumi","8":"first","9":"instock","10":"taxable","11":"shipping-taxable","12":"purchasable","13":"product-type-simple"},"jetpack_sharing_enabled":true,"_links":{"self":[{"href":"https:\/\/ddt.lv\/lv\/wp-json\/wp\/v2\/product\/32330"}],"collection":[{"href":"https:\/\/ddt.lv\/lv\/wp-json\/wp\/v2\/product"}],"about":[{"href":"https:\/\/ddt.lv\/lv\/wp-json\/wp\/v2\/types\/product"}],"replies":[{"embeddable":true,"href":"https:\/\/ddt.lv\/lv\/wp-json\/wp\/v2\/comments?post=32330"}],"wp:featuredmedia":[{"embeddable":true,"href":"https:\/\/ddt.lv\/lv\/wp-json\/wp\/v2\/media\/32479"}],"wp:attachment":[{"href":"https:\/\/ddt.lv\/lv\/wp-json\/wp\/v2\/media?parent=32330"}],"wp:term":[{"taxonomy":"product_cat","embeddable":true,"href":"https:\/\/ddt.lv\/lv\/wp-json\/wp\/v2\/product_cat?post=32330"},{"taxonomy":"product_tag","embeddable":true,"href":"https:\/\/ddt.lv\/lv\/wp-json\/wp\/v2\/product_tag?post=32330"},{"taxonomy":"yst_prominent_words","embeddable":true,"href":"https:\/\/ddt.lv\/lv\/wp-json\/wp\/v2\/yst_prominent_words?post=32330"}],"curies":[{"name":"wp","href":"https:\/\/api.w.org\/{rel}","templated":true}]}}