{"id":32329,"date":"2022-01-27T14:10:18","date_gmt":"2022-01-27T12:10:18","guid":{"rendered":"https:\/\/ddt.lv\/lv\/product\/datorpele-optiska-ar-vadu-1-5m-peleka-omega\/"},"modified":"2026-04-08T14:41:32","modified_gmt":"2026-04-08T11:41:32","slug":"datorpele-optiska-ar-vadu-1-5m-peleka-omega","status":"publish","type":"product","link":"https:\/\/ddt.lv\/lv\/product\/datorpele-optiska-ar-vadu-1-5m-peleka-omega\/","title":{"rendered":"Datorpele optisk\u0101 ar vadu 1.5m pel\u0113ka OMEGA"},"content":{"rendered":"<p>Papla\u0161iniet savas iesp\u0113jas ar OMEGA optisko peli. T\u0101s \u0113rtais un ergonomiskais dizains der gan maz\u0101m, gan liel\u0101k\u0101m rok\u0101m. Main\u012bga iz\u0161\u0137irtsp\u0113ja 1000\/1200 \/ 1600DPI lieliski piel\u0101gosies j\u016bsu vajadz\u012bb\u0101m. Jums nav j\u0101steidzas mekl\u0113t baterijas &#8211; pele ar USB kabeli at\u0146ems r\u016bpes par str\u0101vu. Viegla un viegli lietojama.<\/p>","protected":false},"excerpt":{"rendered":"<p>Papla\u0161iniet savas iesp\u0113jas ar OMEGA optisko peli. T\u0101s \u0113rtais un ergonomiskais dizains der gan maz\u0101m, gan liel\u0101k\u0101m rok\u0101m. Main\u012bga iz\u0161\u0137irtsp\u0113ja 1000\/1200 \/ 1600DPI lieliski piel\u0101gosies j\u016bsu vajadz\u012bb\u0101m. Jums nav j\u0101steidzas mekl\u0113t baterijas &#8211; pele ar USB kabeli at\u0146ems r\u016bpes par str\u0101vu. Viegla un viegli lietojama.<\/p>\n","protected":false},"featured_media":32488,"comment_status":"closed","ping_status":"closed","template":"","meta":{"inline_featured_image":false},"product_cat":[1118],"product_tag":[],"yst_prominent_words":[],"class_list":{"0":"post-32329","1":"product","2":"type-product","3":"status-publish","4":"has-post-thumbnail","6":"product_cat-datoru-piederumi","8":"first","9":"instock","10":"taxable","11":"shipping-taxable","12":"purchasable","13":"product-type-simple"},"jetpack_sharing_enabled":true,"_links":{"self":[{"href":"https:\/\/ddt.lv\/lv\/wp-json\/wp\/v2\/product\/32329"}],"collection":[{"href":"https:\/\/ddt.lv\/lv\/wp-json\/wp\/v2\/product"}],"about":[{"href":"https:\/\/ddt.lv\/lv\/wp-json\/wp\/v2\/types\/product"}],"replies":[{"embeddable":true,"href":"https:\/\/ddt.lv\/lv\/wp-json\/wp\/v2\/comments?post=32329"}],"wp:featuredmedia":[{"embeddable":true,"href":"https:\/\/ddt.lv\/lv\/wp-json\/wp\/v2\/media\/32488"}],"wp:attachment":[{"href":"https:\/\/ddt.lv\/lv\/wp-json\/wp\/v2\/media?parent=32329"}],"wp:term":[{"taxonomy":"product_cat","embeddable":true,"href":"https:\/\/ddt.lv\/lv\/wp-json\/wp\/v2\/product_cat?post=32329"},{"taxonomy":"product_tag","embeddable":true,"href":"https:\/\/ddt.lv\/lv\/wp-json\/wp\/v2\/product_tag?post=32329"},{"taxonomy":"yst_prominent_words","embeddable":true,"href":"https:\/\/ddt.lv\/lv\/wp-json\/wp\/v2\/yst_prominent_words?post=32329"}],"curies":[{"name":"wp","href":"https:\/\/api.w.org\/{rel}","templated":true}]}}