{"id":32328,"date":"2022-01-27T14:10:18","date_gmt":"2022-01-27T12:10:18","guid":{"rendered":"https:\/\/ddt.lv\/lv\/product\/datorpele-spelu-optiska-ar-vadu-2600dpi-melna-ar-led-varr\/"},"modified":"2026-04-08T14:27:32","modified_gmt":"2026-04-08T11:27:32","slug":"datorpele-spelu-optiska-ar-vadu-2600dpi-melna-ar-led-varr","status":"publish","type":"product","link":"https:\/\/ddt.lv\/lv\/product\/datorpele-spelu-optiska-ar-vadu-2600dpi-melna-ar-led-varr\/","title":{"rendered":"Datorpele (sp\u0113\u013cu) optisk\u0101 ar vadu 2600dpi melna ar LED VARR"},"content":{"rendered":"<p>VARR VGMLB ir jaud\u012bga optisk\u0101 pele entuziastiem. \u012apa\u0161ais peles p\u0101rkl\u0101jums nodro\u0161ina stingru satv\u0113rienu un nov\u0113r\u0161 roku sv\u012b\u0161anu pat vispras\u012bg\u0101ko sp\u0113\u013cu laik\u0101. Lietot\u0101jam ir pieejami 4 jut\u012bbas re\u017e\u012bmi \u2013 no 800 dpi l\u012bdz 2600 DPI. Peles jut\u012bbu var main\u012bt, izmantojot \u012bpa\u0161u pogu uz korpusa. 6 fizisk\u0101s pogas.<br \/>\nnodro\u0161ina v\u0113l \u0113rt\u0101ku un personaliz\u0113t\u0101ku darb\u012bbu.<br \/>\nKontur\u0113t\u0101 forma labi piel\u0101gojas rokai, padarot to \u0113rtu ar\u012b intens\u012bva darba laik\u0101. P\u0101rkl\u0101jums, kas p\u0101rkl\u0101j ier\u012bces aug\u0161da\u013cu, nodro\u0161ina dro\u0161u satv\u0113rienu un nov\u0113r\u0161 roku sv\u012b\u0161anu. Unik\u0101lais dizains lieliski sader ar citiem sp\u0113\u013cu datoru komponentiem.<br \/>\nPelei ir integr\u0113ts LED fona apgaismojums 4 kr\u0101s\u0101s. Tas ir pievilc\u012bgs vizu\u0101lais elements, kas \u013cauj piel\u0101got apr\u012bkojumu unik\u0101lajam sp\u0113l\u0113t\u0101ja istabas dizainam.<\/p>\n<p><\/p>","protected":false},"excerpt":{"rendered":"<p>VARR VGMLB ir jaud\u012bga optisk\u0101 pele entuziastiem. \u012apa\u0161ais peles p\u0101rkl\u0101jums nodro\u0161ina stingru satv\u0113rienu un nov\u0113r\u0161 roku sv\u012b\u0161anu pat vispras\u012bg\u0101ko sp\u0113\u013cu laik\u0101. Lietot\u0101jam ir pieejami 4 jut\u012bbas re\u017e\u012bmi \u2013 no 800 dpi l\u012bdz 2600 DPI. Peles jut\u012bbu var main\u012bt, izmantojot \u012bpa\u0161u pogu uz korpusa. 6 fizisk\u0101s pogas. nodro\u0161ina v\u0113l \u0113rt\u0101ku un personaliz\u0113t\u0101ku darb\u012bbu. Kontur\u0113t\u0101 forma labi [&hellip;]<\/p>\n","protected":false},"featured_media":32483,"comment_status":"closed","ping_status":"closed","template":"","meta":{"inline_featured_image":false},"product_cat":[1118],"product_tag":[],"yst_prominent_words":[],"class_list":{"0":"post-32328","1":"product","2":"type-product","3":"status-publish","4":"has-post-thumbnail","6":"product_cat-datoru-piederumi","8":"first","9":"instock","10":"taxable","11":"shipping-taxable","12":"purchasable","13":"product-type-simple"},"jetpack_sharing_enabled":true,"_links":{"self":[{"href":"https:\/\/ddt.lv\/lv\/wp-json\/wp\/v2\/product\/32328"}],"collection":[{"href":"https:\/\/ddt.lv\/lv\/wp-json\/wp\/v2\/product"}],"about":[{"href":"https:\/\/ddt.lv\/lv\/wp-json\/wp\/v2\/types\/product"}],"replies":[{"embeddable":true,"href":"https:\/\/ddt.lv\/lv\/wp-json\/wp\/v2\/comments?post=32328"}],"wp:featuredmedia":[{"embeddable":true,"href":"https:\/\/ddt.lv\/lv\/wp-json\/wp\/v2\/media\/32483"}],"wp:attachment":[{"href":"https:\/\/ddt.lv\/lv\/wp-json\/wp\/v2\/media?parent=32328"}],"wp:term":[{"taxonomy":"product_cat","embeddable":true,"href":"https:\/\/ddt.lv\/lv\/wp-json\/wp\/v2\/product_cat?post=32328"},{"taxonomy":"product_tag","embeddable":true,"href":"https:\/\/ddt.lv\/lv\/wp-json\/wp\/v2\/product_tag?post=32328"},{"taxonomy":"yst_prominent_words","embeddable":true,"href":"https:\/\/ddt.lv\/lv\/wp-json\/wp\/v2\/yst_prominent_words?post=32328"}],"curies":[{"name":"wp","href":"https:\/\/api.w.org\/{rel}","templated":true}]}}