{"id":32327,"date":"2022-01-27T14:10:18","date_gmt":"2022-01-27T12:10:18","guid":{"rendered":"https:\/\/ddt.lv\/lv\/product\/32327\/"},"modified":"2026-04-08T14:37:09","modified_gmt":"2026-04-08T11:37:09","slug":"32327","status":"publish","type":"product","link":"https:\/\/ddt.lv\/lv\/product\/pulkstenis-sienas-rainbow-sarkans-27-3cm-1xaa-platinet\/","title":{"rendered":"Pulkstenis sienas RAINBOW sarkans 27.3cm (1xAA) Platinet"},"content":{"rendered":"<p>Pulkstenis ir izgatavots no augst\u0101k\u0101s kvalit\u0101tes materi\u0101liem, pateicoties kuriem tas izskat\u0101s elegants un iztur\u012bgs, pateicoties kam tas var darboties bez k\u013c\u016bm\u0113m daudzus gadus.<\/p>\n<p>Baro\u0161anas avots: 1x AA baterija (iek\u013cauta).<br \/>\nABS materi\u0101ls.<br \/>\nDiametrs 27,3 cm.<br \/>\nNETI\u0136\u0112\u0160AN\u0100S meh\u0101nisms.<\/p>\n<p><\/p>","protected":false},"excerpt":{"rendered":"<p>Pulkstenis ir izgatavots no augst\u0101k\u0101s kvalit\u0101tes materi\u0101liem, pateicoties kuriem tas izskat\u0101s elegants un iztur\u012bgs, pateicoties kam tas var darboties bez k\u013c\u016bm\u0113m daudzus gadus. Baro\u0161anas avots: 1x AA baterija (iek\u013cauta). ABS materi\u0101ls. Diametrs 27,3 cm. NETI\u0136\u0112\u0160AN\u0100S meh\u0101nisms.<\/p>\n","protected":false},"featured_media":32487,"comment_status":"closed","ping_status":"closed","template":"","meta":{"inline_featured_image":false},"product_cat":[1426],"product_tag":[],"yst_prominent_words":[],"class_list":{"0":"post-32327","1":"product","2":"type-product","3":"status-publish","4":"has-post-thumbnail","6":"product_cat-pulksteni","8":"first","9":"outofstock","10":"taxable","11":"shipping-taxable","12":"purchasable","13":"product-type-simple"},"jetpack_sharing_enabled":true,"_links":{"self":[{"href":"https:\/\/ddt.lv\/lv\/wp-json\/wp\/v2\/product\/32327"}],"collection":[{"href":"https:\/\/ddt.lv\/lv\/wp-json\/wp\/v2\/product"}],"about":[{"href":"https:\/\/ddt.lv\/lv\/wp-json\/wp\/v2\/types\/product"}],"replies":[{"embeddable":true,"href":"https:\/\/ddt.lv\/lv\/wp-json\/wp\/v2\/comments?post=32327"}],"wp:featuredmedia":[{"embeddable":true,"href":"https:\/\/ddt.lv\/lv\/wp-json\/wp\/v2\/media\/32487"}],"wp:attachment":[{"href":"https:\/\/ddt.lv\/lv\/wp-json\/wp\/v2\/media?parent=32327"}],"wp:term":[{"taxonomy":"product_cat","embeddable":true,"href":"https:\/\/ddt.lv\/lv\/wp-json\/wp\/v2\/product_cat?post=32327"},{"taxonomy":"product_tag","embeddable":true,"href":"https:\/\/ddt.lv\/lv\/wp-json\/wp\/v2\/product_tag?post=32327"},{"taxonomy":"yst_prominent_words","embeddable":true,"href":"https:\/\/ddt.lv\/lv\/wp-json\/wp\/v2\/yst_prominent_words?post=32327"}],"curies":[{"name":"wp","href":"https:\/\/api.w.org\/{rel}","templated":true}]}}