{"id":32325,"date":"2022-01-27T14:10:17","date_gmt":"2022-01-27T12:10:17","guid":{"rendered":"https:\/\/ddt.lv\/lv\/product\/stereo-austinas-melnas-fs-platinet\/"},"modified":"2026-04-13T09:56:27","modified_gmt":"2026-04-13T06:56:27","slug":"stereo-austinas-melnas-fs-platinet","status":"publish","type":"product","link":"https:\/\/ddt.lv\/lv\/product\/stereo-austinas-melnas-fs-platinet\/","title":{"rendered":"Stereo austi\u0146as melnas FS platinet"},"content":{"rendered":"<p> Kompaktas stereo ieau\u0161u austi\u0146as.<br \/>\n    Jaud\u012bga ska\u0146a ar dzi\u013ciem basiem.<br \/>\n    3,5 mm apzelt\u012bts spraudnis.<br \/>\n    Aus\u012bs ievietojama konstrukcija.<br \/>\n    Sader\u012bgas ar vairumu ier\u012b\u010du.<br \/>\n<\/p>","protected":false},"excerpt":{"rendered":"<p>Kompaktas stereo ieau\u0161u austi\u0146as. Jaud\u012bga ska\u0146a ar dzi\u013ciem basiem. 3,5 mm apzelt\u012bts spraudnis. Aus\u012bs ievietojama konstrukcija. Sader\u012bgas ar vairumu ier\u012b\u010du.<\/p>\n","protected":false},"featured_media":32491,"comment_status":"closed","ping_status":"closed","template":"","meta":{"inline_featured_image":false},"product_cat":[762],"product_tag":[],"yst_prominent_words":[],"class_list":{"0":"post-32325","1":"product","2":"type-product","3":"status-publish","4":"has-post-thumbnail","6":"product_cat-mobilo-telefonu-aksesuari","8":"first","9":"instock","10":"taxable","11":"shipping-taxable","12":"purchasable","13":"product-type-simple"},"jetpack_sharing_enabled":true,"_links":{"self":[{"href":"https:\/\/ddt.lv\/lv\/wp-json\/wp\/v2\/product\/32325"}],"collection":[{"href":"https:\/\/ddt.lv\/lv\/wp-json\/wp\/v2\/product"}],"about":[{"href":"https:\/\/ddt.lv\/lv\/wp-json\/wp\/v2\/types\/product"}],"replies":[{"embeddable":true,"href":"https:\/\/ddt.lv\/lv\/wp-json\/wp\/v2\/comments?post=32325"}],"wp:featuredmedia":[{"embeddable":true,"href":"https:\/\/ddt.lv\/lv\/wp-json\/wp\/v2\/media\/32491"}],"wp:attachment":[{"href":"https:\/\/ddt.lv\/lv\/wp-json\/wp\/v2\/media?parent=32325"}],"wp:term":[{"taxonomy":"product_cat","embeddable":true,"href":"https:\/\/ddt.lv\/lv\/wp-json\/wp\/v2\/product_cat?post=32325"},{"taxonomy":"product_tag","embeddable":true,"href":"https:\/\/ddt.lv\/lv\/wp-json\/wp\/v2\/product_tag?post=32325"},{"taxonomy":"yst_prominent_words","embeddable":true,"href":"https:\/\/ddt.lv\/lv\/wp-json\/wp\/v2\/yst_prominent_words?post=32325"}],"curies":[{"name":"wp","href":"https:\/\/api.w.org\/{rel}","templated":true}]}}