{"id":32310,"date":"2022-01-26T12:40:28","date_gmt":"2022-01-26T10:40:28","guid":{"rendered":"https:\/\/ddt.lv\/lv\/product\/f58w-green-t8-g13-4000lm-zala-luminiscenta-spuldze-sylvania\/"},"modified":"2026-04-13T10:01:32","modified_gmt":"2026-04-13T07:01:32","slug":"f58w-green-t8-g13-4000lm-zala-luminiscenta-spuldze-sylvania","status":"publish","type":"product","link":"https:\/\/ddt.lv\/lv\/product\/f58w-green-t8-g13-4000lm-zala-luminiscenta-spuldze-sylvania\/","title":{"rendered":"F58W\/GREEN T8 G13 4000lm Za\u013ca luminiscent\u0101 spuldze Sylvania"},"content":{"rendered":"<p>F18W\/T8\/ZA\u013bA.<br \/>\nTehnolo\u0123ija Fluoresc\u0113jo\u0161a.<br \/>\nTips T8.<br \/>\nV\u0101ci\u0146\u0161\/b\u0101ze G13.<br \/>\nGaismas pl\u016bsma (lm) 4300<br \/>\nGaismas kr\u0101sa Za\u013ca.<br \/>\nJauda (W) 58.00.<br \/>\nAptum\u0161ojams J\u0101.<br \/>\nVid\u0113jais kalpo\u0161anas laiks (nomin\u0101ls) (h) 8000.<\/p>","protected":false},"excerpt":{"rendered":"<p>F18W\/T8\/ZA\u013bA. Tehnolo\u0123ija Fluoresc\u0113jo\u0161a. Tips T8. V\u0101ci\u0146\u0161\/b\u0101ze G13. Gaismas pl\u016bsma (lm) 4300 Gaismas kr\u0101sa Za\u013ca. Jauda (W) 58.00. Aptum\u0161ojams J\u0101. Vid\u0113jais kalpo\u0161anas laiks (nomin\u0101ls) (h) 8000.<\/p>\n","protected":false},"featured_media":32313,"comment_status":"closed","ping_status":"closed","template":"","meta":{"inline_featured_image":false},"product_cat":[861],"product_tag":[],"yst_prominent_words":[],"class_list":{"0":"post-32310","1":"product","2":"type-product","3":"status-publish","4":"has-post-thumbnail","6":"product_cat-t8-spuldzes-luminiscentas-spuldzes-spuldzes","8":"first","9":"instock","10":"taxable","11":"shipping-taxable","12":"purchasable","13":"product-type-simple"},"jetpack_sharing_enabled":true,"_links":{"self":[{"href":"https:\/\/ddt.lv\/lv\/wp-json\/wp\/v2\/product\/32310"}],"collection":[{"href":"https:\/\/ddt.lv\/lv\/wp-json\/wp\/v2\/product"}],"about":[{"href":"https:\/\/ddt.lv\/lv\/wp-json\/wp\/v2\/types\/product"}],"replies":[{"embeddable":true,"href":"https:\/\/ddt.lv\/lv\/wp-json\/wp\/v2\/comments?post=32310"}],"wp:featuredmedia":[{"embeddable":true,"href":"https:\/\/ddt.lv\/lv\/wp-json\/wp\/v2\/media\/32313"}],"wp:attachment":[{"href":"https:\/\/ddt.lv\/lv\/wp-json\/wp\/v2\/media?parent=32310"}],"wp:term":[{"taxonomy":"product_cat","embeddable":true,"href":"https:\/\/ddt.lv\/lv\/wp-json\/wp\/v2\/product_cat?post=32310"},{"taxonomy":"product_tag","embeddable":true,"href":"https:\/\/ddt.lv\/lv\/wp-json\/wp\/v2\/product_tag?post=32310"},{"taxonomy":"yst_prominent_words","embeddable":true,"href":"https:\/\/ddt.lv\/lv\/wp-json\/wp\/v2\/yst_prominent_words?post=32310"}],"curies":[{"name":"wp","href":"https:\/\/api.w.org\/{rel}","templated":true}]}}