{"id":32309,"date":"2022-01-26T12:40:27","date_gmt":"2022-01-26T10:40:27","guid":{"rendered":"https:\/\/ddt.lv\/lv\/product\/f36w-red-t8-g13-1250lm-sarkana-luminiscenta-spuldze-sylvania\/"},"modified":"2026-04-13T10:01:32","modified_gmt":"2026-04-13T07:01:32","slug":"f36w-red-t8-g13-1250lm-sarkana-luminiscenta-spuldze-sylvania","status":"publish","type":"product","link":"https:\/\/ddt.lv\/lv\/product\/f36w-red-t8-g13-1250lm-sarkana-luminiscenta-spuldze-sylvania\/","title":{"rendered":"F36W\/RED T8 G13 1250lm Sarkana luminiscent\u0101 spuldze Sylvania"},"content":{"rendered":"<p>F36W\/RED.<br \/>\nEnergoefektivit\u0101tes klase G.<br \/>\nVid\u0113jais kalpo\u0161anas laiks (h) 8000.<br \/>\nJauda 36W.<br \/>\nAptum\u0161ojams J\u0101, tikai ar regul\u0113jamu balastu.<br \/>\nV\u0101ci\u0146\u0161 \/ Pamatne G13.<br \/>\nGaismas jauda (l\u016bmeni) 1250lm.<br \/>\nStara le\u0146\u0137is (gr\u0101di) 360.<br \/>\nNepiecie\u0161ams balasts J\u0101.<br \/>\nGarums 120cm.<\/p>","protected":false},"excerpt":{"rendered":"<p>F36W\/RED. Energoefektivit\u0101tes klase G. Vid\u0113jais kalpo\u0161anas laiks (h) 8000. Jauda 36W. Aptum\u0161ojams J\u0101, tikai ar regul\u0113jamu balastu. V\u0101ci\u0146\u0161 \/ Pamatne G13. Gaismas jauda (l\u016bmeni) 1250lm. Stara le\u0146\u0137is (gr\u0101di) 360. Nepiecie\u0161ams balasts J\u0101. Garums 120cm.<\/p>\n","protected":false},"featured_media":32312,"comment_status":"closed","ping_status":"closed","template":"","meta":{"inline_featured_image":false},"product_cat":[861],"product_tag":[],"yst_prominent_words":[],"class_list":{"0":"post-32309","1":"product","2":"type-product","3":"status-publish","4":"has-post-thumbnail","6":"product_cat-t8-spuldzes-luminiscentas-spuldzes-spuldzes","8":"first","9":"outofstock","10":"taxable","11":"shipping-taxable","12":"purchasable","13":"product-type-simple"},"jetpack_sharing_enabled":true,"_links":{"self":[{"href":"https:\/\/ddt.lv\/lv\/wp-json\/wp\/v2\/product\/32309"}],"collection":[{"href":"https:\/\/ddt.lv\/lv\/wp-json\/wp\/v2\/product"}],"about":[{"href":"https:\/\/ddt.lv\/lv\/wp-json\/wp\/v2\/types\/product"}],"replies":[{"embeddable":true,"href":"https:\/\/ddt.lv\/lv\/wp-json\/wp\/v2\/comments?post=32309"}],"wp:featuredmedia":[{"embeddable":true,"href":"https:\/\/ddt.lv\/lv\/wp-json\/wp\/v2\/media\/32312"}],"wp:attachment":[{"href":"https:\/\/ddt.lv\/lv\/wp-json\/wp\/v2\/media?parent=32309"}],"wp:term":[{"taxonomy":"product_cat","embeddable":true,"href":"https:\/\/ddt.lv\/lv\/wp-json\/wp\/v2\/product_cat?post=32309"},{"taxonomy":"product_tag","embeddable":true,"href":"https:\/\/ddt.lv\/lv\/wp-json\/wp\/v2\/product_tag?post=32309"},{"taxonomy":"yst_prominent_words","embeddable":true,"href":"https:\/\/ddt.lv\/lv\/wp-json\/wp\/v2\/yst_prominent_words?post=32309"}],"curies":[{"name":"wp","href":"https:\/\/api.w.org\/{rel}","templated":true}]}}