{"id":32308,"date":"2022-01-26T12:40:27","date_gmt":"2022-01-26T10:40:27","guid":{"rendered":"https:\/\/ddt.lv\/lv\/product\/f36w-pink-t8-g13-1250lm-roza-luminiscenta-spuldze-sylvania\/"},"modified":"2026-04-08T14:41:23","modified_gmt":"2026-04-08T11:41:23","slug":"f36w-pink-t8-g13-1250lm-roza-luminiscenta-spuldze-sylvania","status":"publish","type":"product","link":"https:\/\/ddt.lv\/lv\/product\/f36w-pink-t8-g13-1250lm-roza-luminiscenta-spuldze-sylvania\/","title":{"rendered":"F36W\/PINK T8 G13 1250lm Roz\u0101 luminiscent\u0101 spuldze Sylvania"},"content":{"rendered":"<p>F36W\/T8\/ROZA.<br \/>\nTehnolo\u0123ija Fluoresc\u0113jo\u0161a.<br \/>\nLampas forma Cauru\u013cveida forma.<br \/>\nTips T8.<br \/>\nV\u0101ci\u0146\u0161\/b\u0101ze G13.<br \/>\nVisp\u0101r\u0113js pielietojums viesm\u012bl\u012bbas, mazumtirdzniec\u012bbas, dz\u012bvojamo un pat\u0113r\u0113t\u0101ju.<br \/>\nGaismas pl\u016bsma (lm) 1250.<br \/>\nGaismas kr\u0101sa Roz\u0101.<br \/>\nJauda (W) 36,00.<br \/>\nProdukta spriegums (V) 103.<br \/>\nAptum\u0161ojams J\u0101.<br \/>\nVid\u0113jais kalpo\u0161anas laiks (nomin\u0101ls) (h) 8000.<\/p>","protected":false},"excerpt":{"rendered":"<p>F36W\/T8\/ROZA. Tehnolo\u0123ija Fluoresc\u0113jo\u0161a. Lampas forma Cauru\u013cveida forma. Tips T8. V\u0101ci\u0146\u0161\/b\u0101ze G13. Visp\u0101r\u0113js pielietojums viesm\u012bl\u012bbas, mazumtirdzniec\u012bbas, dz\u012bvojamo un pat\u0113r\u0113t\u0101ju. Gaismas pl\u016bsma (lm) 1250. Gaismas kr\u0101sa Roz\u0101. Jauda (W) 36,00. Produkta spriegums (V) 103. Aptum\u0161ojams J\u0101. Vid\u0113jais kalpo\u0161anas laiks (nomin\u0101ls) (h) 8000.<\/p>\n","protected":false},"featured_media":32314,"comment_status":"closed","ping_status":"closed","template":"","meta":{"inline_featured_image":false},"product_cat":[861],"product_tag":[],"yst_prominent_words":[],"class_list":{"0":"post-32308","1":"product","2":"type-product","3":"status-publish","4":"has-post-thumbnail","6":"product_cat-t8-spuldzes-luminiscentas-spuldzes-spuldzes","8":"first","9":"instock","10":"taxable","11":"shipping-taxable","12":"purchasable","13":"product-type-simple"},"jetpack_sharing_enabled":true,"_links":{"self":[{"href":"https:\/\/ddt.lv\/lv\/wp-json\/wp\/v2\/product\/32308"}],"collection":[{"href":"https:\/\/ddt.lv\/lv\/wp-json\/wp\/v2\/product"}],"about":[{"href":"https:\/\/ddt.lv\/lv\/wp-json\/wp\/v2\/types\/product"}],"replies":[{"embeddable":true,"href":"https:\/\/ddt.lv\/lv\/wp-json\/wp\/v2\/comments?post=32308"}],"wp:featuredmedia":[{"embeddable":true,"href":"https:\/\/ddt.lv\/lv\/wp-json\/wp\/v2\/media\/32314"}],"wp:attachment":[{"href":"https:\/\/ddt.lv\/lv\/wp-json\/wp\/v2\/media?parent=32308"}],"wp:term":[{"taxonomy":"product_cat","embeddable":true,"href":"https:\/\/ddt.lv\/lv\/wp-json\/wp\/v2\/product_cat?post=32308"},{"taxonomy":"product_tag","embeddable":true,"href":"https:\/\/ddt.lv\/lv\/wp-json\/wp\/v2\/product_tag?post=32308"},{"taxonomy":"yst_prominent_words","embeddable":true,"href":"https:\/\/ddt.lv\/lv\/wp-json\/wp\/v2\/yst_prominent_words?post=32308"}],"curies":[{"name":"wp","href":"https:\/\/api.w.org\/{rel}","templated":true}]}}