{"id":32307,"date":"2022-01-26T12:40:26","date_gmt":"2022-01-26T10:40:26","guid":{"rendered":"https:\/\/ddt.lv\/lv\/product\/refled-superia-mr16-gu5-3-5w-4012v-450lm-4k-dim-spuldze-sylvania\/"},"modified":"2026-04-08T14:41:29","modified_gmt":"2026-04-08T11:41:29","slug":"refled-superia-mr16-gu5-3-5w-4012v-450lm-4k-dim-spuldze-sylvania","status":"publish","type":"product","link":"https:\/\/ddt.lv\/lv\/product\/refled-superia-mr16-gu5-3-5w-4012v-450lm-4k-dim-spuldze-sylvania\/","title":{"rendered":"RefLED Superia MR16 GU5.3 5W 40\u00b012V 450lm 4K DIM spuldze Sylvania"},"content":{"rendered":"<p>\u2022 Augstas veiktsp\u0113jas aptum\u0161ojams LED MR16 ar halog\u0113na lampas izm\u0113ru un vizu\u0101lo izskatu \u2022 Unik\u0101ls halog\u0113na sl\u012bp\u0113tais objekt\u012bva dizains \u2013 pilna priek\u0161\u0113j\u0101 l\u0113ca bez radiatora, kas redzama no priek\u0161puses \u2022 Augsta gaismas jauda: 400 lm-425 lm-450 lm \u2022 Augsta l\u016bmena efektivit\u0101te \u2013 l\u012bdz 90 lm\/W \u2022 Ide\u0101li piem\u0113rots lieto\u0161anai ar jebkuras kr\u0101sas leju apgaismojumu \u2022 Pieejams 2700K, 3000K un 4000K \u2022 Darba spriegums: 12V AC\/DC \u2022 Aptum\u0161ojams ar apstiprin\u0101tiem dimmeriem* \u2022 25 000 stundu vid\u0113jais nomin\u0101lais kalpo\u0161anas laiks \u2022 Zems ener\u0123ijas pat\u0113ri\u0146\u0161 &#8211; A+\/A++ ener\u0123ijas reitings\u00a0 \u2022 Lampas izm\u0113rs: 50x47mm \u2022 Augsta savietojam\u012bba ar elektroniskajiem un magn\u0113tiskajiem transformatoriem. \u2022 Pieejams 25\u00b0 un 40\u00b0.<\/p>","protected":false},"excerpt":{"rendered":"<p>\u2022 Augstas veiktsp\u0113jas aptum\u0161ojams LED MR16 ar halog\u0113na lampas izm\u0113ru un vizu\u0101lo izskatu \u2022 Unik\u0101ls halog\u0113na sl\u012bp\u0113tais objekt\u012bva dizains \u2013 pilna priek\u0161\u0113j\u0101 l\u0113ca bez radiatora, kas redzama no priek\u0161puses \u2022 Augsta gaismas jauda: 400 lm-425 lm-450 lm \u2022 Augsta l\u016bmena efektivit\u0101te \u2013 l\u012bdz 90 lm\/W \u2022 Ide\u0101li piem\u0113rots lieto\u0161anai ar jebkuras kr\u0101sas leju apgaismojumu \u2022 [&hellip;]<\/p>\n","protected":false},"featured_media":32315,"comment_status":"closed","ping_status":"closed","template":"","meta":{"inline_featured_image":false},"product_cat":[1127],"product_tag":[],"yst_prominent_words":[],"class_list":{"0":"post-32307","1":"product","2":"type-product","3":"status-publish","4":"has-post-thumbnail","6":"product_cat-mr16-spuldzes","8":"first","9":"outofstock","10":"taxable","11":"shipping-taxable","12":"purchasable","13":"product-type-simple"},"jetpack_sharing_enabled":true,"_links":{"self":[{"href":"https:\/\/ddt.lv\/lv\/wp-json\/wp\/v2\/product\/32307"}],"collection":[{"href":"https:\/\/ddt.lv\/lv\/wp-json\/wp\/v2\/product"}],"about":[{"href":"https:\/\/ddt.lv\/lv\/wp-json\/wp\/v2\/types\/product"}],"replies":[{"embeddable":true,"href":"https:\/\/ddt.lv\/lv\/wp-json\/wp\/v2\/comments?post=32307"}],"wp:featuredmedia":[{"embeddable":true,"href":"https:\/\/ddt.lv\/lv\/wp-json\/wp\/v2\/media\/32315"}],"wp:attachment":[{"href":"https:\/\/ddt.lv\/lv\/wp-json\/wp\/v2\/media?parent=32307"}],"wp:term":[{"taxonomy":"product_cat","embeddable":true,"href":"https:\/\/ddt.lv\/lv\/wp-json\/wp\/v2\/product_cat?post=32307"},{"taxonomy":"product_tag","embeddable":true,"href":"https:\/\/ddt.lv\/lv\/wp-json\/wp\/v2\/product_tag?post=32307"},{"taxonomy":"yst_prominent_words","embeddable":true,"href":"https:\/\/ddt.lv\/lv\/wp-json\/wp\/v2\/yst_prominent_words?post=32307"}],"curies":[{"name":"wp","href":"https:\/\/api.w.org\/{rel}","templated":true}]}}