{"id":32306,"date":"2022-01-26T12:40:25","date_gmt":"2022-01-26T10:40:25","guid":{"rendered":"https:\/\/ddt.lv\/lv\/product\/led-t8-12w-v4-3ft-3000k-1400lm-spuldze-sylvania\/"},"modified":"2026-04-22T08:46:35","modified_gmt":"2026-04-22T05:46:35","slug":"led-t8-12w-v4-3ft-3000k-1400lm-spuldze-sylvania","status":"publish","type":"product","link":"https:\/\/ddt.lv\/lv\/product\/led-t8-12w-v4-3ft-3000k-1400lm-spuldze-sylvania\/","title":{"rendered":"LED T8 12W V4 3FT 3000K 1400lm spuldze SYLVANIA"},"content":{"rendered":"<p>ToLEDo caurule T8 V4 3ft ir 900 mm LED T8 lampas nomai\u0146a 30 W dienasgaismas lampai. ToLEDo T8 V4 ir t\u0101ds pats stikla cauru\u013cu konstrukcijas dizains k\u0101 tradicion\u0101laj\u0101m dienasgaismas T8 lamp\u0101m, un tas g\u016bst labumu no Omnidirectional 320\u00b0 vienm\u0113r\u012bga gaismas sadal\u012bjuma. \u0160\u012b caurule ir pieejama ar CRI 80 un silti balt\u0101 kr\u0101s\u0101, 3000 K. Augsta l\u016bmena pakete &#8211; 1400 lm, l\u016bmena efektivit\u0101te 117 lm\/W un A+ ener\u0123ijas reitings, iev\u0113rojami samazina ener\u0123ijas pat\u0113ri\u0146u un pal\u012bdz \u0101tri atmaks\u0101ties ieguld\u012bjumiem. Turkl\u0101t tam ir iespaid\u012bgi 200 000 p\u0101rsl\u0113g\u0161anas ciklu apvienojum\u0101 ar 40 000 stundu kalpo\u0161anas laiku. Piem\u0113rots visp\u0101r\u0113jam apgaismojumam birojos, lielveikalos, univers\u0101lveikalos, dzelzce\u013ca stacij\u0101s, autost\u0101vviet\u0101s un lietojumprogramm\u0101s, kur\u0101m nav nepiecie\u0161ama apkope. ToLEDo T8 V4 tiek nodro\u0161in\u0101ta 3 gadu garantija piln\u012bgam sirdsmieram un sader\u012bgam ar elektromagn\u0113tiskajiem p\u0101rnesumiem, k\u0101 ar\u012b piem\u0113rota tie\u0161ai darb\u012bbai no t\u012bkla.<\/p>","protected":false},"excerpt":{"rendered":"<p>ToLEDo caurule T8 V4 3ft ir 900 mm LED T8 lampas nomai\u0146a 30 W dienasgaismas lampai. ToLEDo T8 V4 ir t\u0101ds pats stikla cauru\u013cu konstrukcijas dizains k\u0101 tradicion\u0101laj\u0101m dienasgaismas T8 lamp\u0101m, un tas g\u016bst labumu no Omnidirectional 320\u00b0 vienm\u0113r\u012bga gaismas sadal\u012bjuma. \u0160\u012b caurule ir pieejama ar CRI 80 un silti balt\u0101 kr\u0101s\u0101, 3000 K. Augsta [&hellip;]<\/p>\n","protected":false},"featured_media":32318,"comment_status":"closed","ping_status":"closed","template":"","meta":{"inline_featured_image":false},"product_cat":[1122],"product_tag":[],"yst_prominent_words":[],"class_list":{"0":"post-32306","1":"product","2":"type-product","3":"status-publish","4":"has-post-thumbnail","6":"product_cat-t8-spuldzes","8":"first","9":"instock","10":"taxable","11":"shipping-taxable","12":"purchasable","13":"product-type-simple"},"jetpack_sharing_enabled":true,"_links":{"self":[{"href":"https:\/\/ddt.lv\/lv\/wp-json\/wp\/v2\/product\/32306"}],"collection":[{"href":"https:\/\/ddt.lv\/lv\/wp-json\/wp\/v2\/product"}],"about":[{"href":"https:\/\/ddt.lv\/lv\/wp-json\/wp\/v2\/types\/product"}],"replies":[{"embeddable":true,"href":"https:\/\/ddt.lv\/lv\/wp-json\/wp\/v2\/comments?post=32306"}],"wp:featuredmedia":[{"embeddable":true,"href":"https:\/\/ddt.lv\/lv\/wp-json\/wp\/v2\/media\/32318"}],"wp:attachment":[{"href":"https:\/\/ddt.lv\/lv\/wp-json\/wp\/v2\/media?parent=32306"}],"wp:term":[{"taxonomy":"product_cat","embeddable":true,"href":"https:\/\/ddt.lv\/lv\/wp-json\/wp\/v2\/product_cat?post=32306"},{"taxonomy":"product_tag","embeddable":true,"href":"https:\/\/ddt.lv\/lv\/wp-json\/wp\/v2\/product_tag?post=32306"},{"taxonomy":"yst_prominent_words","embeddable":true,"href":"https:\/\/ddt.lv\/lv\/wp-json\/wp\/v2\/yst_prominent_words?post=32306"}],"curies":[{"name":"wp","href":"https:\/\/api.w.org\/{rel}","templated":true}]}}