{"id":32305,"date":"2022-01-26T12:40:25","date_gmt":"2022-01-26T10:40:25","guid":{"rendered":"https:\/\/ddt.lv\/lv\/product\/led-spuldze-t8-10w-v4-600mm-6500k-1000lm-ip20-spuldze-sylvania\/"},"modified":"2026-04-08T14:41:28","modified_gmt":"2026-04-08T11:41:28","slug":"led-spuldze-t8-10w-v4-600mm-6500k-1000lm-ip20-spuldze-sylvania","status":"publish","type":"product","link":"https:\/\/ddt.lv\/lv\/product\/led-spuldze-t8-10w-v4-600mm-6500k-1000lm-ip20-spuldze-sylvania\/","title":{"rendered":"LED spuldze T8 10W V4 600mm 6500K 1000lm IP20 spuldze SYLVANIA"},"content":{"rendered":"<p>Energoefekt\u012bvs un pieejamu LED T8 risin\u0101jums, lai aizst\u0101tu parast\u0101s dienasgaismas T8 spuldzes. Daudzvirzienu 320\u00b0 vienm\u0113r\u012bgs gaismas sadal\u012bjums, pateicoties stikla caurules konstrukcijas konstrukcijai, t\u0101pat k\u0101 tradicion\u0101laj\u0101m dienasgaismas T8 lamp\u0101m. Augsta l\u016bmena pakete &#8211; 1000 lm\/W. Augsta l\u016bmena efektivit\u0101te &#8211; 100 lm\/W. Ener\u0123ijas reitings &#8211; A+. P\u0101rsl\u0113g\u0161anas cikli &#8211; 200 000X. Vid\u0113jais kalpo\u0161anas laiks 40 000 stundu kalpo\u0161anas laiks (L70 F50). Plats stara le\u0146\u0137is &#8211; 220\u00b0. Augsts jaudas koeficients &#8211; 0,90. Piem\u0113rots visp\u0101r\u0113jam apgaismojumam birojos, lielveikalos, univers\u0101lveikalos, dzelzce\u013ca stacij\u0101s, degvielas uzpildes stacij\u0101s, autost\u0101vviet\u0101s un bezapkopes lietojumprogramm\u0101s. Piem\u0113rots darbam ar elektromagn\u0113tiskajiem p\u0101rnesumiem un tie\u0161ai elektrot\u012bkla darb\u012bbai (220-240V).<\/p>","protected":false},"excerpt":{"rendered":"<p>Energoefekt\u012bvs un pieejamu LED T8 risin\u0101jums, lai aizst\u0101tu parast\u0101s dienasgaismas T8 spuldzes. Daudzvirzienu 320\u00b0 vienm\u0113r\u012bgs gaismas sadal\u012bjums, pateicoties stikla caurules konstrukcijas konstrukcijai, t\u0101pat k\u0101 tradicion\u0101laj\u0101m dienasgaismas T8 lamp\u0101m. Augsta l\u016bmena pakete &#8211; 1000 lm\/W. Augsta l\u016bmena efektivit\u0101te &#8211; 100 lm\/W. Ener\u0123ijas reitings &#8211; A+. P\u0101rsl\u0113g\u0161anas cikli &#8211; 200 000X. Vid\u0113jais kalpo\u0161anas laiks 40 000 stundu [&hellip;]<\/p>\n","protected":false},"featured_media":32316,"comment_status":"closed","ping_status":"closed","template":"","meta":{"inline_featured_image":false},"product_cat":[1122],"product_tag":[],"yst_prominent_words":[],"class_list":{"0":"post-32305","1":"product","2":"type-product","3":"status-publish","4":"has-post-thumbnail","6":"product_cat-t8-spuldzes","8":"first","9":"instock","10":"taxable","11":"shipping-taxable","12":"purchasable","13":"product-type-simple"},"jetpack_sharing_enabled":true,"_links":{"self":[{"href":"https:\/\/ddt.lv\/lv\/wp-json\/wp\/v2\/product\/32305"}],"collection":[{"href":"https:\/\/ddt.lv\/lv\/wp-json\/wp\/v2\/product"}],"about":[{"href":"https:\/\/ddt.lv\/lv\/wp-json\/wp\/v2\/types\/product"}],"replies":[{"embeddable":true,"href":"https:\/\/ddt.lv\/lv\/wp-json\/wp\/v2\/comments?post=32305"}],"wp:featuredmedia":[{"embeddable":true,"href":"https:\/\/ddt.lv\/lv\/wp-json\/wp\/v2\/media\/32316"}],"wp:attachment":[{"href":"https:\/\/ddt.lv\/lv\/wp-json\/wp\/v2\/media?parent=32305"}],"wp:term":[{"taxonomy":"product_cat","embeddable":true,"href":"https:\/\/ddt.lv\/lv\/wp-json\/wp\/v2\/product_cat?post=32305"},{"taxonomy":"product_tag","embeddable":true,"href":"https:\/\/ddt.lv\/lv\/wp-json\/wp\/v2\/product_tag?post=32305"},{"taxonomy":"yst_prominent_words","embeddable":true,"href":"https:\/\/ddt.lv\/lv\/wp-json\/wp\/v2\/yst_prominent_words?post=32305"}],"curies":[{"name":"wp","href":"https:\/\/api.w.org\/{rel}","templated":true}]}}