{"id":32302,"date":"2022-01-26T12:30:25","date_gmt":"2022-01-26T10:30:25","guid":{"rendered":"https:\/\/ddt.lv\/lv\/product\/refled-par20-dim-v2-6w-375lm-3000k-e27-30-spuldze-sylvania\/"},"modified":"2026-04-08T14:41:26","modified_gmt":"2026-04-08T11:41:26","slug":"refled-par20-dim-v2-6w-375lm-3000k-e27-30-spuldze-sylvania","status":"publish","type":"product","link":"https:\/\/ddt.lv\/lv\/product\/refled-par20-dim-v2-6w-375lm-3000k-e27-30-spuldze-sylvania\/","title":{"rendered":"RefLED PAR20 DIM V2 6W 375lm 3000K E27 30\u00b0 spuldze Sylvania"},"content":{"rendered":"<p>RefLED PAR20 V2 Dimmable nodro\u0161ina stabilu, ilgm\u016b\u017e\u012bgu risin\u0101jumu halog\u0113na PAR20 aizst\u0101\u0161anai ar LED, pied\u0101v\u0101jot spilgtu 375 lm gaismu, kas atbilst 53 W halog\u0113na lampai, vienlaikus pagarinot lampas kalpo\u0161anas laiku l\u012bdz 40 000 stund\u0101m. Aptum\u0161ojams uz apstiprin\u0101tiem dimmeriem. ES\/E27 v\u0101ci\u0146\u0161. 30 gr\u0101du stara le\u0146\u0137is silt\u0101 balt\u0101 kr\u0101s\u0101 3000K.<\/p>","protected":false},"excerpt":{"rendered":"<p>RefLED PAR20 V2 Dimmable nodro\u0161ina stabilu, ilgm\u016b\u017e\u012bgu risin\u0101jumu halog\u0113na PAR20 aizst\u0101\u0161anai ar LED, pied\u0101v\u0101jot spilgtu 375 lm gaismu, kas atbilst 53 W halog\u0113na lampai, vienlaikus pagarinot lampas kalpo\u0161anas laiku l\u012bdz 40 000 stund\u0101m. Aptum\u0161ojams uz apstiprin\u0101tiem dimmeriem. ES\/E27 v\u0101ci\u0146\u0161. 30 gr\u0101du stara le\u0146\u0137is silt\u0101 balt\u0101 kr\u0101s\u0101 3000K.<\/p>\n","protected":false},"featured_media":32320,"comment_status":"closed","ping_status":"closed","template":"","meta":{"inline_featured_image":false},"product_cat":[772,850],"product_tag":[],"yst_prominent_words":[],"class_list":{"0":"post-32302","1":"product","2":"type-product","3":"status-publish","4":"has-post-thumbnail","6":"product_cat-atlaides","7":"product_cat-e27-spuldzes","9":"first","10":"outofstock","11":"sale","12":"taxable","13":"shipping-taxable","14":"purchasable","15":"product-type-simple"},"jetpack_sharing_enabled":true,"_links":{"self":[{"href":"https:\/\/ddt.lv\/lv\/wp-json\/wp\/v2\/product\/32302"}],"collection":[{"href":"https:\/\/ddt.lv\/lv\/wp-json\/wp\/v2\/product"}],"about":[{"href":"https:\/\/ddt.lv\/lv\/wp-json\/wp\/v2\/types\/product"}],"replies":[{"embeddable":true,"href":"https:\/\/ddt.lv\/lv\/wp-json\/wp\/v2\/comments?post=32302"}],"wp:featuredmedia":[{"embeddable":true,"href":"https:\/\/ddt.lv\/lv\/wp-json\/wp\/v2\/media\/32320"}],"wp:attachment":[{"href":"https:\/\/ddt.lv\/lv\/wp-json\/wp\/v2\/media?parent=32302"}],"wp:term":[{"taxonomy":"product_cat","embeddable":true,"href":"https:\/\/ddt.lv\/lv\/wp-json\/wp\/v2\/product_cat?post=32302"},{"taxonomy":"product_tag","embeddable":true,"href":"https:\/\/ddt.lv\/lv\/wp-json\/wp\/v2\/product_tag?post=32302"},{"taxonomy":"yst_prominent_words","embeddable":true,"href":"https:\/\/ddt.lv\/lv\/wp-json\/wp\/v2\/yst_prominent_words?post=32302"}],"curies":[{"name":"wp","href":"https:\/\/api.w.org\/{rel}","templated":true}]}}