{"id":32301,"date":"2022-01-26T12:30:24","date_gmt":"2022-01-26T10:30:24","guid":{"rendered":"https:\/\/ddt.lv\/lv\/product\/refled-par38-dim-18-5w-1300lm-3000k-e27-spuldze-sylvania\/"},"modified":"2026-04-01T00:21:42","modified_gmt":"2026-03-31T21:21:42","slug":"refled-par38-dim-18-5w-1300lm-3000k-e27-spuldze-sylvania","status":"publish","type":"product","link":"https:\/\/ddt.lv\/lv\/product\/refled-par38-dim-18-5w-1300lm-3000k-e27-spuldze-sylvania\/","title":{"rendered":"RefLED PAR38 DIM 18.5W 1300lm 3000K E27 spuldze Sylvania"},"content":{"rendered":"<p>Spriegums 240 volti.<br \/>\nSpuldzes veids LED.<br \/>\nV\u0101ci\u0146a tips E27.<br \/>\nES energoefektivit\u0101tes mar\u0137\u0113jums \u200eA.<br \/>\nGaismas intensit\u0101te \u200e7000 kandelu.<br \/>\nGaismas pl\u016bsma \u200e1300 l\u016bmeni.<br \/>\nJauda \u200e18,5 vati.<br \/>\nKv\u0113lspuld\u017eu ekvivalents \u200e153 vati.<br \/>\nKr\u0101su temperat\u016bra \u200e3000 Kelvini.<br \/>\nVid\u0113jais kalpo\u0161anas laiks \u200e40 000 stundu.<br \/>\nSpuldzes garums 128 milimetri.<br \/>\nStara le\u0146\u0137is 25 gr\u0101di.<br \/>\nPreces svars \u200e570 g.<\/p>","protected":false},"excerpt":{"rendered":"<p>Spriegums 240 volti. Spuldzes veids LED. V\u0101ci\u0146a tips E27. ES energoefektivit\u0101tes mar\u0137\u0113jums \u200eA. Gaismas intensit\u0101te \u200e7000 kandelu. Gaismas pl\u016bsma \u200e1300 l\u016bmeni. Jauda \u200e18,5 vati. Kv\u0113lspuld\u017eu ekvivalents \u200e153 vati. Kr\u0101su temperat\u016bra \u200e3000 Kelvini. Vid\u0113jais kalpo\u0161anas laiks \u200e40 000 stundu. Spuldzes garums 128 milimetri. Stara le\u0146\u0137is 25 gr\u0101di. Preces svars \u200e570 g.<\/p>\n","protected":false},"featured_media":32322,"comment_status":"closed","ping_status":"closed","template":"","meta":{"inline_featured_image":false},"product_cat":[772,850],"product_tag":[],"yst_prominent_words":[],"class_list":{"0":"post-32301","1":"product","2":"type-product","3":"status-publish","4":"has-post-thumbnail","6":"product_cat-atlaides","7":"product_cat-e27-spuldzes","9":"first","10":"outofstock","11":"sale","12":"taxable","13":"shipping-taxable","14":"purchasable","15":"product-type-simple"},"jetpack_sharing_enabled":true,"_links":{"self":[{"href":"https:\/\/ddt.lv\/lv\/wp-json\/wp\/v2\/product\/32301"}],"collection":[{"href":"https:\/\/ddt.lv\/lv\/wp-json\/wp\/v2\/product"}],"about":[{"href":"https:\/\/ddt.lv\/lv\/wp-json\/wp\/v2\/types\/product"}],"replies":[{"embeddable":true,"href":"https:\/\/ddt.lv\/lv\/wp-json\/wp\/v2\/comments?post=32301"}],"wp:featuredmedia":[{"embeddable":true,"href":"https:\/\/ddt.lv\/lv\/wp-json\/wp\/v2\/media\/32322"}],"wp:attachment":[{"href":"https:\/\/ddt.lv\/lv\/wp-json\/wp\/v2\/media?parent=32301"}],"wp:term":[{"taxonomy":"product_cat","embeddable":true,"href":"https:\/\/ddt.lv\/lv\/wp-json\/wp\/v2\/product_cat?post=32301"},{"taxonomy":"product_tag","embeddable":true,"href":"https:\/\/ddt.lv\/lv\/wp-json\/wp\/v2\/product_tag?post=32301"},{"taxonomy":"yst_prominent_words","embeddable":true,"href":"https:\/\/ddt.lv\/lv\/wp-json\/wp\/v2\/yst_prominent_words?post=32301"}],"curies":[{"name":"wp","href":"https:\/\/api.w.org\/{rel}","templated":true}]}}