{"id":32292,"date":"2022-01-25T15:50:39","date_gmt":"2022-01-25T13:50:39","guid":{"rendered":"https:\/\/ddt.lv\/lv\/product\/refled-mr16-gu5-3-7-5w-4012v-480m-4000k-v2-dim-spuldze-sylvania\/"},"modified":"2026-04-09T16:16:16","modified_gmt":"2026-04-09T13:16:16","slug":"refled-mr16-gu5-3-7-5w-4012v-480m-4000k-v2-dim-spuldze-sylvania","status":"publish","type":"product","link":"https:\/\/ddt.lv\/lv\/product\/refled-mr16-gu5-3-7-5w-4012v-480m-4000k-v2-dim-spuldze-sylvania\/","title":{"rendered":"RefLED+MR16 GU5.3 7.5W 40&#8217;12V 480lm 4000K V2 DIM spuldze Sylvania"},"content":{"rendered":"<p>RefLED+ MR16 V2 COB Dimmable nodro\u0161ina stabilu, ilgm\u016b\u017e\u012bgu risin\u0101jumu halog\u0113na GU5.3 aizst\u0101\u0161anai ar LED, pied\u0101v\u0101jot 480 lm gaismu, kas l\u012bdzv\u0113rt\u012bga 42 W halog\u0113na lampai, noteikt pagarinot lampas kalpo\u0161anas laiku l\u012bdz 25 000 stund\u0101m. Aptum\u0161ojam uz apstiprin\u0101tiem dimmeriem. GU5.3 v\u0101ci\u0146\u0161. 40 gr\u0101du stara le\u0146\u0137is v\u0113s\u0101 balt\u0101 kr\u0101s\u0101 4000K. Nodro\u0161ina 3 gadu garantijas. COB LED tehnolo\u0123ija pied\u0101v\u0101 vienu avota halog\u0113na punkta izskata izteiksm\u012bgumu, asu staru k\u016b\u013ca vad\u012bbu.<\/p>","protected":false},"excerpt":{"rendered":"<p>RefLED+ MR16 V2 COB Dimmable nodro\u0161ina stabilu, ilgm\u016b\u017e\u012bgu risin\u0101jumu halog\u0113na GU5.3 aizst\u0101\u0161anai ar LED, pied\u0101v\u0101jot 480 lm gaismu, kas l\u012bdzv\u0113rt\u012bga 42 W halog\u0113na lampai, noteikt pagarinot lampas kalpo\u0161anas laiku l\u012bdz 25 000 stund\u0101m. Aptum\u0161ojam uz apstiprin\u0101tiem dimmeriem. GU5.3 v\u0101ci\u0146\u0161. 40 gr\u0101du stara le\u0146\u0137is v\u0113s\u0101 balt\u0101 kr\u0101s\u0101 4000K. Nodro\u0161ina 3 gadu garantijas. COB LED tehnolo\u0123ija pied\u0101v\u0101 [&hellip;]<\/p>\n","protected":false},"featured_media":32294,"comment_status":"closed","ping_status":"closed","template":"","meta":{"inline_featured_image":false},"product_cat":[1127],"product_tag":[],"yst_prominent_words":[],"class_list":{"0":"post-32292","1":"product","2":"type-product","3":"status-publish","4":"has-post-thumbnail","6":"product_cat-mr16-spuldzes","8":"first","9":"instock","10":"taxable","11":"shipping-taxable","12":"purchasable","13":"product-type-simple"},"jetpack_sharing_enabled":true,"_links":{"self":[{"href":"https:\/\/ddt.lv\/lv\/wp-json\/wp\/v2\/product\/32292"}],"collection":[{"href":"https:\/\/ddt.lv\/lv\/wp-json\/wp\/v2\/product"}],"about":[{"href":"https:\/\/ddt.lv\/lv\/wp-json\/wp\/v2\/types\/product"}],"replies":[{"embeddable":true,"href":"https:\/\/ddt.lv\/lv\/wp-json\/wp\/v2\/comments?post=32292"}],"wp:featuredmedia":[{"embeddable":true,"href":"https:\/\/ddt.lv\/lv\/wp-json\/wp\/v2\/media\/32294"}],"wp:attachment":[{"href":"https:\/\/ddt.lv\/lv\/wp-json\/wp\/v2\/media?parent=32292"}],"wp:term":[{"taxonomy":"product_cat","embeddable":true,"href":"https:\/\/ddt.lv\/lv\/wp-json\/wp\/v2\/product_cat?post=32292"},{"taxonomy":"product_tag","embeddable":true,"href":"https:\/\/ddt.lv\/lv\/wp-json\/wp\/v2\/product_tag?post=32292"},{"taxonomy":"yst_prominent_words","embeddable":true,"href":"https:\/\/ddt.lv\/lv\/wp-json\/wp\/v2\/yst_prominent_words?post=32292"}],"curies":[{"name":"wp","href":"https:\/\/api.w.org\/{rel}","templated":true}]}}