{"id":32289,"date":"2022-01-25T15:50:38","date_gmt":"2022-01-25T13:50:38","guid":{"rendered":"https:\/\/ddt.lv\/lv\/product\/refled-mr16-gu5-3-7w-4012v-345lm-3000k-v2-dim-spuldze-sylvania\/"},"modified":"2026-04-08T14:41:27","modified_gmt":"2026-04-08T11:41:27","slug":"refled-mr16-gu5-3-7w-4012v-345lm-3000k-v2-dim-spuldze-sylvania","status":"publish","type":"product","link":"https:\/\/ddt.lv\/lv\/product\/refled-mr16-gu5-3-7w-4012v-345lm-3000k-v2-dim-spuldze-sylvania\/","title":{"rendered":"RefLED+MR16 GU5.3 7W 40&#8217;12V 345lm 3000K V2 DIM spuldze Sylvania"},"content":{"rendered":"<p>RefLED+ MR16 V2 Dimmable nodro\u0161ina stabilu, ilgm\u016b\u017e\u012bgu risin\u0101jumu halog\u0113na MR16 aizst\u0101\u0161anai ar LED, pied\u0101v\u0101jot 345 lm gaismu, kas l\u012bdzv\u0113rt\u012bga 35 W halog\u0113na lampai, vienlaikus pagarinot lampas kalpo\u0161anas laiku l\u012bdz 25 000 stund\u0101m. Aptum\u0161ojams uz apstiprin\u0101tiem dimmeriem. MR16 v\u0101ci\u0146\u0161. 40 gr\u0101du stara le\u0146\u0137is Homelight 2700K re\u017e\u012bm\u0101. Nodro\u0161ina 3 gadu garantiju. COB LED tehnolo\u0123ija pied\u0101v\u0101 viena punkta avota halog\u0113na izskatu ar izteiksm\u012bgu, asu staru k\u016b\u013ca vad\u012bbu.<\/p>\n<p><\/p>","protected":false},"excerpt":{"rendered":"<p>RefLED+ MR16 V2 Dimmable nodro\u0161ina stabilu, ilgm\u016b\u017e\u012bgu risin\u0101jumu halog\u0113na MR16 aizst\u0101\u0161anai ar LED, pied\u0101v\u0101jot 345 lm gaismu, kas l\u012bdzv\u0113rt\u012bga 35 W halog\u0113na lampai, vienlaikus pagarinot lampas kalpo\u0161anas laiku l\u012bdz 25 000 stund\u0101m. Aptum\u0161ojams uz apstiprin\u0101tiem dimmeriem. MR16 v\u0101ci\u0146\u0161. 40 gr\u0101du stara le\u0146\u0137is Homelight 2700K re\u017e\u012bm\u0101. Nodro\u0161ina 3 gadu garantiju. COB LED tehnolo\u0123ija pied\u0101v\u0101 viena punkta [&hellip;]<\/p>\n","protected":false},"featured_media":32293,"comment_status":"closed","ping_status":"closed","template":"","meta":{"inline_featured_image":false},"product_cat":[1127],"product_tag":[],"yst_prominent_words":[],"class_list":{"0":"post-32289","1":"product","2":"type-product","3":"status-publish","4":"has-post-thumbnail","6":"product_cat-mr16-spuldzes","8":"first","9":"outofstock","10":"taxable","11":"shipping-taxable","12":"purchasable","13":"product-type-simple"},"jetpack_sharing_enabled":true,"_links":{"self":[{"href":"https:\/\/ddt.lv\/lv\/wp-json\/wp\/v2\/product\/32289"}],"collection":[{"href":"https:\/\/ddt.lv\/lv\/wp-json\/wp\/v2\/product"}],"about":[{"href":"https:\/\/ddt.lv\/lv\/wp-json\/wp\/v2\/types\/product"}],"replies":[{"embeddable":true,"href":"https:\/\/ddt.lv\/lv\/wp-json\/wp\/v2\/comments?post=32289"}],"wp:featuredmedia":[{"embeddable":true,"href":"https:\/\/ddt.lv\/lv\/wp-json\/wp\/v2\/media\/32293"}],"wp:attachment":[{"href":"https:\/\/ddt.lv\/lv\/wp-json\/wp\/v2\/media?parent=32289"}],"wp:term":[{"taxonomy":"product_cat","embeddable":true,"href":"https:\/\/ddt.lv\/lv\/wp-json\/wp\/v2\/product_cat?post=32289"},{"taxonomy":"product_tag","embeddable":true,"href":"https:\/\/ddt.lv\/lv\/wp-json\/wp\/v2\/product_tag?post=32289"},{"taxonomy":"yst_prominent_words","embeddable":true,"href":"https:\/\/ddt.lv\/lv\/wp-json\/wp\/v2\/yst_prominent_words?post=32289"}],"curies":[{"name":"wp","href":"https:\/\/api.w.org\/{rel}","templated":true}]}}