{"id":32285,"date":"2022-01-25T15:50:36","date_gmt":"2022-01-25T13:50:36","guid":{"rendered":"https:\/\/ddt.lv\/lv\/product\/refled-mr16-gu5-3-4-5w-36-12v-345lm-3000k-spuldze-sylvania\/"},"modified":"2026-04-01T00:21:39","modified_gmt":"2026-03-31T21:21:39","slug":"refled-mr16-gu5-3-4-5w-36-12v-345lm-3000k-spuldze-sylvania","status":"publish","type":"product","link":"https:\/\/ddt.lv\/lv\/product\/refled-mr16-gu5-3-4-5w-36-12v-345lm-3000k-spuldze-sylvania\/","title":{"rendered":"RefLED MR16 GU5.3 4.5W 36&#8242; 12V 345lm 3000K spuldze Sylvania"},"content":{"rendered":"<p>\u2022 Kompakts, energoefekt\u012bvs un \u012bpa\u0161i izdev\u012bgs produkts.<br \/>\n    \u2022 T\u0101da pati forma un izm\u0113rs k\u0101 halog\u0113na MR16 lampai<br \/>\n    \u2022 Compact Cluster SMD tehnolo\u0123ija nodro\u0161ina augstu efektivit\u0101ti ar halog\u0113na izskatu<br \/>\n    \u2022 Samazin\u0101ta redzam\u0101 siltuma izlietne no priek\u0161puses<br \/>\n    \u2022 Pieejams 36 gr\u0101dos<br \/>\n    \u2022 Augsta l\u016bmena efektivit\u0101te<br \/>\n    \u2022 12V AC\/DC<br \/>\n    \u2022 15 000 stundu vid\u0113jais nomin\u0101lais kalpo\u0161anas laiks<br \/>\n    \u2022 3 gadu garantija<\/p>\n<p><\/p>","protected":false},"excerpt":{"rendered":"<p>\u2022 Kompakts, energoefekt\u012bvs un \u012bpa\u0161i izdev\u012bgs produkts. \u2022 T\u0101da pati forma un izm\u0113rs k\u0101 halog\u0113na MR16 lampai \u2022 Compact Cluster SMD tehnolo\u0123ija nodro\u0161ina augstu efektivit\u0101ti ar halog\u0113na izskatu \u2022 Samazin\u0101ta redzam\u0101 siltuma izlietne no priek\u0161puses \u2022 Pieejams 36 gr\u0101dos \u2022 Augsta l\u016bmena efektivit\u0101te \u2022 12V AC\/DC \u2022 15 000 stundu vid\u0113jais nomin\u0101lais kalpo\u0161anas laiks \u2022 [&hellip;]<\/p>\n","protected":false},"featured_media":32295,"comment_status":"closed","ping_status":"closed","template":"","meta":{"inline_featured_image":false},"product_cat":[1127],"product_tag":[],"yst_prominent_words":[],"class_list":{"0":"post-32285","1":"product","2":"type-product","3":"status-publish","4":"has-post-thumbnail","6":"product_cat-mr16-spuldzes","8":"first","9":"outofstock","10":"taxable","11":"shipping-taxable","12":"purchasable","13":"product-type-simple"},"jetpack_sharing_enabled":true,"_links":{"self":[{"href":"https:\/\/ddt.lv\/lv\/wp-json\/wp\/v2\/product\/32285"}],"collection":[{"href":"https:\/\/ddt.lv\/lv\/wp-json\/wp\/v2\/product"}],"about":[{"href":"https:\/\/ddt.lv\/lv\/wp-json\/wp\/v2\/types\/product"}],"replies":[{"embeddable":true,"href":"https:\/\/ddt.lv\/lv\/wp-json\/wp\/v2\/comments?post=32285"}],"wp:featuredmedia":[{"embeddable":true,"href":"https:\/\/ddt.lv\/lv\/wp-json\/wp\/v2\/media\/32295"}],"wp:attachment":[{"href":"https:\/\/ddt.lv\/lv\/wp-json\/wp\/v2\/media?parent=32285"}],"wp:term":[{"taxonomy":"product_cat","embeddable":true,"href":"https:\/\/ddt.lv\/lv\/wp-json\/wp\/v2\/product_cat?post=32285"},{"taxonomy":"product_tag","embeddable":true,"href":"https:\/\/ddt.lv\/lv\/wp-json\/wp\/v2\/product_tag?post=32285"},{"taxonomy":"yst_prominent_words","embeddable":true,"href":"https:\/\/ddt.lv\/lv\/wp-json\/wp\/v2\/yst_prominent_words?post=32285"}],"curies":[{"name":"wp","href":"https:\/\/api.w.org\/{rel}","templated":true}]}}