{"id":32261,"date":"2022-01-25T13:50:45","date_gmt":"2022-01-25T11:50:45","guid":{"rendered":"https:\/\/ddt.lv\/lv\/product\/refled-gu10-5w-36-345lm-es50-6500k-v5-dim-spuldze-sylvania\/"},"modified":"2026-04-01T00:21:44","modified_gmt":"2026-03-31T21:21:44","slug":"refled-gu10-5w-36-345lm-es50-6500k-v5-dim-spuldze-sylvania","status":"publish","type":"product","link":"https:\/\/ddt.lv\/lv\/product\/refled-gu10-5w-36-345lm-es50-6500k-v5-dim-spuldze-sylvania\/","title":{"rendered":"RefLED GU10 5W 36&#8217; 345lm ES50 6500K V5 DIM spuldze Sylvania"},"content":{"rendered":"<p>\u2022 Kompakts, energoefekt\u012bvs un izcili izdev\u012bgs produkts.\u2022 T\u0101da pati forma un izm\u0113rs k\u0101 halog\u0113na GU10 lampai\u2022 Compact Cluster SMD tehnolo\u0123ija nodro\u0161ina augstu efektivit\u0101ti ar halog\u0113na izskatu\u2022 Samazin\u0101ta redzam\u0101 siltuma izlietne no priek\u0161puses\u2022 Pieejams 36 gr\u0101dos\u2022 Augsta l\u016bmena efektivit\u0101te\u2022 Aptum\u0161ojams ar apstiprin\u0101tiem dimmeriem\u2022 15 000 stundu vid\u0113jais nomin\u0101lais kalpo\u0161anas laiks<\/p>","protected":false},"excerpt":{"rendered":"<p>\u2022 Kompakts, energoefekt\u012bvs un izcili izdev\u012bgs produkts.\u2022 T\u0101da pati forma un izm\u0113rs k\u0101 halog\u0113na GU10 lampai\u2022 Compact Cluster SMD tehnolo\u0123ija nodro\u0161ina augstu efektivit\u0101ti ar halog\u0113na izskatu\u2022 Samazin\u0101ta redzam\u0101 siltuma izlietne no priek\u0161puses\u2022 Pieejams 36 gr\u0101dos\u2022 Augsta l\u016bmena efektivit\u0101te\u2022 Aptum\u0161ojams ar apstiprin\u0101tiem dimmeriem\u2022 15 000 stundu vid\u0113jais nomin\u0101lais kalpo\u0161anas laiks<\/p>\n","protected":false},"featured_media":32263,"comment_status":"closed","ping_status":"closed","template":"","meta":{"inline_featured_image":false},"product_cat":[852],"product_tag":[],"yst_prominent_words":[],"class_list":{"0":"post-32261","1":"product","2":"type-product","3":"status-publish","4":"has-post-thumbnail","6":"product_cat-gu10-spuldzes","8":"first","9":"instock","10":"taxable","11":"shipping-taxable","12":"purchasable","13":"product-type-simple"},"jetpack_sharing_enabled":true,"_links":{"self":[{"href":"https:\/\/ddt.lv\/lv\/wp-json\/wp\/v2\/product\/32261"}],"collection":[{"href":"https:\/\/ddt.lv\/lv\/wp-json\/wp\/v2\/product"}],"about":[{"href":"https:\/\/ddt.lv\/lv\/wp-json\/wp\/v2\/types\/product"}],"replies":[{"embeddable":true,"href":"https:\/\/ddt.lv\/lv\/wp-json\/wp\/v2\/comments?post=32261"}],"wp:featuredmedia":[{"embeddable":true,"href":"https:\/\/ddt.lv\/lv\/wp-json\/wp\/v2\/media\/32263"}],"wp:attachment":[{"href":"https:\/\/ddt.lv\/lv\/wp-json\/wp\/v2\/media?parent=32261"}],"wp:term":[{"taxonomy":"product_cat","embeddable":true,"href":"https:\/\/ddt.lv\/lv\/wp-json\/wp\/v2\/product_cat?post=32261"},{"taxonomy":"product_tag","embeddable":true,"href":"https:\/\/ddt.lv\/lv\/wp-json\/wp\/v2\/product_tag?post=32261"},{"taxonomy":"yst_prominent_words","embeddable":true,"href":"https:\/\/ddt.lv\/lv\/wp-json\/wp\/v2\/yst_prominent_words?post=32261"}],"curies":[{"name":"wp","href":"https:\/\/api.w.org\/{rel}","templated":true}]}}