{"id":32256,"date":"2022-01-25T13:50:41","date_gmt":"2022-01-25T11:50:41","guid":{"rendered":"https:\/\/ddt.lv\/lv\/product\/refled-superia-gu10-6-5w-40-500lm-es50-2700k-dim-spuldze-sylvania\/"},"modified":"2026-04-13T10:01:35","modified_gmt":"2026-04-13T07:01:35","slug":"refled-superia-gu10-6-5w-40-500lm-es50-2700k-dim-spuldze-sylvania","status":"publish","type":"product","link":"https:\/\/ddt.lv\/lv\/product\/refled-superia-gu10-6-5w-40-500lm-es50-2700k-dim-spuldze-sylvania\/","title":{"rendered":"RefLED Superia GU10 6.5W 40&#8217; 500lm ES50 2700K DIM spuldze Sylvania"},"content":{"rendered":"<p>RefLED Superia ES50 V2.1 Dimmable nodro\u0161ina augst\u0101k\u0101s kvalit\u0101tes t\u012bkla sprieguma LED apgaismojumu, kas pied\u0101v\u0101 500 lm, aizst\u0101jot 70 W halog\u0113no GU10, ietaupot vair\u0101k nek\u0101 80% ener\u0123ijas un pagarinot lampas kalpo\u0161anas laiku l\u012bdz 25 000 stund\u0101m. Homelight 2700K kr\u0101sa ar 40 gr\u0101du stara le\u0146\u0137i, \u0161is RefLED Superia ES50 V2.1 aptum\u0161ojams 500 lm ir ra\u017eots Eirop\u0101 atbilsto\u0161i Sylvania augst\u0101kajiem standartiem, un to nodro\u0161ina 5 gadu garantija. GU10 v\u0101ci\u0146\u0161. Izmantojot Sylvania unik\u0101lo Coolfit autom\u0101tisk\u0101s siltuma kontroles (AHC) tehnolo\u0123iju, \u0161\u012bs lampas nodro\u0161ina l\u012bdz pat 25 000 stund\u0101m pat sl\u0113gt\u0101s \u0137erme\u0146os. \u0160\u012bs spuldzes ir izstr\u0101d\u0101tas saska\u0146\u0101 ar Sylvania PureForm dizaina ideju, un t\u0101s atbilst GU10 halog\u0113na fiziskajam izm\u0113ram un formai, ko t\u0101s aizst\u0101j, nodro\u0161inot, ka t\u0101s var ietilpt visos gaismek\u013cos. Viena punkta avota dizains, izmantojot Sylvania kompakto kopu SMD dizainu (CCSMD), radot halog\u0113na lampas izskatu ar izcilu kr\u0101su konsistenci.<\/p>\n<p><\/p>","protected":false},"excerpt":{"rendered":"<p>RefLED Superia ES50 V2.1 Dimmable nodro\u0161ina augst\u0101k\u0101s kvalit\u0101tes t\u012bkla sprieguma LED apgaismojumu, kas pied\u0101v\u0101 500 lm, aizst\u0101jot 70 W halog\u0113no GU10, ietaupot vair\u0101k nek\u0101 80% ener\u0123ijas un pagarinot lampas kalpo\u0161anas laiku l\u012bdz 25 000 stund\u0101m. Homelight 2700K kr\u0101sa ar 40 gr\u0101du stara le\u0146\u0137i, \u0161is RefLED Superia ES50 V2.1 aptum\u0161ojams 500 lm ir ra\u017eots Eirop\u0101 atbilsto\u0161i [&hellip;]<\/p>\n","protected":false},"featured_media":32267,"comment_status":"closed","ping_status":"closed","template":"","meta":{"inline_featured_image":false},"product_cat":[852],"product_tag":[],"yst_prominent_words":[],"class_list":{"0":"post-32256","1":"product","2":"type-product","3":"status-publish","4":"has-post-thumbnail","6":"product_cat-gu10-spuldzes","8":"first","9":"outofstock","10":"taxable","11":"shipping-taxable","12":"purchasable","13":"product-type-simple"},"jetpack_sharing_enabled":true,"_links":{"self":[{"href":"https:\/\/ddt.lv\/lv\/wp-json\/wp\/v2\/product\/32256"}],"collection":[{"href":"https:\/\/ddt.lv\/lv\/wp-json\/wp\/v2\/product"}],"about":[{"href":"https:\/\/ddt.lv\/lv\/wp-json\/wp\/v2\/types\/product"}],"replies":[{"embeddable":true,"href":"https:\/\/ddt.lv\/lv\/wp-json\/wp\/v2\/comments?post=32256"}],"wp:featuredmedia":[{"embeddable":true,"href":"https:\/\/ddt.lv\/lv\/wp-json\/wp\/v2\/media\/32267"}],"wp:attachment":[{"href":"https:\/\/ddt.lv\/lv\/wp-json\/wp\/v2\/media?parent=32256"}],"wp:term":[{"taxonomy":"product_cat","embeddable":true,"href":"https:\/\/ddt.lv\/lv\/wp-json\/wp\/v2\/product_cat?post=32256"},{"taxonomy":"product_tag","embeddable":true,"href":"https:\/\/ddt.lv\/lv\/wp-json\/wp\/v2\/product_tag?post=32256"},{"taxonomy":"yst_prominent_words","embeddable":true,"href":"https:\/\/ddt.lv\/lv\/wp-json\/wp\/v2\/yst_prominent_words?post=32256"}],"curies":[{"name":"wp","href":"https:\/\/api.w.org\/{rel}","templated":true}]}}