{"id":32250,"date":"2022-01-25T13:50:37","date_gmt":"2022-01-25T11:50:37","guid":{"rendered":"https:\/\/ddt.lv\/lv\/product\/refled-gu10-3-5w-36-250lm-3000k-spuldze-sylvania\/"},"modified":"2026-04-01T00:21:39","modified_gmt":"2026-03-31T21:21:39","slug":"refled-gu10-3-5w-36-250lm-3000k-spuldze-sylvania","status":"publish","type":"product","link":"https:\/\/ddt.lv\/lv\/product\/refled-gu10-3-5w-36-250lm-3000k-spuldze-sylvania\/","title":{"rendered":"RefLED GU10 3.5W 36&#8242; 250lm 3000K spuldze Sylvania"},"content":{"rendered":"<p>Laba ikdienas kvalit\u0101te no z\u012bmola, kuram varat uztic\u0113ties. RefLED ES50 V2 nodro\u0161ina izmaksu zi\u0146\u0101 efekt\u012bvu risin\u0101jumu halog\u0113na GU10 aizst\u0101\u0161anai ar LED, pied\u0101v\u0101jot 250 lm gaismu, kas l\u012bdzv\u0113rt\u012bga 38 W halog\u0113na lampai, vienlaikus pagarinot lampas kalpo\u0161anas laiku l\u012bdz 15 000 stund\u0101m. GU10 v\u0101ci\u0146\u0161. 36 gr\u0101du stara le\u0146\u0137is silt\u0101 balt\u0101 kr\u0101s\u0101 3000K.<\/p>\n<p><\/p>","protected":false},"excerpt":{"rendered":"<p>Laba ikdienas kvalit\u0101te no z\u012bmola, kuram varat uztic\u0113ties. RefLED ES50 V2 nodro\u0161ina izmaksu zi\u0146\u0101 efekt\u012bvu risin\u0101jumu halog\u0113na GU10 aizst\u0101\u0161anai ar LED, pied\u0101v\u0101jot 250 lm gaismu, kas l\u012bdzv\u0113rt\u012bga 38 W halog\u0113na lampai, vienlaikus pagarinot lampas kalpo\u0161anas laiku l\u012bdz 15 000 stund\u0101m. GU10 v\u0101ci\u0146\u0161. 36 gr\u0101du stara le\u0146\u0137is silt\u0101 balt\u0101 kr\u0101s\u0101 3000K.<\/p>\n","protected":false},"featured_media":32274,"comment_status":"closed","ping_status":"closed","template":"","meta":{"inline_featured_image":false},"product_cat":[852],"product_tag":[],"yst_prominent_words":[],"class_list":{"0":"post-32250","1":"product","2":"type-product","3":"status-publish","4":"has-post-thumbnail","6":"product_cat-gu10-spuldzes","8":"first","9":"instock","10":"taxable","11":"shipping-taxable","12":"purchasable","13":"product-type-simple"},"jetpack_sharing_enabled":true,"_links":{"self":[{"href":"https:\/\/ddt.lv\/lv\/wp-json\/wp\/v2\/product\/32250"}],"collection":[{"href":"https:\/\/ddt.lv\/lv\/wp-json\/wp\/v2\/product"}],"about":[{"href":"https:\/\/ddt.lv\/lv\/wp-json\/wp\/v2\/types\/product"}],"replies":[{"embeddable":true,"href":"https:\/\/ddt.lv\/lv\/wp-json\/wp\/v2\/comments?post=32250"}],"wp:featuredmedia":[{"embeddable":true,"href":"https:\/\/ddt.lv\/lv\/wp-json\/wp\/v2\/media\/32274"}],"wp:attachment":[{"href":"https:\/\/ddt.lv\/lv\/wp-json\/wp\/v2\/media?parent=32250"}],"wp:term":[{"taxonomy":"product_cat","embeddable":true,"href":"https:\/\/ddt.lv\/lv\/wp-json\/wp\/v2\/product_cat?post=32250"},{"taxonomy":"product_tag","embeddable":true,"href":"https:\/\/ddt.lv\/lv\/wp-json\/wp\/v2\/product_tag?post=32250"},{"taxonomy":"yst_prominent_words","embeddable":true,"href":"https:\/\/ddt.lv\/lv\/wp-json\/wp\/v2\/yst_prominent_words?post=32250"}],"curies":[{"name":"wp","href":"https:\/\/api.w.org\/{rel}","templated":true}]}}