{"id":32248,"date":"2022-01-25T13:50:36","date_gmt":"2022-01-25T11:50:36","guid":{"rendered":"https:\/\/ddt.lv\/lv\/product\/refled-retro-gu10-4w-36-230lm-3000k-es50-spuldze-sylvania\/"},"modified":"2026-04-08T14:41:24","modified_gmt":"2026-04-08T11:41:24","slug":"refled-retro-gu10-4w-36-230lm-3000k-es50-spuldze-sylvania","status":"publish","type":"product","link":"https:\/\/ddt.lv\/lv\/product\/refled-retro-gu10-4w-36-230lm-3000k-es50-spuldze-sylvania\/","title":{"rendered":"RefLED RETRO GU10 4W 36&#8217; 230lm 3000K Es50 spuldze Sylvania"},"content":{"rendered":"<p>Vair\u0101k nek\u0101 90% ener\u0123ijas ietaup\u012bjums sal\u012bdzin\u0101jum\u0101 ar halog\u0113na GU10 lampu, t\u0101da pati forma un izm\u0113rs k\u0101 halog\u0113na lamp\u0101m, Stikla konstrukcija pied\u0101v\u0101 klasisku izskatu ar jaun\u0101ko efekt\u012bvo LED tehnolo\u0123iju, Stikla korpuss noz\u012bm\u0113, ka nav kr\u0101su sadursmes ar gaismekli un ir ide\u0101li piem\u0113rots atkl\u0101tam punktveida apgaismojumam, Kr\u0101su temperat\u016bra &#8211; 3000K, Pieejams 36 gr\u0101du stara le\u0146\u0137\u012b, l\u016bmena jauda &#8211; 230 lm, augsta l\u016bmena efektivit\u0101te &#8211; 74 lm\/W, A++ ener\u0123ijas klase, 15 000 stundu vid\u0113jais nomin\u0101lais kalpo\u0161anas laiks<\/p>\n<p><\/p>","protected":false},"excerpt":{"rendered":"<p>Vair\u0101k nek\u0101 90% ener\u0123ijas ietaup\u012bjums sal\u012bdzin\u0101jum\u0101 ar halog\u0113na GU10 lampu, t\u0101da pati forma un izm\u0113rs k\u0101 halog\u0113na lamp\u0101m, Stikla konstrukcija pied\u0101v\u0101 klasisku izskatu ar jaun\u0101ko efekt\u012bvo LED tehnolo\u0123iju, Stikla korpuss noz\u012bm\u0113, ka nav kr\u0101su sadursmes ar gaismekli un ir ide\u0101li piem\u0113rots atkl\u0101tam punktveida apgaismojumam, Kr\u0101su temperat\u016bra &#8211; 3000K, Pieejams 36 gr\u0101du stara le\u0146\u0137\u012b, l\u016bmena jauda [&hellip;]<\/p>\n","protected":false},"featured_media":32275,"comment_status":"closed","ping_status":"closed","template":"","meta":{"inline_featured_image":false},"product_cat":[852],"product_tag":[],"yst_prominent_words":[],"class_list":{"0":"post-32248","1":"product","2":"type-product","3":"status-publish","4":"has-post-thumbnail","6":"product_cat-gu10-spuldzes","8":"first","9":"outofstock","10":"taxable","11":"shipping-taxable","12":"purchasable","13":"product-type-simple"},"jetpack_sharing_enabled":true,"_links":{"self":[{"href":"https:\/\/ddt.lv\/lv\/wp-json\/wp\/v2\/product\/32248"}],"collection":[{"href":"https:\/\/ddt.lv\/lv\/wp-json\/wp\/v2\/product"}],"about":[{"href":"https:\/\/ddt.lv\/lv\/wp-json\/wp\/v2\/types\/product"}],"replies":[{"embeddable":true,"href":"https:\/\/ddt.lv\/lv\/wp-json\/wp\/v2\/comments?post=32248"}],"wp:featuredmedia":[{"embeddable":true,"href":"https:\/\/ddt.lv\/lv\/wp-json\/wp\/v2\/media\/32275"}],"wp:attachment":[{"href":"https:\/\/ddt.lv\/lv\/wp-json\/wp\/v2\/media?parent=32248"}],"wp:term":[{"taxonomy":"product_cat","embeddable":true,"href":"https:\/\/ddt.lv\/lv\/wp-json\/wp\/v2\/product_cat?post=32248"},{"taxonomy":"product_tag","embeddable":true,"href":"https:\/\/ddt.lv\/lv\/wp-json\/wp\/v2\/product_tag?post=32248"},{"taxonomy":"yst_prominent_words","embeddable":true,"href":"https:\/\/ddt.lv\/lv\/wp-json\/wp\/v2\/yst_prominent_words?post=32248"}],"curies":[{"name":"wp","href":"https:\/\/api.w.org\/{rel}","templated":true}]}}