{"id":32246,"date":"2022-01-25T13:40:30","date_gmt":"2022-01-25T11:40:30","guid":{"rendered":"https:\/\/ddt.lv\/lv\/product\/refled-superia-ar111-g53-dim-13w-12v-905lm-830-25-spuldze-sylvania\/"},"modified":"2026-04-08T14:41:24","modified_gmt":"2026-04-08T11:41:24","slug":"refled-superia-ar111-g53-dim-13w-12v-905lm-830-25-spuldze-sylvania","status":"publish","type":"product","link":"https:\/\/ddt.lv\/lv\/product\/refled-superia-ar111-g53-dim-13w-12v-905lm-830-25-spuldze-sylvania\/","title":{"rendered":"RefLED Superia AR111 G53 Dim 13W 12V 905lm 830 25\u00b0 spuldze Sylvania"},"content":{"rendered":"<p>RefLED Superia AR111 Dimmable nodro\u0161ina augst\u0101k\u0101s kvalit\u0101tes zemsprieguma LED apgaismojumu, kas pied\u0101v\u0101 905 lm, aizst\u0101jot 100 W halog\u0113no AR111, ietaupot vair\u0101k nek\u0101 80% ener\u0123ijas un pagarinot lampas kalpo\u0161anas laiku l\u012bdz 50 000 stund\u0101m. Silti balta 3000K kr\u0101sa ar 25 gr\u0101du stara le\u0146\u0137i, \u0161is RefLED Superia AR111 aptum\u0161ojams 905lm ir ra\u017eots Eirop\u0101 saska\u0146\u0101 ar Sylvania augst\u0101kajiem standartiem, un to nodro\u0161ina 5 gadu garantija. G53 v\u0101ci\u0146\u0161. PureForm dizains noz\u012bm\u0113, ka \u0161\u012bs lampas p\u0113c izm\u0113riem ir identiskas halog\u0113na AR111 lamp\u0101m, un t\u0101s \u012bpa\u0161\u0101s optikas d\u0113\u013c \u0161\u012b lampa nodro\u0161ina prec\u012bzu staru k\u016bli ar \u013coti zemu atsp\u012bdumu, kas ir ide\u0101li piem\u0113rots veikalu un displeju apgaismojumam.<\/p>","protected":false},"excerpt":{"rendered":"<p>RefLED Superia AR111 Dimmable nodro\u0161ina augst\u0101k\u0101s kvalit\u0101tes zemsprieguma LED apgaismojumu, kas pied\u0101v\u0101 905 lm, aizst\u0101jot 100 W halog\u0113no AR111, ietaupot vair\u0101k nek\u0101 80% ener\u0123ijas un pagarinot lampas kalpo\u0161anas laiku l\u012bdz 50 000 stund\u0101m. Silti balta 3000K kr\u0101sa ar 25 gr\u0101du stara le\u0146\u0137i, \u0161is RefLED Superia AR111 aptum\u0161ojams 905lm ir ra\u017eots Eirop\u0101 saska\u0146\u0101 ar Sylvania augst\u0101kajiem [&hellip;]<\/p>\n","protected":false},"featured_media":32276,"comment_status":"closed","ping_status":"closed","template":"","meta":{"inline_featured_image":false},"product_cat":[772,1468],"product_tag":[],"yst_prominent_words":[],"class_list":{"0":"post-32246","1":"product","2":"type-product","3":"status-publish","4":"has-post-thumbnail","6":"product_cat-atlaides","7":"product_cat-ar111-spuldzes","9":"first","10":"instock","11":"sale","12":"taxable","13":"shipping-taxable","14":"purchasable","15":"product-type-simple"},"jetpack_sharing_enabled":true,"_links":{"self":[{"href":"https:\/\/ddt.lv\/lv\/wp-json\/wp\/v2\/product\/32246"}],"collection":[{"href":"https:\/\/ddt.lv\/lv\/wp-json\/wp\/v2\/product"}],"about":[{"href":"https:\/\/ddt.lv\/lv\/wp-json\/wp\/v2\/types\/product"}],"replies":[{"embeddable":true,"href":"https:\/\/ddt.lv\/lv\/wp-json\/wp\/v2\/comments?post=32246"}],"wp:featuredmedia":[{"embeddable":true,"href":"https:\/\/ddt.lv\/lv\/wp-json\/wp\/v2\/media\/32276"}],"wp:attachment":[{"href":"https:\/\/ddt.lv\/lv\/wp-json\/wp\/v2\/media?parent=32246"}],"wp:term":[{"taxonomy":"product_cat","embeddable":true,"href":"https:\/\/ddt.lv\/lv\/wp-json\/wp\/v2\/product_cat?post=32246"},{"taxonomy":"product_tag","embeddable":true,"href":"https:\/\/ddt.lv\/lv\/wp-json\/wp\/v2\/product_tag?post=32246"},{"taxonomy":"yst_prominent_words","embeddable":true,"href":"https:\/\/ddt.lv\/lv\/wp-json\/wp\/v2\/yst_prominent_words?post=32246"}],"curies":[{"name":"wp","href":"https:\/\/api.w.org\/{rel}","templated":true}]}}