{"id":32244,"date":"2022-01-25T13:40:30","date_gmt":"2022-01-25T11:40:30","guid":{"rendered":"https:\/\/ddt.lv\/lv\/product\/refled-superia-mr16-gu5-3-7w-25-12v-345lm-3000k-spuldze-sylvania\/"},"modified":"2026-04-08T14:41:23","modified_gmt":"2026-04-08T11:41:23","slug":"refled-superia-mr16-gu5-3-7w-25-12v-345lm-3000k-spuldze-sylvania","status":"publish","type":"product","link":"https:\/\/ddt.lv\/lv\/product\/refled-superia-mr16-gu5-3-7w-25-12v-345lm-3000k-spuldze-sylvania\/","title":{"rendered":"RefLED Superia MR16 GU5.3 7W 25\u00b0 12V 345lm 3000K spuldze Sylvania"},"content":{"rendered":"<p>RefLED Superia MR16 nodro\u0161ina augst\u0101k\u0101s kvalit\u0101tes zemsprieguma LED apgaismojumu, kas pied\u0101v\u0101 345 lm, aizst\u0101jot 35 W halog\u0113no MR16, ietaupot vair\u0101k nek\u0101 80% ener\u0123ijas un pagarinot lampas kalpo\u0161anas laiku l\u012bdz 25 000 stund\u0101m. Silti balta 3000K kr\u0101sa ar 25 gr\u0101du stara le\u0146\u0137i, \u0161is RefLED Superia MR16 345lm ir ra\u017eots Eirop\u0101 saska\u0146\u0101 ar Sylvania augst\u0101kajiem standartiem, un to visu nodro\u0161ina 5 gadu garantija. GU5.3 v\u0101ci\u0146\u0161. Ar Sylvania unik\u0101lo Coolfit Automatic Heat Control tehnolo\u0123iju \u0161\u012bs lampas ir piem\u0113rotas lieto\u0161anai sl\u0113gt\u0101s \u0137erme\u0146os.<\/p>\n<p><\/p>","protected":false},"excerpt":{"rendered":"<p>RefLED Superia MR16 nodro\u0161ina augst\u0101k\u0101s kvalit\u0101tes zemsprieguma LED apgaismojumu, kas pied\u0101v\u0101 345 lm, aizst\u0101jot 35 W halog\u0113no MR16, ietaupot vair\u0101k nek\u0101 80% ener\u0123ijas un pagarinot lampas kalpo\u0161anas laiku l\u012bdz 25 000 stund\u0101m. Silti balta 3000K kr\u0101sa ar 25 gr\u0101du stara le\u0146\u0137i, \u0161is RefLED Superia MR16 345lm ir ra\u017eots Eirop\u0101 saska\u0146\u0101 ar Sylvania augst\u0101kajiem standartiem, un [&hellip;]<\/p>\n","protected":false},"featured_media":32277,"comment_status":"closed","ping_status":"closed","template":"","meta":{"inline_featured_image":false},"product_cat":[1127],"product_tag":[],"yst_prominent_words":[],"class_list":{"0":"post-32244","1":"product","2":"type-product","3":"status-publish","4":"has-post-thumbnail","6":"product_cat-mr16-spuldzes","8":"first","9":"outofstock","10":"taxable","11":"shipping-taxable","12":"purchasable","13":"product-type-simple"},"jetpack_sharing_enabled":true,"_links":{"self":[{"href":"https:\/\/ddt.lv\/lv\/wp-json\/wp\/v2\/product\/32244"}],"collection":[{"href":"https:\/\/ddt.lv\/lv\/wp-json\/wp\/v2\/product"}],"about":[{"href":"https:\/\/ddt.lv\/lv\/wp-json\/wp\/v2\/types\/product"}],"replies":[{"embeddable":true,"href":"https:\/\/ddt.lv\/lv\/wp-json\/wp\/v2\/comments?post=32244"}],"wp:featuredmedia":[{"embeddable":true,"href":"https:\/\/ddt.lv\/lv\/wp-json\/wp\/v2\/media\/32277"}],"wp:attachment":[{"href":"https:\/\/ddt.lv\/lv\/wp-json\/wp\/v2\/media?parent=32244"}],"wp:term":[{"taxonomy":"product_cat","embeddable":true,"href":"https:\/\/ddt.lv\/lv\/wp-json\/wp\/v2\/product_cat?post=32244"},{"taxonomy":"product_tag","embeddable":true,"href":"https:\/\/ddt.lv\/lv\/wp-json\/wp\/v2\/product_tag?post=32244"},{"taxonomy":"yst_prominent_words","embeddable":true,"href":"https:\/\/ddt.lv\/lv\/wp-json\/wp\/v2\/yst_prominent_words?post=32244"}],"curies":[{"name":"wp","href":"https:\/\/api.w.org\/{rel}","templated":true}]}}