{"id":32071,"date":"2022-01-20T14:40:23","date_gmt":"2022-01-20T12:40:23","guid":{"rendered":"https:\/\/ddt.lv\/lv\/product\/galda-lampa-karen-led-10w-600lm-ip20-3k-4k-6k-dim-melna-emos\/"},"modified":"2026-04-13T11:50:26","modified_gmt":"2026-04-13T08:50:26","slug":"galda-lampa-karen-led-10w-600lm-ip20-3k-4k-6k-dim-melna-emos","status":"publish","type":"product","link":"https:\/\/ddt.lv\/lv\/product\/galda-lampa-karen-led-10w-600lm-ip20-3k-4k-6k-dim-melna-emos\/","title":{"rendered":"Galda lampa KAREN LED 10W 600lm IP20 3K\/4K\/6K melna EMOS"},"content":{"rendered":"<p>baro\u0161anas avota USB kabelis.<br \/>\nmelna kr\u0101sa.<br \/>\ngaismas pl\u016bsma 600 lm.<br \/>\ngaismas kr\u0101sa silta \/ neitr\u0101la \/ auksti balta.<br \/>\nelektroener\u0123ijas pat\u0113ri\u0146\u0161 10 W.<br \/>\nUSB ports nav + bezvadu uzl\u0101de.<br \/>\nbaro\u0161anas avots iek\u013cauts  (USB kabelis).<br \/>\nstr\u0101vas kabe\u013ca garums 1,3 m.<br \/>\nkr\u0101su render\u0113\u0161anas indekss (CRI) Ra&gt; 80.<br \/>\nIP20 aizsardz\u012bba.<br \/>\nmateri\u0101ls alum\u012bnijs\/plastmasa.<br \/>\nspriegums 220-240 V.<br \/>\nhromatiskuma temperat\u016bra 3000 \/ 4000 \/ 6000 K.<br \/>\nizm\u0113rs 200 \u00d7 550 \u00d7 700 mm.<br \/>\nPast\u0101v\u012bga l\u0101d\u0113t\u0101ju mekl\u0113\u0161ana? Tie\u0161i t\u0101! Popul\u0101rs KAREN lampas ieguvums ir mobil\u0101 t\u0101lru\u0146a uzl\u0101des iesp\u0113ja, kas ir \u013coti praktiska ne tikai biroj\u0101, bet ar\u012b m\u0101jas biroj\u0101. Pateicoties tam, j\u016bs vienm\u0113r var\u0113siet redz\u0113t savu t\u0101lruni un jums neb\u016bs j\u0101atk\u0101pjas no dal\u012bt\u0101 darba. Nekas netrauc\u0113s j\u016bsu koncentr\u0113\u0161an\u0101s sp\u0113jai!<\/p>\n<p>baro\u0161anas avota\u00a0 kabelis.<br \/>\nmelna kr\u0101sa.<br \/>\ngaismas pl\u016bsma 640 lm.<br \/>\ngaismas kr\u0101sa silta \/ neitr\u0101la \/ auksti balta.<br \/>\nelektroener\u0123ijas pat\u0113ri\u0146\u0161 10 W.<br \/>\nUSB ports nav + bezvadu uzl\u0101de.<br \/>\nbaro\u0161anas avots iek\u013cauts (adapteris un kabelis).<br \/>\nstr\u0101vas kabe\u013ca garums 1,3 m.<br \/>\nkr\u0101su render\u0113\u0161anas indekss (CRI) Ra&gt; 80.<br \/>\nIP20 aizsardz\u012bba.<br \/>\nmateri\u0101ls alum\u012bnijs\/plastmasa.<br \/>\nspriegums 220-240 V.<br \/>\nkr\u0101su temperat\u016bra 3000 \/ 4000 \/ 6000 K.<br \/>\nizm\u0113rs 200 \u00d7 550 \u00d7 700 mm.<br \/>\nPast\u0101v\u012bga l\u0101d\u0113t\u0101ju mekl\u0113\u0161ana? Tie\u0161i t\u0101! Popul\u0101rs KAREN lampas ieguvums ir mobil\u0101 t\u0101lru\u0146a uzl\u0101des iesp\u0113ja, kas ir \u013coti praktiska ne tikai biroj\u0101, bet ar\u012b m\u0101jas biroj\u0101. Pateicoties tam, j\u016bs vienm\u0113r var\u0113siet redz\u0113t savu t\u0101lruni un jums neb\u016bs j\u0101atk\u0101pjas no dal\u012bt\u0101 darba. Nekas netrauc\u0113s j\u016bsu koncentr\u0113\u0161an\u0101s sp\u0113jai!<\/p>\n<p><\/p>","protected":false},"excerpt":{"rendered":"<p>baro\u0161anas avota USB kabelis. melna kr\u0101sa. gaismas pl\u016bsma 600 lm. gaismas kr\u0101sa silta \/ neitr\u0101la \/ auksti balta. elektroener\u0123ijas pat\u0113ri\u0146\u0161 10 W. USB ports nav + bezvadu uzl\u0101de. baro\u0161anas avots iek\u013cauts (USB kabelis). str\u0101vas kabe\u013ca garums 1,3 m. kr\u0101su render\u0113\u0161anas indekss (CRI) Ra&gt; 80. IP20 aizsardz\u012bba. materi\u0101ls alum\u012bnijs\/plastmasa. spriegums 220-240 V. hromatiskuma temperat\u016bra 3000 \/ [&hellip;]<\/p>\n","protected":false},"featured_media":32080,"comment_status":"closed","ping_status":"closed","template":"","meta":{"inline_featured_image":false},"product_cat":[1292,746],"product_tag":[],"yst_prominent_words":[],"class_list":{"0":"post-32071","1":"product","2":"type-product","3":"status-publish","4":"has-post-thumbnail","6":"product_cat-galda-lampas-un-stavlampas-apgaismojums","7":"product_cat-pagarinataji-pagarinataji-un-sadalitaji","9":"first","10":"instock","11":"taxable","12":"shipping-taxable","13":"purchasable","14":"product-type-simple"},"jetpack_sharing_enabled":true,"_links":{"self":[{"href":"https:\/\/ddt.lv\/lv\/wp-json\/wp\/v2\/product\/32071"}],"collection":[{"href":"https:\/\/ddt.lv\/lv\/wp-json\/wp\/v2\/product"}],"about":[{"href":"https:\/\/ddt.lv\/lv\/wp-json\/wp\/v2\/types\/product"}],"replies":[{"embeddable":true,"href":"https:\/\/ddt.lv\/lv\/wp-json\/wp\/v2\/comments?post=32071"}],"wp:featuredmedia":[{"embeddable":true,"href":"https:\/\/ddt.lv\/lv\/wp-json\/wp\/v2\/media\/32080"}],"wp:attachment":[{"href":"https:\/\/ddt.lv\/lv\/wp-json\/wp\/v2\/media?parent=32071"}],"wp:term":[{"taxonomy":"product_cat","embeddable":true,"href":"https:\/\/ddt.lv\/lv\/wp-json\/wp\/v2\/product_cat?post=32071"},{"taxonomy":"product_tag","embeddable":true,"href":"https:\/\/ddt.lv\/lv\/wp-json\/wp\/v2\/product_tag?post=32071"},{"taxonomy":"yst_prominent_words","embeddable":true,"href":"https:\/\/ddt.lv\/lv\/wp-json\/wp\/v2\/yst_prominent_words?post=32071"}],"curies":[{"name":"wp","href":"https:\/\/api.w.org\/{rel}","templated":true}]}}