{"id":32069,"date":"2022-01-20T14:40:22","date_gmt":"2022-01-20T12:40:22","guid":{"rendered":"https:\/\/ddt.lv\/lv\/product\/galda-lampa-simon-led-8w-360lm-ip20-3k-4k-6k-dim-melna-emos\/"},"modified":"2026-04-13T10:01:30","modified_gmt":"2026-04-13T07:01:30","slug":"galda-lampa-simon-led-8w-360lm-ip20-3k-4k-6k-dim-melna-emos","status":"publish","type":"product","link":"https:\/\/ddt.lv\/lv\/product\/galda-lampa-simon-led-8w-360lm-ip20-3k-4k-6k-dim-melna-emos\/","title":{"rendered":"Galda lampa SIMON LED 8W 360lm IP20 3K\/4K\/6K melna EMOS"},"content":{"rendered":"<p>baro\u0161anas avots 13,5 V \/ 1200 mA.<br \/>\nmelna kr\u0101sa.<br \/>\ngaismas pl\u016bsma 360 lm.<br \/>\ngaismas kr\u0101sa silta \/ neitr\u0101la \/ auksti balta.<br \/>\nelektroener\u0123ijas pat\u0113ri\u0146\u0161 8 W.<br \/>\nUSB ports .<br \/>\nbaro\u0161anas bloks iek\u013cauts .<br \/>\nstr\u0101vas kabe\u013ca garums 1,3 m.<br \/>\nkr\u0101su render\u0113\u0161anas indekss (CRI) Ra&gt; 80.<br \/>\nIP20 aizsardz\u012bba.<br \/>\nmateri\u0101ls alum\u012bnijs\/plastmasa.<br \/>\nspriegums 100-240 V.<br \/>\nLED skaits 18.<br \/>\nhromatiskuma temperat\u016bra 3000 \/ 4000 \/ 6000 K.<br \/>\nkalpo\u0161anas laiks 20 000 stundas.<br \/>\nizm\u0113rs 170 \u00d7 350 \u00d7 390 mm.<\/p>","protected":false},"excerpt":{"rendered":"<p>baro\u0161anas avots 13,5 V \/ 1200 mA. melna kr\u0101sa. gaismas pl\u016bsma 360 lm. gaismas kr\u0101sa silta \/ neitr\u0101la \/ auksti balta. elektroener\u0123ijas pat\u0113ri\u0146\u0161 8 W. USB ports . baro\u0161anas bloks iek\u013cauts . str\u0101vas kabe\u013ca garums 1,3 m. kr\u0101su render\u0113\u0161anas indekss (CRI) Ra&gt; 80. IP20 aizsardz\u012bba. materi\u0101ls alum\u012bnijs\/plastmasa. spriegums 100-240 V. LED skaits 18. hromatiskuma temperat\u016bra [&hellip;]<\/p>\n","protected":false},"featured_media":32087,"comment_status":"closed","ping_status":"closed","template":"","meta":{"inline_featured_image":false},"product_cat":[1292,746],"product_tag":[],"yst_prominent_words":[],"class_list":{"0":"post-32069","1":"product","2":"type-product","3":"status-publish","4":"has-post-thumbnail","6":"product_cat-galda-lampas-un-stavlampas-apgaismojums","7":"product_cat-pagarinataji-pagarinataji-un-sadalitaji","9":"first","10":"outofstock","11":"taxable","12":"shipping-taxable","13":"purchasable","14":"product-type-simple"},"jetpack_sharing_enabled":true,"_links":{"self":[{"href":"https:\/\/ddt.lv\/lv\/wp-json\/wp\/v2\/product\/32069"}],"collection":[{"href":"https:\/\/ddt.lv\/lv\/wp-json\/wp\/v2\/product"}],"about":[{"href":"https:\/\/ddt.lv\/lv\/wp-json\/wp\/v2\/types\/product"}],"replies":[{"embeddable":true,"href":"https:\/\/ddt.lv\/lv\/wp-json\/wp\/v2\/comments?post=32069"}],"wp:featuredmedia":[{"embeddable":true,"href":"https:\/\/ddt.lv\/lv\/wp-json\/wp\/v2\/media\/32087"}],"wp:attachment":[{"href":"https:\/\/ddt.lv\/lv\/wp-json\/wp\/v2\/media?parent=32069"}],"wp:term":[{"taxonomy":"product_cat","embeddable":true,"href":"https:\/\/ddt.lv\/lv\/wp-json\/wp\/v2\/product_cat?post=32069"},{"taxonomy":"product_tag","embeddable":true,"href":"https:\/\/ddt.lv\/lv\/wp-json\/wp\/v2\/product_tag?post=32069"},{"taxonomy":"yst_prominent_words","embeddable":true,"href":"https:\/\/ddt.lv\/lv\/wp-json\/wp\/v2\/yst_prominent_words?post=32069"}],"curies":[{"name":"wp","href":"https:\/\/api.w.org\/{rel}","templated":true}]}}