{"id":32065,"date":"2022-01-20T14:40:18","date_gmt":"2022-01-20T12:40:18","guid":{"rendered":"https:\/\/ddt.lv\/lv\/product\/galda-lampa-alvin-led-3w-200lm-ip20-4k-dim-melna-emos\/"},"modified":"2026-04-01T00:21:34","modified_gmt":"2026-03-31T21:21:34","slug":"galda-lampa-alvin-led-3w-200lm-ip20-4k-dim-melna-emos","status":"publish","type":"product","link":"https:\/\/ddt.lv\/lv\/product\/galda-lampa-alvin-led-3w-200lm-ip20-4k-dim-melna-emos\/","title":{"rendered":"Galda lampa ALVIN LED 3W 200lm IP20 4K  melna EMOS"},"content":{"rendered":"<p>baro\u0161anas avots 20 V \/ 150 mA.<br \/>\nmelna kr\u0101sa.<br \/>\ngaismas pl\u016bsma 200 lm.<br \/>\ngaismas kr\u0101sa neitr\u0101la balta.<br \/>\nelektroener\u0123ijas pat\u0113ri\u0146\u0161 3 W.<br \/>\nbaro\u0161anas bloks iek\u013cauts .<br \/>\nstr\u0101vas kabe\u013ca garums 1,8 m.<br \/>\nener\u0123ijas klase A+.<br \/>\nkr\u0101su render\u0113\u0161anas indekss (CRI) Ra&gt; 80.<br \/>\nIP20 aizsardz\u012bba.<br \/>\nmateri\u0101ls alum\u012bnijs\/plastmasa.<br \/>\nspriegums 100-240 V.<br \/>\nLED skaits 6.<br \/>\nhromatisk\u0101 temperat\u016bra 4 000 K.<br \/>\nkalpo\u0161anas laiks 20 000 stundas.<br \/>\nizm\u0113rs 170 \u00d7 410 \u00d7 510 mm.<br \/>\n<\/p>","protected":false},"excerpt":{"rendered":"<p>baro\u0161anas avots 20 V \/ 150 mA. melna kr\u0101sa. gaismas pl\u016bsma 200 lm. gaismas kr\u0101sa neitr\u0101la balta. elektroener\u0123ijas pat\u0113ri\u0146\u0161 3 W. baro\u0161anas bloks iek\u013cauts . str\u0101vas kabe\u013ca garums 1,8 m. ener\u0123ijas klase A+. kr\u0101su render\u0113\u0161anas indekss (CRI) Ra&gt; 80. IP20 aizsardz\u012bba. materi\u0101ls alum\u012bnijs\/plastmasa. spriegums 100-240 V. LED skaits 6. hromatisk\u0101 temperat\u016bra 4 000 K. kalpo\u0161anas [&hellip;]<\/p>\n","protected":false},"featured_media":32116,"comment_status":"closed","ping_status":"closed","template":"","meta":{"inline_featured_image":false},"product_cat":[1292,746],"product_tag":[],"yst_prominent_words":[],"class_list":{"0":"post-32065","1":"product","2":"type-product","3":"status-publish","4":"has-post-thumbnail","6":"product_cat-galda-lampas-un-stavlampas-apgaismojums","7":"product_cat-pagarinataji-pagarinataji-un-sadalitaji","9":"first","10":"outofstock","11":"taxable","12":"shipping-taxable","13":"purchasable","14":"product-type-simple"},"jetpack_sharing_enabled":true,"_links":{"self":[{"href":"https:\/\/ddt.lv\/lv\/wp-json\/wp\/v2\/product\/32065"}],"collection":[{"href":"https:\/\/ddt.lv\/lv\/wp-json\/wp\/v2\/product"}],"about":[{"href":"https:\/\/ddt.lv\/lv\/wp-json\/wp\/v2\/types\/product"}],"replies":[{"embeddable":true,"href":"https:\/\/ddt.lv\/lv\/wp-json\/wp\/v2\/comments?post=32065"}],"wp:featuredmedia":[{"embeddable":true,"href":"https:\/\/ddt.lv\/lv\/wp-json\/wp\/v2\/media\/32116"}],"wp:attachment":[{"href":"https:\/\/ddt.lv\/lv\/wp-json\/wp\/v2\/media?parent=32065"}],"wp:term":[{"taxonomy":"product_cat","embeddable":true,"href":"https:\/\/ddt.lv\/lv\/wp-json\/wp\/v2\/product_cat?post=32065"},{"taxonomy":"product_tag","embeddable":true,"href":"https:\/\/ddt.lv\/lv\/wp-json\/wp\/v2\/product_tag?post=32065"},{"taxonomy":"yst_prominent_words","embeddable":true,"href":"https:\/\/ddt.lv\/lv\/wp-json\/wp\/v2\/yst_prominent_words?post=32065"}],"curies":[{"name":"wp","href":"https:\/\/api.w.org\/{rel}","templated":true}]}}