{"id":32064,"date":"2022-01-20T14:40:17","date_gmt":"2022-01-20T12:40:17","guid":{"rendered":"https:\/\/ddt.lv\/lv\/product\/led-gls-filament-a67-e27-11w-230v-1521lm-4000k-320-spuldze-emos\/"},"modified":"2026-04-09T16:16:09","modified_gmt":"2026-04-09T13:16:09","slug":"led-gls-filament-a67-e27-11w-230v-1521lm-4000k-320-spuldze-emos","status":"publish","type":"product","link":"https:\/\/ddt.lv\/lv\/product\/led-gls-filament-a67-e27-11w-230v-1521lm-4000k-320-spuldze-emos\/","title":{"rendered":"LED GLS FILAMENT A67 E27 11W 230V 1521lm 4000K 320\u00b0 spuldze EMOS"},"content":{"rendered":"<p>ligzda (spuldzes tur\u0113t\u0101js) E27.<br \/>\ngaismas kr\u0101sa neitr\u0101la balta.<br \/>\n100 W spuldzes nomai\u0146a.<br \/>\nelektroener\u0123ijas pat\u0113ri\u0146\u0161 11 W.<br \/>\ngaismas pl\u016bsma 1521 lm.<br \/>\nFILAMENT s\u0113rija.<br \/>\nforma A67.<br \/>\nhromatisk\u0101 temperat\u016bra 4 000 K.<br \/>\nspriegums 230 V ~ \/ 50 Hz.<br \/>\nstara le\u0146\u0137is 320\u00b0.<br \/>\nkr\u0101su render\u0113\u0161anas indekss (CRI) 80.<br \/>\nener\u0123ijas klase (no 1.9.2021.) D.<br \/>\nkalpo\u0161anas laiks 25 000 stundas.<\/p>","protected":false},"excerpt":{"rendered":"<p>ligzda (spuldzes tur\u0113t\u0101js) E27. gaismas kr\u0101sa neitr\u0101la balta. 100 W spuldzes nomai\u0146a. elektroener\u0123ijas pat\u0113ri\u0146\u0161 11 W. gaismas pl\u016bsma 1521 lm. FILAMENT s\u0113rija. forma A67. hromatisk\u0101 temperat\u016bra 4 000 K. spriegums 230 V ~ \/ 50 Hz. stara le\u0146\u0137is 320\u00b0. kr\u0101su render\u0113\u0161anas indekss (CRI) 80. ener\u0123ijas klase (no 1.9.2021.) D. kalpo\u0161anas laiks 25 000 stundas.<\/p>\n","protected":false},"featured_media":32121,"comment_status":"closed","ping_status":"closed","template":"","meta":{"inline_featured_image":false},"product_cat":[925],"product_tag":[],"yst_prominent_words":[],"class_list":{"0":"post-32064","1":"product","2":"type-product","3":"status-publish","4":"has-post-thumbnail","6":"product_cat-filament-tipa-spuldzes","8":"first","9":"instock","10":"taxable","11":"shipping-taxable","12":"purchasable","13":"product-type-simple"},"jetpack_sharing_enabled":true,"_links":{"self":[{"href":"https:\/\/ddt.lv\/lv\/wp-json\/wp\/v2\/product\/32064"}],"collection":[{"href":"https:\/\/ddt.lv\/lv\/wp-json\/wp\/v2\/product"}],"about":[{"href":"https:\/\/ddt.lv\/lv\/wp-json\/wp\/v2\/types\/product"}],"replies":[{"embeddable":true,"href":"https:\/\/ddt.lv\/lv\/wp-json\/wp\/v2\/comments?post=32064"}],"wp:featuredmedia":[{"embeddable":true,"href":"https:\/\/ddt.lv\/lv\/wp-json\/wp\/v2\/media\/32121"}],"wp:attachment":[{"href":"https:\/\/ddt.lv\/lv\/wp-json\/wp\/v2\/media?parent=32064"}],"wp:term":[{"taxonomy":"product_cat","embeddable":true,"href":"https:\/\/ddt.lv\/lv\/wp-json\/wp\/v2\/product_cat?post=32064"},{"taxonomy":"product_tag","embeddable":true,"href":"https:\/\/ddt.lv\/lv\/wp-json\/wp\/v2\/product_tag?post=32064"},{"taxonomy":"yst_prominent_words","embeddable":true,"href":"https:\/\/ddt.lv\/lv\/wp-json\/wp\/v2\/yst_prominent_words?post=32064"}],"curies":[{"name":"wp","href":"https:\/\/api.w.org\/{rel}","templated":true}]}}