{"id":32061,"date":"2022-01-20T14:30:30","date_gmt":"2022-01-20T12:30:30","guid":{"rendered":"https:\/\/ddt.lv\/lv\/product\/32061\/"},"modified":"2026-04-13T10:01:28","modified_gmt":"2026-04-13T07:01:28","slug":"32061","status":"publish","type":"product","link":"https:\/\/ddt.lv\/lv\/product\/32061\/","title":{"rendered":"Bezvadu durvju zvans sarkans 10 melodijas 150m 230V EMOS"},"content":{"rendered":"<p>poga sasniedz 150 m.<br \/>\nt\u012bkla baro\u0161ana 230 V mai\u0146str\u0101va.<br \/>\nbezvadu zvanu p\u0101rraides metode.<br \/>\n\u016bdensiztur\u012bga poga .<br \/>\niesp\u0113ja pievienot v\u0113l vienu pogu , maks.8.<br \/>\nmelodiju skaits 10.<br \/>\noptisk\u0101 signaliz\u0101cija uz pogas .<br \/>\nsarkan\u0101 kr\u0101sa.<br \/>\noptisk\u0101 signaliz\u0101cija uz zvana .<br \/>\npairing method autom\u0101tisk\u0101 savieno\u0161ana p\u0101r\u012b &#8211; pa\u0161m\u0101c\u012bba.<br \/>\npapildu poga P5750T.<br \/>\nbaro\u0161anas poga bez str\u0101vas padeves.<br \/>\nuztv\u0113r\u0113ju skaits iepakojum\u0101 1 gab.<br \/>\nmaksim\u0101lais zvana ska\u013cums 110 dB.<br \/>\nska\u013cuma kontrole j\u0101, 5 l\u012bme\u0146i.<br \/>\npogu skaits iepakojum\u0101 1 gab.<br \/>\np\u0101rraides frekvence 433 MHz.<\/p>","protected":false},"excerpt":{"rendered":"<p>poga sasniedz 150 m. t\u012bkla baro\u0161ana 230 V mai\u0146str\u0101va. bezvadu zvanu p\u0101rraides metode. \u016bdensiztur\u012bga poga . iesp\u0113ja pievienot v\u0113l vienu pogu , maks.8. melodiju skaits 10. optisk\u0101 signaliz\u0101cija uz pogas . sarkan\u0101 kr\u0101sa. optisk\u0101 signaliz\u0101cija uz zvana . pairing method autom\u0101tisk\u0101 savieno\u0161ana p\u0101r\u012b &#8211; pa\u0161m\u0101c\u012bba. papildu poga P5750T. baro\u0161anas poga bez str\u0101vas padeves. uztv\u0113r\u0113ju skaits [&hellip;]<\/p>\n","protected":false},"featured_media":32129,"comment_status":"closed","ping_status":"closed","template":"","meta":{"inline_featured_image":false},"product_cat":[543],"product_tag":[],"yst_prominent_words":[],"class_list":{"0":"post-32061","1":"product","2":"type-product","3":"status-publish","4":"has-post-thumbnail","6":"product_cat-durvju-zvani","8":"first","9":"outofstock","10":"taxable","11":"shipping-taxable","12":"purchasable","13":"product-type-simple"},"jetpack_sharing_enabled":true,"_links":{"self":[{"href":"https:\/\/ddt.lv\/lv\/wp-json\/wp\/v2\/product\/32061"}],"collection":[{"href":"https:\/\/ddt.lv\/lv\/wp-json\/wp\/v2\/product"}],"about":[{"href":"https:\/\/ddt.lv\/lv\/wp-json\/wp\/v2\/types\/product"}],"replies":[{"embeddable":true,"href":"https:\/\/ddt.lv\/lv\/wp-json\/wp\/v2\/comments?post=32061"}],"wp:featuredmedia":[{"embeddable":true,"href":"https:\/\/ddt.lv\/lv\/wp-json\/wp\/v2\/media\/32129"}],"wp:attachment":[{"href":"https:\/\/ddt.lv\/lv\/wp-json\/wp\/v2\/media?parent=32061"}],"wp:term":[{"taxonomy":"product_cat","embeddable":true,"href":"https:\/\/ddt.lv\/lv\/wp-json\/wp\/v2\/product_cat?post=32061"},{"taxonomy":"product_tag","embeddable":true,"href":"https:\/\/ddt.lv\/lv\/wp-json\/wp\/v2\/product_tag?post=32061"},{"taxonomy":"yst_prominent_words","embeddable":true,"href":"https:\/\/ddt.lv\/lv\/wp-json\/wp\/v2\/yst_prominent_words?post=32061"}],"curies":[{"name":"wp","href":"https:\/\/api.w.org\/{rel}","templated":true}]}}