{"id":32060,"date":"2022-01-20T14:30:30","date_gmt":"2022-01-20T12:30:30","guid":{"rendered":"https:\/\/ddt.lv\/lv\/product\/bezvadu-durvju-zvans-38-melodijas-100m3xaaa-microusb-5v-emos\/"},"modified":"2026-04-22T08:46:25","modified_gmt":"2026-04-22T05:46:25","slug":"bezvadu-durvju-zvans-38-melodijas-100m3xaaa-microusb-5v-emos","status":"publish","type":"product","link":"https:\/\/ddt.lv\/lv\/product\/bezvadu-durvju-zvans-38-melodijas-100m3xaaa-microusb-5v-emos\/","title":{"rendered":"Bezvadu durvju zvans 38 melodijas 100m(3xAAA+ microUSB 5V) EMOS"},"content":{"rendered":"<p>pogu diapazons 100 m.<br \/>\ngalven\u0101s ier\u012bces baro\u0161anas avots 3 \u00d7 1,5 V AAA (nav iek\u013cauts) + micro USB 5 V.<br \/>\n\u016bdensiztur\u012bga poga .<br \/>\niesp\u0113ja pievienot v\u0113l vienu pogu , maks.16.<br \/>\nmelodiju skaits 38.<br \/>\noptisk\u0101 signaliz\u0101cija uz pogas .<br \/>\nbalta kr\u0101sa.<br \/>\noptisk\u0101 signaliz\u0101cija uz zvana .<br \/>\npairing method autom\u0101tisk\u0101 savieno\u0161ana p\u0101r\u012b &#8211; pa\u0161m\u0101c\u012bba.<br \/>\npapildu poga P5732T.<br \/>\n1 \u00d7 3 V CR2032 pogas baro\u0161anas avots (iek\u013cauts).<br \/>\nuztv\u0113r\u0113ju skaits iepakojum\u0101 1 gab.<br \/>\nmaksim\u0101lais zvana ska\u013cums 90 dB.<br \/>\nska\u013cuma kontrole , 4 l\u012bme\u0146i.<br \/>\npogu skaits iepakojum\u0101 1 gab.<br \/>\np\u0101rraides frekvence 433 MHz.<\/p>\n<p><\/p>","protected":false},"excerpt":{"rendered":"<p>pogu diapazons 100 m. galven\u0101s ier\u012bces baro\u0161anas avots 3 \u00d7 1,5 V AAA (nav iek\u013cauts) + micro USB 5 V. \u016bdensiztur\u012bga poga . iesp\u0113ja pievienot v\u0113l vienu pogu , maks.16. melodiju skaits 38. optisk\u0101 signaliz\u0101cija uz pogas . balta kr\u0101sa. optisk\u0101 signaliz\u0101cija uz zvana . pairing method autom\u0101tisk\u0101 savieno\u0161ana p\u0101r\u012b &#8211; pa\u0161m\u0101c\u012bba. papildu poga P5732T. [&hellip;]<\/p>\n","protected":false},"featured_media":32132,"comment_status":"closed","ping_status":"closed","template":"","meta":{"inline_featured_image":false},"product_cat":[543],"product_tag":[],"yst_prominent_words":[],"class_list":{"0":"post-32060","1":"product","2":"type-product","3":"status-publish","4":"has-post-thumbnail","6":"product_cat-durvju-zvani","8":"first","9":"instock","10":"taxable","11":"shipping-taxable","12":"purchasable","13":"product-type-simple"},"jetpack_sharing_enabled":true,"_links":{"self":[{"href":"https:\/\/ddt.lv\/lv\/wp-json\/wp\/v2\/product\/32060"}],"collection":[{"href":"https:\/\/ddt.lv\/lv\/wp-json\/wp\/v2\/product"}],"about":[{"href":"https:\/\/ddt.lv\/lv\/wp-json\/wp\/v2\/types\/product"}],"replies":[{"embeddable":true,"href":"https:\/\/ddt.lv\/lv\/wp-json\/wp\/v2\/comments?post=32060"}],"wp:featuredmedia":[{"embeddable":true,"href":"https:\/\/ddt.lv\/lv\/wp-json\/wp\/v2\/media\/32132"}],"wp:attachment":[{"href":"https:\/\/ddt.lv\/lv\/wp-json\/wp\/v2\/media?parent=32060"}],"wp:term":[{"taxonomy":"product_cat","embeddable":true,"href":"https:\/\/ddt.lv\/lv\/wp-json\/wp\/v2\/product_cat?post=32060"},{"taxonomy":"product_tag","embeddable":true,"href":"https:\/\/ddt.lv\/lv\/wp-json\/wp\/v2\/product_tag?post=32060"},{"taxonomy":"yst_prominent_words","embeddable":true,"href":"https:\/\/ddt.lv\/lv\/wp-json\/wp\/v2\/yst_prominent_words?post=32060"}],"curies":[{"name":"wp","href":"https:\/\/api.w.org\/{rel}","templated":true}]}}