{"id":32059,"date":"2022-01-20T14:30:29","date_gmt":"2022-01-20T12:30:29","guid":{"rendered":"https:\/\/ddt.lv\/lv\/product\/termostats-5-35c-2xaaa-balts-emos\/"},"modified":"2026-04-13T10:01:28","modified_gmt":"2026-04-13T07:01:28","slug":"termostats-5-35c-2xaaa-balts-emos","status":"publish","type":"product","link":"https:\/\/ddt.lv\/lv\/product\/termostats-5-35c-2xaaa-balts-emos\/","title":{"rendered":"Termostats 5-35\u00b0C 2xAAA balts EMOS"},"content":{"rendered":"<p>vad\u012bbas tipa manu\u0101lais telpas termostats.<br \/>\nstieples tipa termostats.<br \/>\nregul\u0113\u0161anas veids apkures un dzes\u0113\u0161anas sist\u0113mai.<br \/>\ntemperat\u016bras iestat\u012bjums no 5 \u00b0 C l\u012bdz 35 \u00b0 C, katrs 0,5 \u00b0 C.<br \/>\nmanu\u0101las temperat\u016bras iestat\u012b\u0161anas veids.<br \/>\nregul\u0113jama temperat\u016bras novirze \u00b1 0,2 \u00b0 C.<br \/>\ntemperat\u016bras m\u0113r\u012b\u0161ana no 0 \u00b0 C l\u012bdz 40 \u00b0 C, iz\u0161\u0137irtsp\u0113ja 0,1 \u00b0 C.<br \/>\nIzgaismots displejs .<br \/>\nbalta kr\u0101sa.<br \/>\naizsardz\u012bba pret salu .<br \/>\nbaro\u0161anas avots 2 \u00d7 1,5 V AAA (iek\u013cauts).<br \/>\np\u0101rsl\u0113gta slodze 6 A pretest\u012bba, 2 A indukt\u012bva.<br \/>\nizm\u0113rs 30 \u00d7 120 \u00d7 77 mm.<\/p>","protected":false},"excerpt":{"rendered":"<p>vad\u012bbas tipa manu\u0101lais telpas termostats. stieples tipa termostats. regul\u0113\u0161anas veids apkures un dzes\u0113\u0161anas sist\u0113mai. temperat\u016bras iestat\u012bjums no 5 \u00b0 C l\u012bdz 35 \u00b0 C, katrs 0,5 \u00b0 C. manu\u0101las temperat\u016bras iestat\u012b\u0161anas veids. regul\u0113jama temperat\u016bras novirze \u00b1 0,2 \u00b0 C. temperat\u016bras m\u0113r\u012b\u0161ana no 0 \u00b0 C l\u012bdz 40 \u00b0 C, iz\u0161\u0137irtsp\u0113ja 0,1 \u00b0 C. Izgaismots displejs [&hellip;]<\/p>\n","protected":false},"featured_media":32136,"comment_status":"closed","ping_status":"closed","template":"","meta":{"inline_featured_image":false},"product_cat":[838],"product_tag":[],"yst_prominent_words":[],"class_list":{"0":"post-32059","1":"product","2":"type-product","3":"status-publish","4":"has-post-thumbnail","6":"product_cat-termostati","8":"first","9":"instock","10":"taxable","11":"shipping-taxable","12":"purchasable","13":"product-type-simple"},"jetpack_sharing_enabled":true,"_links":{"self":[{"href":"https:\/\/ddt.lv\/lv\/wp-json\/wp\/v2\/product\/32059"}],"collection":[{"href":"https:\/\/ddt.lv\/lv\/wp-json\/wp\/v2\/product"}],"about":[{"href":"https:\/\/ddt.lv\/lv\/wp-json\/wp\/v2\/types\/product"}],"replies":[{"embeddable":true,"href":"https:\/\/ddt.lv\/lv\/wp-json\/wp\/v2\/comments?post=32059"}],"wp:featuredmedia":[{"embeddable":true,"href":"https:\/\/ddt.lv\/lv\/wp-json\/wp\/v2\/media\/32136"}],"wp:attachment":[{"href":"https:\/\/ddt.lv\/lv\/wp-json\/wp\/v2\/media?parent=32059"}],"wp:term":[{"taxonomy":"product_cat","embeddable":true,"href":"https:\/\/ddt.lv\/lv\/wp-json\/wp\/v2\/product_cat?post=32059"},{"taxonomy":"product_tag","embeddable":true,"href":"https:\/\/ddt.lv\/lv\/wp-json\/wp\/v2\/product_tag?post=32059"},{"taxonomy":"yst_prominent_words","embeddable":true,"href":"https:\/\/ddt.lv\/lv\/wp-json\/wp\/v2\/yst_prominent_words?post=32059"}],"curies":[{"name":"wp","href":"https:\/\/api.w.org\/{rel}","templated":true}]}}