{"id":32058,"date":"2022-01-20T14:30:28","date_gmt":"2022-01-20T12:30:28","guid":{"rendered":"https:\/\/ddt.lv\/lv\/product\/svari-digitalie-180kg-balti-2xaaa-emos\/"},"modified":"2026-04-08T14:41:19","modified_gmt":"2026-04-08T11:41:19","slug":"svari-digitalie-180kg-balti-2xaaa-emos","status":"publish","type":"product","link":"https:\/\/ddt.lv\/lv\/product\/svari-digitalie-180kg-balti-2xaaa-emos\/","title":{"rendered":"Svari digit\u0101lie 180kg, balti (2xAAA) EMOS"},"content":{"rendered":"<p>Person\u012bgajam svaram j\u0101b\u016bt katras m\u0101jsaimniec\u012bbas neat\u0146emamai sast\u0101vda\u013cai, pat ja j\u016bs neiev\u0113rojat di\u0113tu. \u0160is uzticamais svars var sniegt jums priek\u0161statu par j\u016bsu svaru.<br \/>\nmaksim\u0101l\u0101 slodze 180 kg.<br \/>\nbalta kr\u0101sa.<br \/>\nsv\u0113r\u0161anas precizit\u0101te 100 g.<br \/>\nLCD displejs .<br \/>\nr\u016bd\u012bta stikla svaru virsma.<br \/>\np\u0101rslodzes indikators .<br \/>\nbaro\u0161anas avots 2 \u00d7 1,5 V AAA (iek\u013cauts).<br \/>\nautom\u0101tiska izsl\u0113g\u0161an\u0101s p\u0113c 10 sekund\u0113m.<br \/>\nsvara vien\u012bbas kg, lb, St.<br \/>\nizm\u0113rs 20 \u00d7 300 \u00d7 340 mm.<\/p>\n<p><\/p>","protected":false},"excerpt":{"rendered":"<p>Person\u012bgajam svaram j\u0101b\u016bt katras m\u0101jsaimniec\u012bbas neat\u0146emamai sast\u0101vda\u013cai, pat ja j\u016bs neiev\u0113rojat di\u0113tu. \u0160is uzticamais svars var sniegt jums priek\u0161statu par j\u016bsu svaru. maksim\u0101l\u0101 slodze 180 kg. balta kr\u0101sa. sv\u0113r\u0161anas precizit\u0101te 100 g. LCD displejs . r\u016bd\u012bta stikla svaru virsma. p\u0101rslodzes indikators . baro\u0161anas avots 2 \u00d7 1,5 V AAA (iek\u013cauts). autom\u0101tiska izsl\u0113g\u0161an\u0101s p\u0113c 10 sekund\u0113m. [&hellip;]<\/p>\n","protected":false},"featured_media":32149,"comment_status":"closed","ping_status":"closed","template":"","meta":{"inline_featured_image":false},"product_cat":[794],"product_tag":[],"yst_prominent_words":[],"class_list":{"0":"post-32058","1":"product","2":"type-product","3":"status-publish","4":"has-post-thumbnail","6":"product_cat-kermena-bagazas-svari","8":"first","9":"outofstock","10":"taxable","11":"shipping-taxable","12":"purchasable","13":"product-type-simple"},"jetpack_sharing_enabled":true,"_links":{"self":[{"href":"https:\/\/ddt.lv\/lv\/wp-json\/wp\/v2\/product\/32058"}],"collection":[{"href":"https:\/\/ddt.lv\/lv\/wp-json\/wp\/v2\/product"}],"about":[{"href":"https:\/\/ddt.lv\/lv\/wp-json\/wp\/v2\/types\/product"}],"replies":[{"embeddable":true,"href":"https:\/\/ddt.lv\/lv\/wp-json\/wp\/v2\/comments?post=32058"}],"wp:featuredmedia":[{"embeddable":true,"href":"https:\/\/ddt.lv\/lv\/wp-json\/wp\/v2\/media\/32149"}],"wp:attachment":[{"href":"https:\/\/ddt.lv\/lv\/wp-json\/wp\/v2\/media?parent=32058"}],"wp:term":[{"taxonomy":"product_cat","embeddable":true,"href":"https:\/\/ddt.lv\/lv\/wp-json\/wp\/v2\/product_cat?post=32058"},{"taxonomy":"product_tag","embeddable":true,"href":"https:\/\/ddt.lv\/lv\/wp-json\/wp\/v2\/product_tag?post=32058"},{"taxonomy":"yst_prominent_words","embeddable":true,"href":"https:\/\/ddt.lv\/lv\/wp-json\/wp\/v2\/yst_prominent_words?post=32058"}],"curies":[{"name":"wp","href":"https:\/\/api.w.org\/{rel}","templated":true}]}}