{"id":32057,"date":"2022-01-20T14:30:28","date_gmt":"2022-01-20T12:30:28","guid":{"rendered":"https:\/\/ddt.lv\/lv\/product\/virtuves-svari-digitalie-10kg-sudraba-2xaaa-emos-2\/"},"modified":"2026-04-08T14:41:19","modified_gmt":"2026-04-08T11:41:19","slug":"virtuves-svari-digitalie-10kg-sudraba-2xaaa-emos-2","status":"publish","type":"product","link":"https:\/\/ddt.lv\/lv\/product\/virtuves-svari-digitalie-10kg-sudraba-2xaaa-emos\/","title":{"rendered":"Virtuves svari digit\u0101lie 10kg, sudraba (2xAAA) EMOS"},"content":{"rendered":"<p>Vai pl\u0101nojat p\u0101rsteigumu saviem m\u012b\u013cajiem dzim\u0161anas dienas tortes veid\u0101? Vai tuvojas Ziemassv\u0113tki un j\u0101s\u0101k gatavot cepumi? Abos gad\u012bjumos j\u016bs nov\u0113rt\u0113siet EV027 ner\u016bs\u0113jo\u0161\u0101 t\u0113rauda svarus, kam rakstur\u012bgs t\u012brs dizains un vienk\u0101r\u0161a darb\u012bba.<\/p>\n<p>Caurums svaru korpus\u0101 \u013cauj tos viegli piek\u0101rt pie citiem virtuves pal\u012bgiem. Viegli nolas\u0101mais displejs un vied\u0101 TARE funkcija atvieglo sv\u0113r\u0161anu vai cep\u0161anu.<\/p>\n<p><\/p>","protected":false},"excerpt":{"rendered":"<p>Vai pl\u0101nojat p\u0101rsteigumu saviem m\u012b\u013cajiem dzim\u0161anas dienas tortes veid\u0101? Vai tuvojas Ziemassv\u0113tki un j\u0101s\u0101k gatavot cepumi? Abos gad\u012bjumos j\u016bs nov\u0113rt\u0113siet EV027 ner\u016bs\u0113jo\u0161\u0101 t\u0113rauda svarus, kam rakstur\u012bgs t\u012brs dizains un vienk\u0101r\u0161a darb\u012bba. Caurums svaru korpus\u0101 \u013cauj tos viegli piek\u0101rt pie citiem virtuves pal\u012bgiem. Viegli nolas\u0101mais displejs un vied\u0101 TARE funkcija atvieglo sv\u0113r\u0161anu vai cep\u0161anu.<\/p>\n","protected":false},"featured_media":32146,"comment_status":"closed","ping_status":"closed","template":"","meta":{"inline_featured_image":false},"product_cat":[793],"product_tag":[],"yst_prominent_words":[],"class_list":{"0":"post-32057","1":"product","2":"type-product","3":"status-publish","4":"has-post-thumbnail","6":"product_cat-virtuves-svari","8":"first","9":"outofstock","10":"taxable","11":"shipping-taxable","12":"purchasable","13":"product-type-simple"},"jetpack_sharing_enabled":true,"_links":{"self":[{"href":"https:\/\/ddt.lv\/lv\/wp-json\/wp\/v2\/product\/32057"}],"collection":[{"href":"https:\/\/ddt.lv\/lv\/wp-json\/wp\/v2\/product"}],"about":[{"href":"https:\/\/ddt.lv\/lv\/wp-json\/wp\/v2\/types\/product"}],"replies":[{"embeddable":true,"href":"https:\/\/ddt.lv\/lv\/wp-json\/wp\/v2\/comments?post=32057"}],"wp:featuredmedia":[{"embeddable":true,"href":"https:\/\/ddt.lv\/lv\/wp-json\/wp\/v2\/media\/32146"}],"wp:attachment":[{"href":"https:\/\/ddt.lv\/lv\/wp-json\/wp\/v2\/media?parent=32057"}],"wp:term":[{"taxonomy":"product_cat","embeddable":true,"href":"https:\/\/ddt.lv\/lv\/wp-json\/wp\/v2\/product_cat?post=32057"},{"taxonomy":"product_tag","embeddable":true,"href":"https:\/\/ddt.lv\/lv\/wp-json\/wp\/v2\/product_tag?post=32057"},{"taxonomy":"yst_prominent_words","embeddable":true,"href":"https:\/\/ddt.lv\/lv\/wp-json\/wp\/v2\/yst_prominent_words?post=32057"}],"curies":[{"name":"wp","href":"https:\/\/api.w.org\/{rel}","templated":true}]}}