{"id":32056,"date":"2022-01-20T14:30:27","date_gmt":"2022-01-20T12:30:27","guid":{"rendered":"https:\/\/ddt.lv\/lv\/product\/virtuves-svari-digitalie-10kg-sudraba-2xaaa-emos\/"},"modified":"2026-04-08T14:46:32","modified_gmt":"2026-04-08T11:46:32","slug":"virtuves-svari-digitalie-10kg-sudraba-2xaaa-emos","status":"publish","type":"product","link":"https:\/\/ddt.lv\/lv\/product\/virtuves-svari-digitalie-10kg-sudraba-2xaaa-emos-2\/","title":{"rendered":"Virtuves svari digit\u0101lie 10kg, sudraba (2xAAA) EMOS"},"content":{"rendered":"<p>Vai mekl\u0113jat uzticamus virtuves svarus ar augstu sv\u0113r\u0161anas precizit\u0101ti, kas neaiz\u0146ems daudz vietas j\u016bsu virtuv\u0113? EV026 ner\u016bs\u0113jo\u0161\u0101 t\u0113rauda svari izce\u013cas ar savu t\u012bro dizainu un vienk\u0101r\u0161u darb\u012bbu. Priek\u0161roc\u012bba ir aizmugurgaismotais displejs ar baltiem cipariem un vied\u0101 TARE funkcija, kas atvieglo sv\u0113r\u0161anu cep\u0161anas vai gatavo\u0161anas laik\u0101. Caurums svaru korpus\u0101 ir paredz\u0113ts, lai tos var\u0113tu viegli piek\u0101rt pie citiem virtuves pal\u012bgiem.<br \/>\nmaksim\u0101l\u0101 slodze 10 kg.<br \/>\nimport\u0113\u0161anas funkcija .<br \/>\nsudraba kr\u0101sa.<br \/>\nIzgaismots displejs .<br \/>\nsv\u0113r\u0161anas precizit\u0101te 1 g.<br \/>\nLCD displejs .<br \/>\nner\u016bs\u0113jo\u0161\u0101 t\u0113rauda l\u012bdzsvara virsma.<br \/>\np\u0101rslodzes indikators .<br \/>\nbaro\u0161anas avots 2 \u00d7 1,5 V AAA (iek\u013cauts).<br \/>\nautom\u0101tiska izsl\u0113g\u0161an\u0101s p\u0113c 90 sekund\u0113m.<br \/>\nsvara m\u0113rvien\u012bbas g, kg, ml, oz, lb.<br \/>\nizm\u0113rs 15 \u00d7 153 \u00d7 212 mm.<br \/>\n<\/p>","protected":false},"excerpt":{"rendered":"<p>Vai mekl\u0113jat uzticamus virtuves svarus ar augstu sv\u0113r\u0161anas precizit\u0101ti, kas neaiz\u0146ems daudz vietas j\u016bsu virtuv\u0113? EV026 ner\u016bs\u0113jo\u0161\u0101 t\u0113rauda svari izce\u013cas ar savu t\u012bro dizainu un vienk\u0101r\u0161u darb\u012bbu. Priek\u0161roc\u012bba ir aizmugurgaismotais displejs ar baltiem cipariem un vied\u0101 TARE funkcija, kas atvieglo sv\u0113r\u0161anu cep\u0161anas vai gatavo\u0161anas laik\u0101. Caurums svaru korpus\u0101 ir paredz\u0113ts, lai tos var\u0113tu viegli piek\u0101rt [&hellip;]<\/p>\n","protected":false},"featured_media":32153,"comment_status":"closed","ping_status":"closed","template":"","meta":{"inline_featured_image":false},"product_cat":[793],"product_tag":[],"yst_prominent_words":[],"class_list":{"0":"post-32056","1":"product","2":"type-product","3":"status-publish","4":"has-post-thumbnail","6":"product_cat-virtuves-svari","8":"first","9":"instock","10":"taxable","11":"shipping-taxable","12":"purchasable","13":"product-type-simple"},"jetpack_sharing_enabled":true,"_links":{"self":[{"href":"https:\/\/ddt.lv\/lv\/wp-json\/wp\/v2\/product\/32056"}],"collection":[{"href":"https:\/\/ddt.lv\/lv\/wp-json\/wp\/v2\/product"}],"about":[{"href":"https:\/\/ddt.lv\/lv\/wp-json\/wp\/v2\/types\/product"}],"replies":[{"embeddable":true,"href":"https:\/\/ddt.lv\/lv\/wp-json\/wp\/v2\/comments?post=32056"}],"wp:featuredmedia":[{"embeddable":true,"href":"https:\/\/ddt.lv\/lv\/wp-json\/wp\/v2\/media\/32153"}],"wp:attachment":[{"href":"https:\/\/ddt.lv\/lv\/wp-json\/wp\/v2\/media?parent=32056"}],"wp:term":[{"taxonomy":"product_cat","embeddable":true,"href":"https:\/\/ddt.lv\/lv\/wp-json\/wp\/v2\/product_cat?post=32056"},{"taxonomy":"product_tag","embeddable":true,"href":"https:\/\/ddt.lv\/lv\/wp-json\/wp\/v2\/product_tag?post=32056"},{"taxonomy":"yst_prominent_words","embeddable":true,"href":"https:\/\/ddt.lv\/lv\/wp-json\/wp\/v2\/yst_prominent_words?post=32056"}],"curies":[{"name":"wp","href":"https:\/\/api.w.org\/{rel}","templated":true}]}}