{"id":32055,"date":"2022-01-20T14:30:26","date_gmt":"2022-01-20T12:30:26","guid":{"rendered":"https:\/\/ddt.lv\/lv\/product\/led-prozektors-parnesajams-smd-31w-ip44-2800lm-4000k-150cm-3x1-5-emos\/"},"modified":"2026-04-08T14:41:19","modified_gmt":"2026-04-08T11:41:19","slug":"led-prozektors-parnesajams-smd-31w-ip44-2800lm-4000k-150cm-3x1-5-emos","status":"publish","type":"product","link":"https:\/\/ddt.lv\/lv\/product\/led-prozektors-parnesajams-smd-31w-ip44-2800lm-4000k-150cm-3x1-5-emos\/","title":{"rendered":"LED pro\u017eektors p\u0101rn\u0113sajams SMD 31W IP44 2800lm 4000K 150cm 3&#215;1.5 EMOS"},"content":{"rendered":"<p>P\u0101rn\u0113s\u0101jams no elektrot\u012bkla darbin\u0101ms LED darba lukturis, ko var izmantot iek\u0161telp\u0101s un \u0101r\u0101. Pateicoties t\u0101 iztur\u012bgajai konstrukcijai, tas ir piem\u0113rots darbam pras\u012bg\u0101s vid\u0113s, ir triecieniztur\u012bgs un \u016bdensiztur\u012bgs.<br \/>\nPielietojuma jomas: darba vietu apgaismojums b\u016bvlaukumos, pie \u0123imenes m\u0101j\u0101m, gar\u0101\u017e\u0101s, darbn\u012bc\u0101s, autoservisos.<br \/>\nelektroener\u0123ijas pat\u0113ri\u0146\u0161 31 W.<br \/>\nIP44 aizsardz\u012bba.<br \/>\ngaismas pl\u016bsma 2800 lm.<br \/>\nhromatisk\u0101 temperat\u016bra 4 000 K.<br \/>\nkr\u0101su render\u0113\u0161anas indekss (CRI) Ra&gt; 80.<br \/>\ndarba temperat\u016bras diapazons -20\u00b0C l\u012bdz +40\u00b0C.<br \/>\nkalpo\u0161anas laiks 25 000 stundas.<br \/>\nkr\u0101sa melna\/dzeltena.<br \/>\nspriegums 220-240 V ~.<br \/>\nstr\u0101vas kabe\u013ca garums 1,5 m.<br \/>\nkorpusa materi\u0101ls alum\u012bnijs.<br \/>\npieg\u0101des kabe\u013ca materi\u0101ls gumija.<br \/>\naizsardz\u012bbas pak\u0101pe pret meh\u0101niskiem triecieniem IK10.<br \/>\nstara le\u0146\u0137is 110\u00b0.<\/p>\n<p><\/p>","protected":false},"excerpt":{"rendered":"<p>P\u0101rn\u0113s\u0101jams no elektrot\u012bkla darbin\u0101ms LED darba lukturis, ko var izmantot iek\u0161telp\u0101s un \u0101r\u0101. Pateicoties t\u0101 iztur\u012bgajai konstrukcijai, tas ir piem\u0113rots darbam pras\u012bg\u0101s vid\u0113s, ir triecieniztur\u012bgs un \u016bdensiztur\u012bgs. Pielietojuma jomas: darba vietu apgaismojums b\u016bvlaukumos, pie \u0123imenes m\u0101j\u0101m, gar\u0101\u017e\u0101s, darbn\u012bc\u0101s, autoservisos. elektroener\u0123ijas pat\u0113ri\u0146\u0161 31 W. IP44 aizsardz\u012bba. gaismas pl\u016bsma 2800 lm. hromatisk\u0101 temperat\u016bra 4 000 K. kr\u0101su [&hellip;]<\/p>\n","protected":false},"featured_media":32157,"comment_status":"closed","ping_status":"closed","template":"","meta":{"inline_featured_image":false},"product_cat":[908],"product_tag":[],"yst_prominent_words":[],"class_list":{"0":"post-32055","1":"product","2":"type-product","3":"status-publish","4":"has-post-thumbnail","6":"product_cat-led-prozektori","8":"first","9":"outofstock","10":"taxable","11":"shipping-taxable","12":"purchasable","13":"product-type-simple"},"jetpack_sharing_enabled":true,"_links":{"self":[{"href":"https:\/\/ddt.lv\/lv\/wp-json\/wp\/v2\/product\/32055"}],"collection":[{"href":"https:\/\/ddt.lv\/lv\/wp-json\/wp\/v2\/product"}],"about":[{"href":"https:\/\/ddt.lv\/lv\/wp-json\/wp\/v2\/types\/product"}],"replies":[{"embeddable":true,"href":"https:\/\/ddt.lv\/lv\/wp-json\/wp\/v2\/comments?post=32055"}],"wp:featuredmedia":[{"embeddable":true,"href":"https:\/\/ddt.lv\/lv\/wp-json\/wp\/v2\/media\/32157"}],"wp:attachment":[{"href":"https:\/\/ddt.lv\/lv\/wp-json\/wp\/v2\/media?parent=32055"}],"wp:term":[{"taxonomy":"product_cat","embeddable":true,"href":"https:\/\/ddt.lv\/lv\/wp-json\/wp\/v2\/product_cat?post=32055"},{"taxonomy":"product_tag","embeddable":true,"href":"https:\/\/ddt.lv\/lv\/wp-json\/wp\/v2\/product_tag?post=32055"},{"taxonomy":"yst_prominent_words","embeddable":true,"href":"https:\/\/ddt.lv\/lv\/wp-json\/wp\/v2\/yst_prominent_words?post=32055"}],"curies":[{"name":"wp","href":"https:\/\/api.w.org\/{rel}","templated":true}]}}