{"id":32054,"date":"2022-01-20T14:30:25","date_gmt":"2022-01-20T12:30:25","guid":{"rendered":"https:\/\/ddt.lv\/lv\/product\/mobilo-telefonu-auto-turetajs-ladetajs-bezvadu-2a-5v-10w-emos\/"},"modified":"2026-04-08T14:41:19","modified_gmt":"2026-04-08T11:41:19","slug":"mobilo-telefonu-auto-turetajs-ladetajs-bezvadu-2a-5v-10w-emos","status":"publish","type":"product","link":"https:\/\/ddt.lv\/lv\/product\/mobilo-telefonu-auto-turetajs-ladetajs-bezvadu-2a-5v-10w-emos\/","title":{"rendered":"Mobilo telefonu auto tur\u0113t\u0101js\/l\u0101d\u0113t\u0101js bezvadu 2A 5V 10W EMOS"},"content":{"rendered":"<p>No savienojuma ar internetu l\u012bdz m\u016bzikas klaus\u012b\u0161anai elektronikas pasaule k\u013c\u016bst bezvadu. Un mobil\u0101 t\u0101lru\u0146a uzl\u0101de automa\u0161\u012bn\u0101 vairs nav iz\u0146\u0113mums. USB adapteris V0221 uzl\u0101d\u0113 mobilo t\u0101lruni brauk\u0161anas laik\u0101, nerisk\u0113jot sap\u012bties vad\u0101 vai izk\u013c\u016bt no rokas, mekl\u0113jot l\u0101d\u0113t\u0101ja galu. T\u0101p\u0113c tas ir dro\u0161\u0101kais uzl\u0101des veids, atrodoties ce\u013c\u0101.<br \/>\nieejas spriegums 5 V \/ 2 A \/ 10 W + 9 V \/ 1,67 A \/ 15 W).<\/p>","protected":false},"excerpt":{"rendered":"<p>No savienojuma ar internetu l\u012bdz m\u016bzikas klaus\u012b\u0161anai elektronikas pasaule k\u013c\u016bst bezvadu. Un mobil\u0101 t\u0101lru\u0146a uzl\u0101de automa\u0161\u012bn\u0101 vairs nav iz\u0146\u0113mums. USB adapteris V0221 uzl\u0101d\u0113 mobilo t\u0101lruni brauk\u0161anas laik\u0101, nerisk\u0113jot sap\u012bties vad\u0101 vai izk\u013c\u016bt no rokas, mekl\u0113jot l\u0101d\u0113t\u0101ja galu. T\u0101p\u0113c tas ir dro\u0161\u0101kais uzl\u0101des veids, atrodoties ce\u013c\u0101. ieejas spriegums 5 V \/ 2 A \/ 10 W [&hellip;]<\/p>\n","protected":false},"featured_media":32162,"comment_status":"closed","ping_status":"closed","template":"","meta":{"inline_featured_image":false},"product_cat":[744],"product_tag":[],"yst_prominent_words":[],"class_list":{"0":"post-32054","1":"product","2":"type-product","3":"status-publish","4":"has-post-thumbnail","6":"product_cat-mobilo-telefonu-ladetaji-usb","8":"first","9":"outofstock","10":"taxable","11":"shipping-taxable","12":"purchasable","13":"product-type-simple"},"jetpack_sharing_enabled":true,"_links":{"self":[{"href":"https:\/\/ddt.lv\/lv\/wp-json\/wp\/v2\/product\/32054"}],"collection":[{"href":"https:\/\/ddt.lv\/lv\/wp-json\/wp\/v2\/product"}],"about":[{"href":"https:\/\/ddt.lv\/lv\/wp-json\/wp\/v2\/types\/product"}],"replies":[{"embeddable":true,"href":"https:\/\/ddt.lv\/lv\/wp-json\/wp\/v2\/comments?post=32054"}],"wp:featuredmedia":[{"embeddable":true,"href":"https:\/\/ddt.lv\/lv\/wp-json\/wp\/v2\/media\/32162"}],"wp:attachment":[{"href":"https:\/\/ddt.lv\/lv\/wp-json\/wp\/v2\/media?parent=32054"}],"wp:term":[{"taxonomy":"product_cat","embeddable":true,"href":"https:\/\/ddt.lv\/lv\/wp-json\/wp\/v2\/product_cat?post=32054"},{"taxonomy":"product_tag","embeddable":true,"href":"https:\/\/ddt.lv\/lv\/wp-json\/wp\/v2\/product_tag?post=32054"},{"taxonomy":"yst_prominent_words","embeddable":true,"href":"https:\/\/ddt.lv\/lv\/wp-json\/wp\/v2\/yst_prominent_words?post=32054"}],"curies":[{"name":"wp","href":"https:\/\/api.w.org\/{rel}","templated":true}]}}