{"id":32053,"date":"2022-01-20T14:30:25","date_gmt":"2022-01-20T12:30:25","guid":{"rendered":"https:\/\/ddt.lv\/lv\/product\/mobilo-telefonu-ladetajs-stativs-bezvadu-2a-5v-10w-apals-emos\/"},"modified":"2026-04-27T08:41:25","modified_gmt":"2026-04-27T05:41:25","slug":"mobilo-telefonu-ladetajs-stativs-bezvadu-2a-5v-10w-apals-emos","status":"publish","type":"product","link":"https:\/\/ddt.lv\/lv\/product\/mobilo-telefonu-ladetajs-stativs-bezvadu-2a-5v-10w-apals-emos\/","title":{"rendered":"Mobilo telefonu l\u0101d\u0113t\u0101js\/stat\u012bvs bezvadu 2A 5V 10W apa\u013c\u0161 EMOS"},"content":{"rendered":"<p>Ja birojs ir j\u016bsu otr\u0101s m\u0101jas un mobilais t\u0101lrunis ir neat\u0146emama ikdienas sast\u0101vda\u013ca, ieg\u0101d\u0101jieties tam pietiekami daudz l\u0101d\u0113t\u0101ju. Ide\u0101l\u0101 gad\u012bjum\u0101 viens m\u0101j\u0101s, viens automa\u0161\u012bn\u0101 un p\u0113d\u0113jais uz galda. Tas ietaup\u012bs jums nevajadz\u012bgus nervus no izl\u0101d\u0113t\u0101 akumulatora, ar kuru gandr\u012bz katru dienu saskaramies ar moderniem augstas veiktsp\u0113jas mobilajiem t\u0101lru\u0146iem. USB uzl\u0101des adapteris EMOS V0121 ir \u012bst\u0101 izv\u0113le, jo \u012bpa\u0161i t\u0101 p\u0101rsteidzo\u0161i \u0113rt\u0101 uzl\u0101des veida d\u0113\u013c. Turpm\u0101k nav j\u0101r\u0101pjas zem galda un j\u0101mekl\u0113 l\u0101d\u0113t\u0101ja uzgalis citu vadu mud\u017eekl\u012b. Vienk\u0101r\u0161i novietojiet t\u0101lruni uz uzl\u0101des palikt\u0146a, un jums vairs neb\u016bs ar to j\u0101r\u0113\u0137in\u0101s.<br \/>\nieejas spriegums 9 V \/ 1,67 A \/ 15 W.<br \/>\n<\/p>","protected":false},"excerpt":{"rendered":"<p>Ja birojs ir j\u016bsu otr\u0101s m\u0101jas un mobilais t\u0101lrunis ir neat\u0146emama ikdienas sast\u0101vda\u013ca, ieg\u0101d\u0101jieties tam pietiekami daudz l\u0101d\u0113t\u0101ju. Ide\u0101l\u0101 gad\u012bjum\u0101 viens m\u0101j\u0101s, viens automa\u0161\u012bn\u0101 un p\u0113d\u0113jais uz galda. Tas ietaup\u012bs jums nevajadz\u012bgus nervus no izl\u0101d\u0113t\u0101 akumulatora, ar kuru gandr\u012bz katru dienu saskaramies ar moderniem augstas veiktsp\u0113jas mobilajiem t\u0101lru\u0146iem. USB uzl\u0101des adapteris EMOS V0121 ir \u012bst\u0101 [&hellip;]<\/p>\n","protected":false},"featured_media":32168,"comment_status":"closed","ping_status":"closed","template":"","meta":{"inline_featured_image":false},"product_cat":[744],"product_tag":[],"yst_prominent_words":[],"class_list":{"0":"post-32053","1":"product","2":"type-product","3":"status-publish","4":"has-post-thumbnail","6":"product_cat-mobilo-telefonu-ladetaji-usb","8":"first","9":"outofstock","10":"taxable","11":"shipping-taxable","12":"purchasable","13":"product-type-simple"},"jetpack_sharing_enabled":true,"_links":{"self":[{"href":"https:\/\/ddt.lv\/lv\/wp-json\/wp\/v2\/product\/32053"}],"collection":[{"href":"https:\/\/ddt.lv\/lv\/wp-json\/wp\/v2\/product"}],"about":[{"href":"https:\/\/ddt.lv\/lv\/wp-json\/wp\/v2\/types\/product"}],"replies":[{"embeddable":true,"href":"https:\/\/ddt.lv\/lv\/wp-json\/wp\/v2\/comments?post=32053"}],"wp:featuredmedia":[{"embeddable":true,"href":"https:\/\/ddt.lv\/lv\/wp-json\/wp\/v2\/media\/32168"}],"wp:attachment":[{"href":"https:\/\/ddt.lv\/lv\/wp-json\/wp\/v2\/media?parent=32053"}],"wp:term":[{"taxonomy":"product_cat","embeddable":true,"href":"https:\/\/ddt.lv\/lv\/wp-json\/wp\/v2\/product_cat?post=32053"},{"taxonomy":"product_tag","embeddable":true,"href":"https:\/\/ddt.lv\/lv\/wp-json\/wp\/v2\/product_tag?post=32053"},{"taxonomy":"yst_prominent_words","embeddable":true,"href":"https:\/\/ddt.lv\/lv\/wp-json\/wp\/v2\/yst_prominent_words?post=32053"}],"curies":[{"name":"wp","href":"https:\/\/api.w.org\/{rel}","templated":true}]}}