{"id":32052,"date":"2022-01-20T14:30:24","date_gmt":"2022-01-20T12:30:24","guid":{"rendered":"https:\/\/ddt.lv\/lv\/product\/pagarinatajs-20m-ar-zemejumu-3x1-5-melns-gumijas-16a-ip65-emos\/"},"modified":"2026-04-08T14:41:19","modified_gmt":"2026-04-08T11:41:19","slug":"pagarinatajs-20m-ar-zemejumu-3x1-5-melns-gumijas-16a-ip65-emos","status":"publish","type":"product","link":"https:\/\/ddt.lv\/lv\/product\/pagarinatajs-20m-ar-zemejumu-3x1-5-melns-gumijas-16a-ip65-emos\/","title":{"rendered":"Pagarin\u0101t\u0101js 20m ar zem\u0113jumu 3&#215;1.5 melns gumijas 16A IP65  EMOS"},"content":{"rendered":"<p>garums 20 m.<br \/>\nspriegums \/ str\u0101va 250 V ~ \/ 16 A maks.<br \/>\nvad\u012bt\u0101ja \u0161\u0137\u0113rsgriezums 1,5 mm\u00b2.<br \/>\nIP65 aizsardz\u012bba.<br \/>\nligzdu skaits 1 \u00d7 2P + PE, IP65.<br \/>\ngumijas izol\u0101cijas veids.<br \/>\nvads H05RR-F3G.<br \/>\nmaksim\u0101l\u0101 slodze 3680 W.<br \/>\nmelna kr\u0101sa.<\/p>\n<p><\/p>","protected":false},"excerpt":{"rendered":"<p>garums 20 m. spriegums \/ str\u0101va 250 V ~ \/ 16 A maks. vad\u012bt\u0101ja \u0161\u0137\u0113rsgriezums 1,5 mm\u00b2. IP65 aizsardz\u012bba. ligzdu skaits 1 \u00d7 2P + PE, IP65. gumijas izol\u0101cijas veids. vads H05RR-F3G. maksim\u0101l\u0101 slodze 3680 W. melna kr\u0101sa.<\/p>\n","protected":false},"featured_media":32173,"comment_status":"closed","ping_status":"closed","template":"","meta":{"inline_featured_image":false},"product_cat":[746],"product_tag":[],"yst_prominent_words":[],"class_list":{"0":"post-32052","1":"product","2":"type-product","3":"status-publish","4":"has-post-thumbnail","6":"product_cat-pagarinataji-pagarinataji-un-sadalitaji","8":"first","9":"outofstock","10":"taxable","11":"shipping-taxable","12":"purchasable","13":"product-type-simple"},"jetpack_sharing_enabled":true,"_links":{"self":[{"href":"https:\/\/ddt.lv\/lv\/wp-json\/wp\/v2\/product\/32052"}],"collection":[{"href":"https:\/\/ddt.lv\/lv\/wp-json\/wp\/v2\/product"}],"about":[{"href":"https:\/\/ddt.lv\/lv\/wp-json\/wp\/v2\/types\/product"}],"replies":[{"embeddable":true,"href":"https:\/\/ddt.lv\/lv\/wp-json\/wp\/v2\/comments?post=32052"}],"wp:featuredmedia":[{"embeddable":true,"href":"https:\/\/ddt.lv\/lv\/wp-json\/wp\/v2\/media\/32173"}],"wp:attachment":[{"href":"https:\/\/ddt.lv\/lv\/wp-json\/wp\/v2\/media?parent=32052"}],"wp:term":[{"taxonomy":"product_cat","embeddable":true,"href":"https:\/\/ddt.lv\/lv\/wp-json\/wp\/v2\/product_cat?post=32052"},{"taxonomy":"product_tag","embeddable":true,"href":"https:\/\/ddt.lv\/lv\/wp-json\/wp\/v2\/product_tag?post=32052"},{"taxonomy":"yst_prominent_words","embeddable":true,"href":"https:\/\/ddt.lv\/lv\/wp-json\/wp\/v2\/yst_prominent_words?post=32052"}],"curies":[{"name":"wp","href":"https:\/\/api.w.org\/{rel}","templated":true}]}}