{"id":32051,"date":"2022-01-20T14:30:23","date_gmt":"2022-01-20T12:30:23","guid":{"rendered":"https:\/\/ddt.lv\/lv\/product\/keystone-datu-kontaktligzda-rj45-ftp-cat6-metala-emos\/"},"modified":"2026-04-14T15:55:33","modified_gmt":"2026-04-14T12:55:33","slug":"keystone-datu-kontaktligzda-rj45-ftp-cat6-metala-emos","status":"publish","type":"product","link":"https:\/\/ddt.lv\/lv\/product\/keystone-datu-kontaktligzda-rj45-ftp-cat6-metala-emos\/","title":{"rendered":"KEYSTONE Datu kontaktligzda RJ45 FTP Cat6 met\u0101la EMOS"},"content":{"rendered":"<p>CAT6.<br \/>\nparedz\u0113ts FTP, SFTP kabelim.<br \/>\nizmantojiet cieto vadu.<br \/>\nsavienot\u0101ja materi\u0101ls PE \/ 50 \u00b5 zelts &#8211; 70 \u00b5 ni\u0137elis.<br \/>\nekran\u0113\u0161ana .<br \/>\nmin. kalpo\u0161anas laiks 1000 iesl\u0113g\u0161anas \/ izsl\u0113g\u0161anas ciklu.<br \/>\nuzglab\u0101\u0161anas temperat\u016bra -40-70 \u00b0 C.<br \/>\ndarba temperat\u016bra -10-60 \u00b0 C.<br \/>\nmaksim\u0101lais darba mitrums 93%.<\/p>","protected":false},"excerpt":{"rendered":"<p>CAT6. paredz\u0113ts FTP, SFTP kabelim. izmantojiet cieto vadu. savienot\u0101ja materi\u0101ls PE \/ 50 \u00b5 zelts &#8211; 70 \u00b5 ni\u0137elis. ekran\u0113\u0161ana . min. kalpo\u0161anas laiks 1000 iesl\u0113g\u0161anas \/ izsl\u0113g\u0161anas ciklu. uzglab\u0101\u0161anas temperat\u016bra -40-70 \u00b0 C. darba temperat\u016bra -10-60 \u00b0 C. maksim\u0101lais darba mitrums 93%.<\/p>\n","protected":false},"featured_media":32175,"comment_status":"closed","ping_status":"closed","template":"","meta":{"inline_featured_image":false},"product_cat":[1306],"product_tag":[],"yst_prominent_words":[],"class_list":{"0":"post-32051","1":"product","2":"type-product","3":"status-publish","4":"has-post-thumbnail","6":"product_cat-datu-ligzdas","8":"first","9":"instock","10":"taxable","11":"shipping-taxable","12":"purchasable","13":"product-type-simple"},"jetpack_sharing_enabled":true,"_links":{"self":[{"href":"https:\/\/ddt.lv\/lv\/wp-json\/wp\/v2\/product\/32051"}],"collection":[{"href":"https:\/\/ddt.lv\/lv\/wp-json\/wp\/v2\/product"}],"about":[{"href":"https:\/\/ddt.lv\/lv\/wp-json\/wp\/v2\/types\/product"}],"replies":[{"embeddable":true,"href":"https:\/\/ddt.lv\/lv\/wp-json\/wp\/v2\/comments?post=32051"}],"wp:featuredmedia":[{"embeddable":true,"href":"https:\/\/ddt.lv\/lv\/wp-json\/wp\/v2\/media\/32175"}],"wp:attachment":[{"href":"https:\/\/ddt.lv\/lv\/wp-json\/wp\/v2\/media?parent=32051"}],"wp:term":[{"taxonomy":"product_cat","embeddable":true,"href":"https:\/\/ddt.lv\/lv\/wp-json\/wp\/v2\/product_cat?post=32051"},{"taxonomy":"product_tag","embeddable":true,"href":"https:\/\/ddt.lv\/lv\/wp-json\/wp\/v2\/product_tag?post=32051"},{"taxonomy":"yst_prominent_words","embeddable":true,"href":"https:\/\/ddt.lv\/lv\/wp-json\/wp\/v2\/yst_prominent_words?post=32051"}],"curies":[{"name":"wp","href":"https:\/\/api.w.org\/{rel}","templated":true}]}}