{"id":32049,"date":"2022-01-20T14:30:22","date_gmt":"2022-01-20T12:30:22","guid":{"rendered":"https:\/\/ddt.lv\/lv\/product\/utp-datu-ligzda-2xrj45-virs-apmetuma-balta-emos\/"},"modified":"2026-04-27T08:41:24","modified_gmt":"2026-04-27T05:41:24","slug":"utp-datu-ligzda-2xrj45-virs-apmetuma-balta-emos","status":"publish","type":"product","link":"https:\/\/ddt.lv\/lv\/product\/utp-datu-ligzda-2xrj45-virs-apmetuma-balta-emos\/","title":{"rendered":"UTP datu ligzda 2xRJ45 virs apmetuma balta Emos"},"content":{"rendered":"<p>5E kategorija.<br \/>\nAWG 23\u201326.<br \/>\nmaksim\u0101lais darba mitrums 93%.<br \/>\nmont\u0101\u017eas temperat\u016bra no +5\u00b0C l\u012bdz +60\u00b0C.<br \/>\nuzst\u0101d\u012bti 2 \u00d7 RJ45 savienot\u0101ji.<br \/>\nuzglab\u0101\u0161anas temperat\u016bra -20\u00b0C l\u012bdz +60\u00b0C.<\/p>\n<p><\/p>","protected":false},"excerpt":{"rendered":"<p>5E kategorija. AWG 23\u201326. maksim\u0101lais darba mitrums 93%. mont\u0101\u017eas temperat\u016bra no +5\u00b0C l\u012bdz +60\u00b0C. uzst\u0101d\u012bti 2 \u00d7 RJ45 savienot\u0101ji. uzglab\u0101\u0161anas temperat\u016bra -20\u00b0C l\u012bdz +60\u00b0C.<\/p>\n","protected":false},"featured_media":32178,"comment_status":"closed","ping_status":"closed","template":"","meta":{"inline_featured_image":false},"product_cat":[1306],"product_tag":[],"yst_prominent_words":[],"class_list":{"0":"post-32049","1":"product","2":"type-product","3":"status-publish","4":"has-post-thumbnail","6":"product_cat-datu-ligzdas","8":"first","9":"instock","10":"taxable","11":"shipping-taxable","12":"purchasable","13":"product-type-simple"},"jetpack_sharing_enabled":true,"_links":{"self":[{"href":"https:\/\/ddt.lv\/lv\/wp-json\/wp\/v2\/product\/32049"}],"collection":[{"href":"https:\/\/ddt.lv\/lv\/wp-json\/wp\/v2\/product"}],"about":[{"href":"https:\/\/ddt.lv\/lv\/wp-json\/wp\/v2\/types\/product"}],"replies":[{"embeddable":true,"href":"https:\/\/ddt.lv\/lv\/wp-json\/wp\/v2\/comments?post=32049"}],"wp:featuredmedia":[{"embeddable":true,"href":"https:\/\/ddt.lv\/lv\/wp-json\/wp\/v2\/media\/32178"}],"wp:attachment":[{"href":"https:\/\/ddt.lv\/lv\/wp-json\/wp\/v2\/media?parent=32049"}],"wp:term":[{"taxonomy":"product_cat","embeddable":true,"href":"https:\/\/ddt.lv\/lv\/wp-json\/wp\/v2\/product_cat?post=32049"},{"taxonomy":"product_tag","embeddable":true,"href":"https:\/\/ddt.lv\/lv\/wp-json\/wp\/v2\/product_tag?post=32049"},{"taxonomy":"yst_prominent_words","embeddable":true,"href":"https:\/\/ddt.lv\/lv\/wp-json\/wp\/v2\/yst_prominent_words?post=32049"}],"curies":[{"name":"wp","href":"https:\/\/api.w.org\/{rel}","templated":true}]}}