{"id":32048,"date":"2022-01-20T14:30:21","date_gmt":"2022-01-20T12:30:21","guid":{"rendered":"https:\/\/ddt.lv\/lv\/product\/keystone-datu-kontaktligzda-rj45-utp-cat5e-plastmasa-balts-emos\/"},"modified":"2026-04-06T11:01:34","modified_gmt":"2026-04-06T08:01:34","slug":"keystone-datu-kontaktligzda-rj45-utp-cat5e-plastmasa-balts-emos","status":"publish","type":"product","link":"https:\/\/ddt.lv\/lv\/product\/keystone-datu-kontaktligzda-rj45-utp-cat5e-plastmasa-balts-emos\/","title":{"rendered":"KEYSTONE Datu kontaktligzda RJ45 UTP Cat5e plastmasa balts EMOS"},"content":{"rendered":"<p>CAT5E,<br \/>\nparedz\u0113ts UTP kabelim.<br \/>\nizmantojiet cieto vadu.<br \/>\nsavienot\u0101ja materi\u0101ls PE \/ 50 \u00b5 zelts &#8211; 70 \u00b5 ni\u0137elis.<br \/>\nmin. kalpo\u0161anas laiks 1000 iesl\u0113g\u0161anas \/ izsl\u0113g\u0161anas ciklu.<br \/>\nuzglab\u0101\u0161anas temperat\u016bra -40-70 \u00b0 C.<br \/>\ndarba temperat\u016bra -10-60 \u00b0 C.<br \/>\nmaksim\u0101lais darba mitrums 93%.<\/p>\n<p><\/p>","protected":false},"excerpt":{"rendered":"<p>CAT5E, paredz\u0113ts UTP kabelim. izmantojiet cieto vadu. savienot\u0101ja materi\u0101ls PE \/ 50 \u00b5 zelts &#8211; 70 \u00b5 ni\u0137elis. min. kalpo\u0161anas laiks 1000 iesl\u0113g\u0161anas \/ izsl\u0113g\u0161anas ciklu. uzglab\u0101\u0161anas temperat\u016bra -40-70 \u00b0 C. darba temperat\u016bra -10-60 \u00b0 C. maksim\u0101lais darba mitrums 93%.<\/p>\n","protected":false},"featured_media":32185,"comment_status":"closed","ping_status":"closed","template":"","meta":{"inline_featured_image":false},"product_cat":[1306],"product_tag":[],"yst_prominent_words":[],"class_list":{"0":"post-32048","1":"product","2":"type-product","3":"status-publish","4":"has-post-thumbnail","6":"product_cat-datu-ligzdas","8":"first","9":"instock","10":"taxable","11":"shipping-taxable","12":"purchasable","13":"product-type-simple"},"jetpack_sharing_enabled":true,"_links":{"self":[{"href":"https:\/\/ddt.lv\/lv\/wp-json\/wp\/v2\/product\/32048"}],"collection":[{"href":"https:\/\/ddt.lv\/lv\/wp-json\/wp\/v2\/product"}],"about":[{"href":"https:\/\/ddt.lv\/lv\/wp-json\/wp\/v2\/types\/product"}],"replies":[{"embeddable":true,"href":"https:\/\/ddt.lv\/lv\/wp-json\/wp\/v2\/comments?post=32048"}],"wp:featuredmedia":[{"embeddable":true,"href":"https:\/\/ddt.lv\/lv\/wp-json\/wp\/v2\/media\/32185"}],"wp:attachment":[{"href":"https:\/\/ddt.lv\/lv\/wp-json\/wp\/v2\/media?parent=32048"}],"wp:term":[{"taxonomy":"product_cat","embeddable":true,"href":"https:\/\/ddt.lv\/lv\/wp-json\/wp\/v2\/product_cat?post=32048"},{"taxonomy":"product_tag","embeddable":true,"href":"https:\/\/ddt.lv\/lv\/wp-json\/wp\/v2\/product_tag?post=32048"},{"taxonomy":"yst_prominent_words","embeddable":true,"href":"https:\/\/ddt.lv\/lv\/wp-json\/wp\/v2\/yst_prominent_words?post=32048"}],"curies":[{"name":"wp","href":"https:\/\/api.w.org\/{rel}","templated":true}]}}