{"id":32040,"date":"2022-01-20T14:30:15","date_gmt":"2022-01-20T12:30:15","guid":{"rendered":"https:\/\/ddt.lv\/lv\/product\/elektro-limlente-15mm-10m-balta-iep-10gab-emos\/"},"modified":"2026-04-13T10:01:31","modified_gmt":"2026-04-13T07:01:31","slug":"elektro-limlente-15mm-10m-balta-iep-10gab-emos","status":"publish","type":"product","link":"https:\/\/ddt.lv\/lv\/product\/elektro-limlente-15mm-10m-balta-iep-10gab-emos\/","title":{"rendered":"Elektro l\u012bmlente 15mm\/10m BALTA (iep.10gab) EMOS"},"content":{"rendered":"<p>Profesion\u0101la elektroizol\u0101cijas lente, kas izgatavota no plastific\u0113ta PVC kop\u0113jai lieto\u0161anai zemsprieguma sadales sist\u0113m\u0101s ar pla\u0161u temperat\u016bras diapazonu.<br \/>\nlentes platums 15 mm.<br \/>\nspoles garums 10 m.<br \/>\nlentes biezums 0,13 mm.<br \/>\nbalta kr\u0101sa.<br \/>\nelektrisk\u0101 iztur\u012bba vismaz 40 kV \/ mm.<br \/>\nelektrisk\u0101 iztur\u012bba p\u0113c mitruma vismaz 35 kV \/ mm.<br \/>\nuzst\u0101d\u012b\u0161anas temperat\u016bras diapazons -25-90 \u00b0 C.<br \/>\nstiepes iztur\u012bba 150 N \/ 10 mm.<br \/>\nUV iztur\u012bgs .<br \/>\n\u016bdensiztur\u012bgs savienojums.<br \/>\nieteicam\u0101 uzglab\u0101\u0161anas temperat\u016bra 10-45\u00b0C.<\/p>\n<p><\/p>","protected":false},"excerpt":{"rendered":"<p>Profesion\u0101la elektroizol\u0101cijas lente, kas izgatavota no plastific\u0113ta PVC kop\u0113jai lieto\u0161anai zemsprieguma sadales sist\u0113m\u0101s ar pla\u0161u temperat\u016bras diapazonu. lentes platums 15 mm. spoles garums 10 m. lentes biezums 0,13 mm. balta kr\u0101sa. elektrisk\u0101 iztur\u012bba vismaz 40 kV \/ mm. elektrisk\u0101 iztur\u012bba p\u0113c mitruma vismaz 35 kV \/ mm. uzst\u0101d\u012b\u0161anas temperat\u016bras diapazons -25-90 \u00b0 C. stiepes iztur\u012bba [&hellip;]<\/p>\n","protected":false},"featured_media":32204,"comment_status":"closed","ping_status":"closed","template":"","meta":{"inline_featured_image":false},"product_cat":[1295],"product_tag":[],"yst_prominent_words":[],"class_list":{"0":"post-32040","1":"product","2":"type-product","3":"status-publish","4":"has-post-thumbnail","6":"product_cat-limlentes","8":"first","9":"instock","10":"taxable","11":"shipping-taxable","12":"purchasable","13":"product-type-simple"},"jetpack_sharing_enabled":true,"_links":{"self":[{"href":"https:\/\/ddt.lv\/lv\/wp-json\/wp\/v2\/product\/32040"}],"collection":[{"href":"https:\/\/ddt.lv\/lv\/wp-json\/wp\/v2\/product"}],"about":[{"href":"https:\/\/ddt.lv\/lv\/wp-json\/wp\/v2\/types\/product"}],"replies":[{"embeddable":true,"href":"https:\/\/ddt.lv\/lv\/wp-json\/wp\/v2\/comments?post=32040"}],"wp:featuredmedia":[{"embeddable":true,"href":"https:\/\/ddt.lv\/lv\/wp-json\/wp\/v2\/media\/32204"}],"wp:attachment":[{"href":"https:\/\/ddt.lv\/lv\/wp-json\/wp\/v2\/media?parent=32040"}],"wp:term":[{"taxonomy":"product_cat","embeddable":true,"href":"https:\/\/ddt.lv\/lv\/wp-json\/wp\/v2\/product_cat?post=32040"},{"taxonomy":"product_tag","embeddable":true,"href":"https:\/\/ddt.lv\/lv\/wp-json\/wp\/v2\/product_tag?post=32040"},{"taxonomy":"yst_prominent_words","embeddable":true,"href":"https:\/\/ddt.lv\/lv\/wp-json\/wp\/v2\/yst_prominent_words?post=32040"}],"curies":[{"name":"wp","href":"https:\/\/api.w.org\/{rel}","templated":true}]}}