{"id":32039,"date":"2022-01-20T14:20:18","date_gmt":"2022-01-20T12:20:18","guid":{"rendered":"https:\/\/ddt.lv\/lv\/product\/led-candle-e14-8w-230v-900lm-4000k-spuldze-emos\/"},"modified":"2026-04-08T14:41:22","modified_gmt":"2026-04-08T11:41:22","slug":"led-candle-e14-8w-230v-900lm-4000k-spuldze-emos","status":"publish","type":"product","link":"https:\/\/ddt.lv\/lv\/product\/led-candle-e14-8w-230v-900lm-4000k-spuldze-emos\/","title":{"rendered":"LED Candle E14 8W 230V 900lm 4000K spuldze EMOS"},"content":{"rendered":"<p>Ener\u0123ijas pat\u0113ri\u0146\u0161 8 W.<br \/>\nKalpo\u0161anas laiks 20 000 stundu.<br \/>\nStara le\u0146\u0137is 250\u00b0.<br \/>\nIzm\u0113ri 38 \u00d7 112 mm<br \/>\nligzda (spuldzes tur\u0113t\u0101js) E14.<br \/>\nLED tehnolo\u0123ija.<br \/>\nkr\u0101su render\u0113\u0161anas indekss (CRI) Ra&gt; 80.<br \/>\nKlasisk\u0101 60 W baro\u0161anas avota nomai\u0146a.<br \/>\nHromatiskuma temperat\u016bra 4000 \u00b0K.<br \/>\nener\u0123ijas klase A+.<br \/>\np\u0101rsl\u0113g\u0161anas ciklu skaits 15 000.<\/p>","protected":false},"excerpt":{"rendered":"<p>Ener\u0123ijas pat\u0113ri\u0146\u0161 8 W. Kalpo\u0161anas laiks 20 000 stundu. Stara le\u0146\u0137is 250\u00b0. Izm\u0113ri 38 \u00d7 112 mm ligzda (spuldzes tur\u0113t\u0101js) E14. LED tehnolo\u0123ija. kr\u0101su render\u0113\u0161anas indekss (CRI) Ra&gt; 80. Klasisk\u0101 60 W baro\u0161anas avota nomai\u0146a. Hromatiskuma temperat\u016bra 4000 \u00b0K. ener\u0123ijas klase A+. p\u0101rsl\u0113g\u0161anas ciklu skaits 15 000.<\/p>\n","protected":false},"featured_media":32208,"comment_status":"closed","ping_status":"closed","template":"","meta":{"inline_featured_image":false},"product_cat":[772,851],"product_tag":[],"yst_prominent_words":[],"class_list":{"0":"post-32039","1":"product","2":"type-product","3":"status-publish","4":"has-post-thumbnail","6":"product_cat-atlaides","7":"product_cat-e14-spuldzes","9":"first","10":"outofstock","11":"sale","12":"taxable","13":"shipping-taxable","14":"purchasable","15":"product-type-simple"},"jetpack_sharing_enabled":true,"_links":{"self":[{"href":"https:\/\/ddt.lv\/lv\/wp-json\/wp\/v2\/product\/32039"}],"collection":[{"href":"https:\/\/ddt.lv\/lv\/wp-json\/wp\/v2\/product"}],"about":[{"href":"https:\/\/ddt.lv\/lv\/wp-json\/wp\/v2\/types\/product"}],"replies":[{"embeddable":true,"href":"https:\/\/ddt.lv\/lv\/wp-json\/wp\/v2\/comments?post=32039"}],"wp:featuredmedia":[{"embeddable":true,"href":"https:\/\/ddt.lv\/lv\/wp-json\/wp\/v2\/media\/32208"}],"wp:attachment":[{"href":"https:\/\/ddt.lv\/lv\/wp-json\/wp\/v2\/media?parent=32039"}],"wp:term":[{"taxonomy":"product_cat","embeddable":true,"href":"https:\/\/ddt.lv\/lv\/wp-json\/wp\/v2\/product_cat?post=32039"},{"taxonomy":"product_tag","embeddable":true,"href":"https:\/\/ddt.lv\/lv\/wp-json\/wp\/v2\/product_tag?post=32039"},{"taxonomy":"yst_prominent_words","embeddable":true,"href":"https:\/\/ddt.lv\/lv\/wp-json\/wp\/v2\/yst_prominent_words?post=32039"}],"curies":[{"name":"wp","href":"https:\/\/api.w.org\/{rel}","templated":true}]}}