{"id":32035,"date":"2022-01-20T14:20:15","date_gmt":"2022-01-20T12:20:15","guid":{"rendered":"https:\/\/ddt.lv\/lv\/product\/mr16-28w-gu5-3-12v-380lm-2700k-36-eco-halogenspuldze-emos\/"},"modified":"2026-04-01T00:21:36","modified_gmt":"2026-03-31T21:21:36","slug":"mr16-28w-gu5-3-12v-380lm-2700k-36-eco-halogenspuldze-emos","status":"publish","type":"product","link":"https:\/\/ddt.lv\/lv\/product\/mr16-28w-gu5-3-12v-380lm-2700k-36-eco-halogenspuldze-emos\/","title":{"rendered":"MR16 28W GU5.3 12V 380lm 2700K 36\u00b0 ECO halog\u0113nspuldze EMOS"},"content":{"rendered":"<p>GU5.3<br \/>\ngaismas kr\u0101sa silti balta.<br \/>\n35 W spuldzes nomai\u0146a.<br \/>\nelektroener\u0123ijas pat\u0113ri\u0146\u0161 28 W.<br \/>\ngaismas pl\u016bsma 300 lm.<br \/>\nforma MR16.<br \/>\nhromatiskuma temperat\u016bra 2 700 K.<br \/>\nspriegums 12 V.<br \/>\nstara le\u0146\u0137is 36\u00b0.<br \/>\nkr\u0101su render\u0113\u0161anas indekss (CRI) 95.<br \/>\nkalpo\u0161anas laiks 2000 stundas.<\/p>","protected":false},"excerpt":{"rendered":"<p>GU5.3 gaismas kr\u0101sa silti balta. 35 W spuldzes nomai\u0146a. elektroener\u0123ijas pat\u0113ri\u0146\u0161 28 W. gaismas pl\u016bsma 300 lm. forma MR16. hromatiskuma temperat\u016bra 2 700 K. spriegums 12 V. stara le\u0146\u0137is 36\u00b0. kr\u0101su render\u0113\u0161anas indekss (CRI) 95. kalpo\u0161anas laiks 2000 stundas.<\/p>\n","protected":false},"featured_media":32214,"comment_status":"closed","ping_status":"closed","template":"","meta":{"inline_featured_image":false},"product_cat":[1365],"product_tag":[],"yst_prominent_words":[],"class_list":{"0":"post-32035","1":"product","2":"type-product","3":"status-publish","4":"has-post-thumbnail","6":"product_cat-eco-halogen-spuldzes","8":"first","9":"outofstock","10":"taxable","11":"shipping-taxable","12":"purchasable","13":"product-type-simple"},"jetpack_sharing_enabled":true,"_links":{"self":[{"href":"https:\/\/ddt.lv\/lv\/wp-json\/wp\/v2\/product\/32035"}],"collection":[{"href":"https:\/\/ddt.lv\/lv\/wp-json\/wp\/v2\/product"}],"about":[{"href":"https:\/\/ddt.lv\/lv\/wp-json\/wp\/v2\/types\/product"}],"replies":[{"embeddable":true,"href":"https:\/\/ddt.lv\/lv\/wp-json\/wp\/v2\/comments?post=32035"}],"wp:featuredmedia":[{"embeddable":true,"href":"https:\/\/ddt.lv\/lv\/wp-json\/wp\/v2\/media\/32214"}],"wp:attachment":[{"href":"https:\/\/ddt.lv\/lv\/wp-json\/wp\/v2\/media?parent=32035"}],"wp:term":[{"taxonomy":"product_cat","embeddable":true,"href":"https:\/\/ddt.lv\/lv\/wp-json\/wp\/v2\/product_cat?post=32035"},{"taxonomy":"product_tag","embeddable":true,"href":"https:\/\/ddt.lv\/lv\/wp-json\/wp\/v2\/product_tag?post=32035"},{"taxonomy":"yst_prominent_words","embeddable":true,"href":"https:\/\/ddt.lv\/lv\/wp-json\/wp\/v2\/yst_prominent_words?post=32035"}],"curies":[{"name":"wp","href":"https:\/\/api.w.org\/{rel}","templated":true}]}}