{"id":32014,"date":"2022-01-19T16:10:15","date_gmt":"2022-01-19T14:10:15","guid":{"rendered":"https:\/\/ddt.lv\/lv\/product\/led-gu10-6w-240v-105-480lm-6500k-spuldze-inesa\/"},"modified":"2026-04-13T09:51:14","modified_gmt":"2026-04-13T06:51:14","slug":"led-gu10-6w-240v-105-480lm-6500k-spuldze-inesa","status":"publish","type":"product","link":"https:\/\/ddt.lv\/lv\/product\/led-gu10-6w-240v-105-480lm-6500k-spuldze-inesa\/","title":{"rendered":"LED GU10 6W 240V 105&#8242; 480lm 6500K spuldze INESA"},"content":{"rendered":"<p>Nomin\u0101l\u0101 jauda 6W.<br \/>\nNomin\u0101lais spriegums 220-240V.<br \/>\nDarba frekvence 50\/60Hz<br \/>\nNomin\u0101l\u0101 str\u0101va 60 mA.<br \/>\nL\u012bdzv\u0113rt\u012bgas kv\u0113lspuldzes jauda 40W.<br \/>\nNomin\u0101l\u0101 gaismas pl\u016bsma 432 lm.<br \/>\nNomin\u0101lais stara le\u0146\u0137is (pusp\u012b\u0137a v\u0113rt\u012bba) 105\u00b0.<br \/>\nKorel\u0113t\u0101 kr\u0101su temperat\u016bra 6500K.<br \/>\nKr\u0101su atveido\u0161anas indekss (Ra) 80 Ra.<br \/>\nKop\u0113jais diametrs 50 mm.<br \/>\nKop\u0113jais augstums 56,5 mm.<br \/>\nLampas forma GU10.<br \/>\nNomin\u0101lais kalpo\u0161anas laiks 15 000 h.<\/p>","protected":false},"excerpt":{"rendered":"<p>&nbsp;<\/p>\n<p>&nbsp;<\/p>\n<p>&nbsp;<\/p>\n","protected":false},"featured_media":32218,"comment_status":"closed","ping_status":"closed","template":"","meta":{"inline_featured_image":false},"product_cat":[772,852],"product_tag":[],"yst_prominent_words":[],"class_list":{"0":"post-32014","1":"product","2":"type-product","3":"status-publish","4":"has-post-thumbnail","6":"product_cat-atlaides","7":"product_cat-gu10-spuldzes","9":"first","10":"instock","11":"sale","12":"taxable","13":"shipping-taxable","14":"purchasable","15":"product-type-simple"},"jetpack_sharing_enabled":true,"_links":{"self":[{"href":"https:\/\/ddt.lv\/lv\/wp-json\/wp\/v2\/product\/32014"}],"collection":[{"href":"https:\/\/ddt.lv\/lv\/wp-json\/wp\/v2\/product"}],"about":[{"href":"https:\/\/ddt.lv\/lv\/wp-json\/wp\/v2\/types\/product"}],"replies":[{"embeddable":true,"href":"https:\/\/ddt.lv\/lv\/wp-json\/wp\/v2\/comments?post=32014"}],"wp:featuredmedia":[{"embeddable":true,"href":"https:\/\/ddt.lv\/lv\/wp-json\/wp\/v2\/media\/32218"}],"wp:attachment":[{"href":"https:\/\/ddt.lv\/lv\/wp-json\/wp\/v2\/media?parent=32014"}],"wp:term":[{"taxonomy":"product_cat","embeddable":true,"href":"https:\/\/ddt.lv\/lv\/wp-json\/wp\/v2\/product_cat?post=32014"},{"taxonomy":"product_tag","embeddable":true,"href":"https:\/\/ddt.lv\/lv\/wp-json\/wp\/v2\/product_tag?post=32014"},{"taxonomy":"yst_prominent_words","embeddable":true,"href":"https:\/\/ddt.lv\/lv\/wp-json\/wp\/v2\/yst_prominent_words?post=32014"}],"curies":[{"name":"wp","href":"https:\/\/api.w.org\/{rel}","templated":true}]}}