{"id":31973,"date":"2022-01-19T14:40:18","date_gmt":"2022-01-19T12:40:18","guid":{"rendered":"https:\/\/ddt.lv\/lv\/product\/stabilizets-barosanas-bloks-ar-sledzi-12v-100ma-tv-antenai-emos\/"},"modified":"2026-04-08T14:41:17","modified_gmt":"2026-04-08T11:41:17","slug":"stabilizets-barosanas-bloks-ar-sledzi-12v-100ma-tv-antenai-emos","status":"publish","type":"product","link":"https:\/\/ddt.lv\/lv\/product\/stabilizets-barosanas-bloks-ar-sledzi-12v-100ma-tv-antenai-emos\/","title":{"rendered":"Stabiliz\u0113ts Baro\u0161anas bloks 12V\/100mA TV antenai EMOS"},"content":{"rendered":"<p>Stabiliz\u0113ts baro\u0161anas avots (adapteris) ar\u00a0 diviem F savienot\u0101jiem \u0113rtai koaksi\u0101l\u0101 kabe\u013ca pievieno\u0161anai.<br \/>\nImpulsu stabiliz\u0113tais baro\u0161anas avots ir paredz\u0113ts priek\u0161pastiprin\u0101t\u0101ju\/pastiprin\u0101t\u0101ju baro\u0161anai maz\u0101s antenu sist\u0113m\u0101s, kur\u0101m nepiecie\u0161ama 12 V l\u012bdzstr\u0101va ar maksim\u0101lo pat\u0113ri\u0146u l\u012bdz 100 mA.<br \/>\nBaro\u0161anas bloks BEN-0712A ir apr\u012bkots ar F ligzd\u0101m F savienot\u0101ju pievieno\u0161anai, kas iev\u0113rojami pa\u0101trina un vienk\u0101r\u0161o koaksi\u0101l\u0101 kabe\u013ca uzst\u0101d\u012b\u0161anu.<br \/>\nStr\u0101vas padeve BEN-0712A ir apr\u012bkota ar aizsardz\u012bbas \u0137\u0113di pret nejau\u0161u \u012bssavienojumu antenas ieej\u0101. Gaismas diode nor\u0101da uz izejas sprieguma esam\u012bbu un pareizu baro\u0161anas avota darb\u012bbu.<br \/>\nIntegr\u0113tais baro\u0161anas avots \u013cauj darbin\u0101t priek\u0161pastiprin\u0101t\u0101ju\/pastiprin\u0101t\u0101ju, kas atrodas antenas kast\u0113, izmantojot to pa\u0161u koaksi\u0101lo kabeli, pa kuru DVB-T sign\u0101ls tiek p\u0101rraid\u012bts uz televizoru.<\/p>","protected":false},"excerpt":{"rendered":"<p>Stabiliz\u0113ts baro\u0161anas avots (adapteris) ar\u00a0 diviem F savienot\u0101jiem \u0113rtai koaksi\u0101l\u0101 kabe\u013ca pievieno\u0161anai. Impulsu stabiliz\u0113tais baro\u0161anas avots ir paredz\u0113ts priek\u0161pastiprin\u0101t\u0101ju\/pastiprin\u0101t\u0101ju baro\u0161anai maz\u0101s antenu sist\u0113m\u0101s, kur\u0101m nepiecie\u0161ama 12 V l\u012bdzstr\u0101va ar maksim\u0101lo pat\u0113ri\u0146u l\u012bdz 100 mA. Baro\u0161anas bloks BEN-0712A ir apr\u012bkots ar F ligzd\u0101m F savienot\u0101ju pievieno\u0161anai, kas iev\u0113rojami pa\u0101trina un vienk\u0101r\u0161o koaksi\u0101l\u0101 kabe\u013ca uzst\u0101d\u012b\u0161anu. Str\u0101vas padeve [&hellip;]<\/p>\n","protected":false},"featured_media":31974,"comment_status":"closed","ping_status":"closed","template":"","meta":{"inline_featured_image":false},"product_cat":[699],"product_tag":[],"yst_prominent_words":[],"class_list":{"0":"post-31973","1":"product","2":"type-product","3":"status-publish","4":"has-post-thumbnail","6":"product_cat-ara-antenas","8":"first","9":"instock","10":"taxable","11":"shipping-taxable","12":"purchasable","13":"product-type-simple"},"jetpack_sharing_enabled":true,"_links":{"self":[{"href":"https:\/\/ddt.lv\/lv\/wp-json\/wp\/v2\/product\/31973"}],"collection":[{"href":"https:\/\/ddt.lv\/lv\/wp-json\/wp\/v2\/product"}],"about":[{"href":"https:\/\/ddt.lv\/lv\/wp-json\/wp\/v2\/types\/product"}],"replies":[{"embeddable":true,"href":"https:\/\/ddt.lv\/lv\/wp-json\/wp\/v2\/comments?post=31973"}],"wp:featuredmedia":[{"embeddable":true,"href":"https:\/\/ddt.lv\/lv\/wp-json\/wp\/v2\/media\/31974"}],"wp:attachment":[{"href":"https:\/\/ddt.lv\/lv\/wp-json\/wp\/v2\/media?parent=31973"}],"wp:term":[{"taxonomy":"product_cat","embeddable":true,"href":"https:\/\/ddt.lv\/lv\/wp-json\/wp\/v2\/product_cat?post=31973"},{"taxonomy":"product_tag","embeddable":true,"href":"https:\/\/ddt.lv\/lv\/wp-json\/wp\/v2\/product_tag?post=31973"},{"taxonomy":"yst_prominent_words","embeddable":true,"href":"https:\/\/ddt.lv\/lv\/wp-json\/wp\/v2\/yst_prominent_words?post=31973"}],"curies":[{"name":"wp","href":"https:\/\/api.w.org\/{rel}","templated":true}]}}