{"id":31970,"date":"2022-01-19T14:40:16","date_gmt":"2022-01-19T12:40:16","guid":{"rendered":"https:\/\/ddt.lv\/lv\/product\/tv-r-sienas-gala-kontaktligzda-1db-terminals-emos\/"},"modified":"2026-04-08T14:41:17","modified_gmt":"2026-04-08T11:41:17","slug":"tv-r-sienas-gala-kontaktligzda-1db-terminals-emos","status":"publish","type":"product","link":"https:\/\/ddt.lv\/lv\/product\/tv-r-sienas-gala-kontaktligzda-1db-terminals-emos\/","title":{"rendered":"TV R  sienas gala kontaktligzda -1dB (termin\u0101ls) EMOS"},"content":{"rendered":"<p>gala kontaktligzda.<br \/>\ngal\u012bgais v\u0101jin\u0101jums 1 dB.<br \/>\napz\u012bm\u0113jums TV (1) + R (2).<br \/>\nIEC savienot\u0101ja tips.<br \/>\nizm\u0113rs 26 \u00d7 60 \u00d7 60 mm.<\/p>","protected":false},"excerpt":{"rendered":"<p>gala kontaktligzda. gal\u012bgais v\u0101jin\u0101jums 1 dB. apz\u012bm\u0113jums TV (1) + R (2). IEC savienot\u0101ja tips. izm\u0113rs 26 \u00d7 60 \u00d7 60 mm.<\/p>\n","protected":false},"featured_media":31985,"comment_status":"closed","ping_status":"closed","template":"","meta":{"inline_featured_image":false},"product_cat":[1305],"product_tag":[],"yst_prominent_words":[],"class_list":{"0":"post-31970","1":"product","2":"type-product","3":"status-publish","4":"has-post-thumbnail","6":"product_cat-tv-ligzdas","8":"first","9":"instock","10":"taxable","11":"shipping-taxable","12":"purchasable","13":"product-type-simple"},"jetpack_sharing_enabled":true,"_links":{"self":[{"href":"https:\/\/ddt.lv\/lv\/wp-json\/wp\/v2\/product\/31970"}],"collection":[{"href":"https:\/\/ddt.lv\/lv\/wp-json\/wp\/v2\/product"}],"about":[{"href":"https:\/\/ddt.lv\/lv\/wp-json\/wp\/v2\/types\/product"}],"replies":[{"embeddable":true,"href":"https:\/\/ddt.lv\/lv\/wp-json\/wp\/v2\/comments?post=31970"}],"wp:featuredmedia":[{"embeddable":true,"href":"https:\/\/ddt.lv\/lv\/wp-json\/wp\/v2\/media\/31985"}],"wp:attachment":[{"href":"https:\/\/ddt.lv\/lv\/wp-json\/wp\/v2\/media?parent=31970"}],"wp:term":[{"taxonomy":"product_cat","embeddable":true,"href":"https:\/\/ddt.lv\/lv\/wp-json\/wp\/v2\/product_cat?post=31970"},{"taxonomy":"product_tag","embeddable":true,"href":"https:\/\/ddt.lv\/lv\/wp-json\/wp\/v2\/product_tag?post=31970"},{"taxonomy":"yst_prominent_words","embeddable":true,"href":"https:\/\/ddt.lv\/lv\/wp-json\/wp\/v2\/yst_prominent_words?post=31970"}],"curies":[{"name":"wp","href":"https:\/\/api.w.org\/{rel}","templated":true}]}}